{"id":297,"date":"2020-04-20T18:23:33","date_gmt":"2020-04-20T16:23:33","guid":{"rendered":"http:\/\/www.vinquotidien.com\/?page_id=297"},"modified":"2020-04-20T18:23:34","modified_gmt":"2020-04-20T16:23:34","slug":"protection-de-la-vie-privee","status":"publish","type":"page","link":"https:\/\/www.vinquotidien.com\/fr\/protection-de-la-vie-privee\/","title":{"rendered":"Protection de la vie priv\u00e9e"},"content":{"rendered":"\n<h1 class=\"wp-block-heading\">VinQuotidien applique la R\u00e8glement (UE) 2016\/679 du Parlement europ\u00e9en et du Conseil du 27 avril 2016 relatif \u00e0 la protection des personnes physiques \u00e0 l&rsquo;\u00e9gard du traitement des donn\u00e9es \u00e0 caract\u00e8re personnel et \u00e0 la libre circulation de ces donn\u00e9es ou \u00ab\u00a0The General Data Protection Regulation (GDPR)\u00a0\u00bb<\/h1>\n\n\n\n<p>Le responsable du traitement de vos donn\u00e9es \u00e0 caract\u00e8re personnel est VinQuotidien.<\/p>\n\n\n\n<p>Lorsque nous r\u00e9f\u00e9rons dans cette politique de protection de la vie priv\u00e9e aux \u2018donn\u00e9es personnelles\u2019, nous d\u00e9signons par ce terme l\u2019information que vous nous donnez \u00e0 votre sujet, tel que votre nom, adresse, adresse e-mail et num\u00e9ro de t\u00e9l\u00e9phone, mais \u00e9galement les articles que vous avez achet\u00e9 ou par exemple des e-mails que vous nous avez envoy\u00e9. En communiquant vos donn\u00e9es personnelles, vous affirmez avoir pris connaissance de cette Politique de protection de la vie priv\u00e9e et l\u2019acceptez explicitement ainsi que son traitement propre.<\/p>\n\n\n\n<h3 class=\"wp-block-heading\">1. Donn\u00e9es anonymes<\/h3>\n\n\n\n<p>Ce sont les donn\u00e9es que vous nous partagez sans registration: adresse IP, historique, origine, mots cl\u00e9s. Nous utilisons ces donn\u00e9es afin d\u2019am\u00e9liorer et d\u2019optimaliser notre site en ligne. Cela implique que nous utilisons les donn\u00e9es personnelles dans des statistiques anonymes, dans lesquelles l\u2019identit\u00e9 de personnes particuli\u00e8res ou d\u2019entreprises ne sait pas \u00eatre d\u00e9voil\u00e9e, avec comme fondement juridique les int\u00e9r\u00eats l\u00e9gitimes de VinQuotidien visant \u00e0 am\u00e9liorer perp\u00e9tuellement son site en ligne et sa prestation de services.<\/p>\n\n\n\n<h3 class=\"wp-block-heading\">2. Cookies<\/h3>\n\n\n\n<p>Le site en ligne utilise \u00e9galement des cookies qui collectent un nombre de donn\u00e9es personnelles avec comme fondement juridique votre autorisation expresse et pr\u00e9alable. Nous utilisons ces donn\u00e9es pour am\u00e9liorer et optimaliser notre site en ligne.<\/p>\n\n\n\n<h3 class=\"wp-block-heading\">3. Votre compte<\/h3>\n\n\n\n<p>Sur notre site en ligne vous pouvez cr\u00e9er un compte. Les donn\u00e9es suivantes sont notamment sauvegard\u00e9es dans votre compte : votre nom, adresse(s), num\u00e9ro de t\u00e9l\u00e9phone, adresse e-mail, donn\u00e9es de livraison et de paiement ainsi qu\u2019\u00e9ventuellement les informations fournies et vos int\u00e9r\u00eats. Nous conservons ces donn\u00e9es afin que vous ne deviez pas les remplir \u00e0 chaque visite sur notre site en ligne ou lors de chaque commande. En outre, nous utilisons les donn\u00e9es personnelles fournies afin de vous contacter en cas de questions ou de remarques \u00e0 propos de votre commande ou pour demander votre opinion La gestion de votre compte sur ce site internet a comme base juridique l\u2019ex\u00e9cution d\u2019un contrat sur votre demande. Vous pouvez, \u00e0 tout moment, annuler votre compte.<\/p>\n\n\n\n<h3 class=\"wp-block-heading\">4. Commander en ligne ou r\u00e9server<\/h3>\n\n\n\n<p>Nous avons besoin de votre nom, adresse e-mail, adresse(s), donn\u00e9es de paiement et votre num\u00e9ro de t\u00e9l\u00e9phone lors de votre commande ou r\u00e9servation. Nous avons besoin de ces informations pour assurer la livraison et facturation des articles command\u00e9s, avec comme fondement juridique l\u2019ex\u00e9cution d\u2019une prestation de service \u00e0 votre demande. Nous utilisons ces donn\u00e9es pour livrer votre commande, vous tenir au courant du statut de votre commande ou r\u00e9servation ou afin de vous contacter en cas de questions ou de remarques au sujet de votre commande.<\/p>\n\n\n\n<p>Si vous placez une commande chez VinQuotidien vous utiliser pour ce faire votre compte, celle-ci sera enregistr\u00e9e sous ce nom. Ces donn\u00e9es sont utilis\u00e9es dans le cadre d\u2019envoi d\u2019informations, d\u2019analyses statistiques et g\u00e9n\u00e9rales sur votre comportement d\u2019achat ainsi qu\u2019\u00e0 des fins de profilage..<\/p>\n\n\n\n<h3 class=\"wp-block-heading\">5. Fraude<\/h3>\n\n\n\n<p>Vos donn\u00e9es de paiement peuvent \u00eatre utilis\u00e9es afin de d\u00e9tecter une fraude ou d\u2019autres irr\u00e9gularit\u00e9s..<\/p>\n\n\n\n<h3 class=\"wp-block-heading\">6. Inscription \u00e0 la newsletter<\/h3>\n\n\n\n<p>Vous pouvez vous inscrire afin de recevoir nos diff\u00e9rentes newsletter. Lors de l\u2019inscription, nous vous demandons votre nom, adresse e-mail, num\u00e9ro de t\u00e9l\u00e9phone, date de naissance et int\u00e9r\u00eats. Ainsi nous vous tenons au courant de nos actions, promotions, des derni\u00e8res tendances et nous pouvons vous inviter \u00e0 des \u00e9v\u00e9nements. Nous avons des newsletter g\u00e9n\u00e9rales et personnelles. Les newsletter personnelles sont envoy\u00e9es en fonction de vos donn\u00e9es telles que vos commandes, achats et comportement d\u2019achats pr\u00e9c\u00e9dents. Ici vaut comme fondement juridique votre autorisation expresse et pr\u00e9alable. Si vous ne souhaitez plus recevoir de newsletter de notre part, vous pouvez vous d\u00e9sinscrire \u00e0 tout moment en cliquant sur le lien en-dessous de l\u2019e-mail que vous recevez.<\/p>\n\n\n\n<h3 class=\"wp-block-heading\">7. Qui a acc\u00e8s \u00e0 vos donn\u00e9es?<\/h3>\n\n\n\n<p>Afin de pouvoir traiter vos donn\u00e9es personnelles, nos employ\u00e9s ont acc\u00e8s \u00e0 vos donn\u00e9es personnelles. Au sein de VinQuotidien vos donn\u00e9es sont uniquement accessibles aux personnes responsables qui en ont besoin dans l\u2019exercice de leur fonction. Nous garantissons r\u00e9percuter un niveau de protection semblable par des obligations contractuelles \u00e0 ces employ\u00e9s en fonction, \u00e9quivalant \u00e0 la Politique de protection de la vie priv\u00e9e.<\/p>\n\n\n\n<h3 class=\"wp-block-heading\">8. Communication aux tiers<\/h3>\n\n\n\n<p>Nous faisons occasionnellement appel \u00e0 une soci\u00e9t\u00e9 externe pour la prestation de certains services. Ces services peuvent \u00eatre des prestations de livraison, la gestion des paiements par carte de cr\u00e9dit\/d\u00e9bit, des activit\u00e9s marketing et l\u2019exercice de notre service client\u00e8le. Cela veut dire que nous communiquons temporairement des donn\u00e9es personnelles \u00e0 des tiers pour certaines t\u00e2ches ou enqu\u00eates parce qu\u2019ils en ont besoin afin de mener \u00e0 bien les services demand\u00e9s par VinQuotidien et par cons\u00e9quent par vous. Ceci est contractuellement d\u00e9fini avec ces prestataires de services et les donn\u00e9es partag\u00e9es aux tiers sont strictement limit\u00e9es aux besoins n\u00e9cessaires. Ainsi ces prestataires de services ne pourront en aucun cas utiliser vos donn\u00e9es sur propre initiative et vos donn\u00e9es doivent \u00eatre supprim\u00e9es d\u00e8s que leur mission est accomplie. Des tiers sont contr\u00f4l\u00e9s rigoureusement par VinQuotidien afin d\u2019\u00eatre s\u00fbr que votre vie priv\u00e9e reste prot\u00e9g\u00e9e.<\/p>\n\n\n\n<p>VinQuotidien ne vendra, ne louera, ne partagera ou ne mettra en aucun cas vos donn\u00e9es personnelles \u00e0 disposition d\u2019un tiers, sauf dans les cas mentionn\u00e9s ci-dessus ou si nous disposons de votre accord au pr\u00e9alable.<\/p>\n\n\n\n<h3 class=\"wp-block-heading\">9. Dur\u00e9e de conservation des donn\u00e9es<\/h3>\n\n\n\n<p>Toutes les donn\u00e9es personnelles sont conserv\u00e9es et trait\u00e9es pour toute la p\u00e9riode n\u00e9cessaire pour atteindre les objectifs du traitement des donn\u00e9es et en fonction de la relation contractuelle entre vous et VinQuotidien.<\/p>\n\n\n\n<h2 class=\"wp-block-heading\">Politique en mati\u00e8re de cookies<\/h2>\n\n\n\n<p>Notre site Web utilise des cookies et d&rsquo;autres techniques. Afin de prot\u00e9ger votre vie priv\u00e9e et d&rsquo;am\u00e9liorer le fonctionnement notre site, nous aimerions vous informer de la mani\u00e8re dont nous appliquons ces techniques. Qu&rsquo;est-ce qu&rsquo;un cookie ?<\/p>\n\n\n\n<p>Un cookie est un fichier texte que notre site Web place sur le disque dur de votre appareil lorsque vous visitez notre boutique en ligne. Responsable du traitement de vos donn\u00e9es<\/p>\n\n\n\n<p>VinQuotidien c\/o ICTGO SPRL, num\u00e9ro d&rsquo;entreprise 0631.732.690, 197 Grote Baan, 1650 Beersel est responsable du traitement de vos donn\u00e9es comme d\u00e9crit sur cette page. Quelles sont nos autres techniques?<\/p>\n\n\n\n<p>JavaScript est une autre technique Internet standard qui garantit, entre autres, que le syst\u00e8me peut recueillir des informations aupr\u00e8s de l&rsquo;utilisateur. Les cookies et d&rsquo;autres techniques telles que Javascript sont utilis\u00e9s sur presque toutes les boutiques en ligne existantes. En les utilisant, nous nous assurons, entre autres, que:<\/p>\n\n\n\n<ol class=\"wp-block-list\"><li>La visite de la boutique en ligne devient plus facile.<\/li><li>Lorsque vous visitez notre boutique en ligne, les informations saisies peuvent \u00eatre stock\u00e9es afin que vous n&rsquo;ayez pas \u00e0 remplir ces informations plusieurs fois.<\/li><li>Vous pouvez utiliser un panier enregistr\u00e9.<\/li><li>Nous pouvons continuellement am\u00e9liorer notre boutique en ligne.<\/li><li>Nous pouvons afficher des annonces pertinentes en fonction de vos propres centres d&rsquo;int\u00e9r\u00eat.<\/li><li>Nous pouvons afficher une boutique en ligne optimis\u00e9e sur l&rsquo;appareil que vous utilisez pour visiter la boutique en ligne.<\/li><\/ol>\n\n\n\n<p>Nous utilisons les cookies suivants:<\/p>\n\n\n\n<figure class=\"wp-block-table\"><table><thead><tr><th>Cookie Name<\/th><th>Cookie Description<\/th><\/tr><\/thead><tbody><tr><td><code>USER_ALLOWED_SAVE_COOKIE<\/code><\/td><td>Indique si un client est autoris\u00e9 \u00e0 utiliser des cookies.<\/td><\/tr><tr><td><code>external_no_cache<\/code><\/td><td>Un indicateur qui indique si la mise en cache est d\u00e9sactiv\u00e9e.<\/td><\/tr><tr><td><code>persistent_shopping_cart<\/code><\/td><td>The session key.<\/td><\/tr><tr><td><code>Stf<\/code><\/td><td>If product links were sent to friends, stores the timestamps in the format: <code>$timeStamp1<\/code>, <code>$timestamp2<\/code>, &#8230;, <code>$timestampN<\/code>.<\/td><\/tr><tr><td><code>pollN<\/code><\/td><td>A poll ID that indicates if a vote has occurred.<\/td><\/tr><tr><td><code>frontend<\/code><\/td><td>Session ID<\/td><\/tr><tr><td><code>guest-view<\/code><\/td><td>Allows guests to edit their orders.<\/td><\/tr><\/tbody><\/table><\/figure>\n\n\n\n<p>Cookies de tierces parties<\/p>\n\n\n\n<p>En raison du fonctionnement d&rsquo;Internet et des sites Web, il se peut que nous n&rsquo;ayons pas toujours un aper\u00e7u des cookies plac\u00e9s par des tiers via notre site Web. Ceci est soumis \u00e0 la politique de cookies de la tierce partie. Param\u00e8tres du navigateur<\/p>\n\n\n\n<p>Si vous ne souhaitez pas que nous stockions des cookies sur votre ordinateur, veuillez modifier les param\u00e8tres de votre navigateur. Vous recevrez alors un message avant que les cookies ne soient plac\u00e9s. Vous pouvez supprimer les cookies qui ont d\u00e9j\u00e0 \u00e9t\u00e9 plac\u00e9s. Veuillez noter que ce param\u00e8tre doit \u00eatre d\u00e9fini s\u00e9par\u00e9ment pour chaque navigateur ou appareil. En outre, nous attirons votre attention sur le fait que si les cookies sont d\u00e9sactiv\u00e9s, nous ne pouvons pas garantir le bon fonctionnement de notre boutique en ligne. Pour modifier vos param\u00e8tres de cookies, veuillez-vous r\u00e9f\u00e9rer au manuel du navigateur que vous utilisez:<\/p>\n\n\n\n<ul class=\"wp-block-list\"><li>Chrome<\/li><li>Firefox<\/li><li>Internet Explorer<\/li><li>Edge<\/li><li>Safari (iOS)<\/li><li>Safari (macOS)<\/li><\/ul>\n\n\n\n<p>Notre politique de confidentialit\u00e9 Outre l&rsquo;utilisation de cookies, vos donn\u00e9es personnelles sont \u00e9galement trait\u00e9es. Vous trouverez plus d&rsquo;informations \u00e0 ce sujet dans notre politique de confidentialit\u00e9. S\u00e9curit\u00e9 de vos donn\u00e9es personnelles<\/p>\n\n\n\n<p>Nous avons pris des mesures techniques pour prot\u00e9ger vos donn\u00e9es personnelles contre la perte ou le traitement illicite. Vos donn\u00e9es personnelles<\/p>\n\n\n\n<p>Vous pouvez nous demander de consulter vos donn\u00e9es personnelles. Vous pouvez \u00e9galement nous demander de modifier ou de corriger vos donn\u00e9es personnelles. Vous avez un compte ? Il est alors possible de modifier vos donn\u00e9es personnelles en ligne avec les informations de votre compte. Liens vers d&rsquo;autres sites Web<\/p>\n\n\n\n<p>Notre site Web peut contenir des liens vers d&rsquo;autres sites Web int\u00e9ressants. Veuillez noter que si vous utilisez ces liens, vous quitterez notre site et nous n&rsquo;aurons plus aucun contr\u00f4le. Nous ne pouvons \u00eatre tenus responsables de la protection et de la confidentialit\u00e9 des informations que vous partagez lorsque vous visitez ces sites. Ces sites ne sont pas couverts par la pr\u00e9sente d\u00e9claration de confidentialit\u00e9. Soyez vigilant et consultez la d\u00e9claration de confidentialit\u00e9 du site Web en question. Contact<\/p>\n\n\n\n<p>Si vous avez des questions concernant cette page, n&rsquo;h\u00e9sitez pas \u00e0 nous contacter. <br>\u00a9 Legal Online<\/p>\n","protected":false},"excerpt":{"rendered":"<p>VinQuotidien applique la R\u00e8glement (UE) 2016\/679 du Parlement europ\u00e9en et du Conseil du 27 avril 2016 relatif \u00e0 la protection des personnes physiques \u00e0 l&rsquo;\u00e9gard du traitement des donn\u00e9es \u00e0 caract\u00e8re personnel et \u00e0 la libre circulation de ces donn\u00e9es ou \u00ab\u00a0The General Data Protection Regulation (GDPR)\u00a0\u00bb Le responsable du traitement de vos donn\u00e9es \u00e0 <a href=\"https:\/\/www.vinquotidien.com\/fr\/protection-de-la-vie-privee\/\" class=\"read-more inline\" title=\"Read More\">Read More<\/a><\/p>\n","protected":false},"author":1,"featured_media":0,"parent":0,"menu_order":0,"comment_status":"closed","ping_status":"closed","template":"","meta":{"footnotes":""},"class_list":["post-297","page","type-page","status-publish","hentry"],"_links":{"self":[{"href":"https:\/\/www.vinquotidien.com\/fr\/wp-json\/wp\/v2\/pages\/297","targetHints":{"allow":["GET"]}}],"collection":[{"href":"https:\/\/www.vinquotidien.com\/fr\/wp-json\/wp\/v2\/pages"}],"about":[{"href":"https:\/\/www.vinquotidien.com\/fr\/wp-json\/wp\/v2\/types\/page"}],"author":[{"embeddable":true,"href":"https:\/\/www.vinquotidien.com\/fr\/wp-json\/wp\/v2\/users\/1"}],"replies":[{"embeddable":true,"href":"https:\/\/www.vinquotidien.com\/fr\/wp-json\/wp\/v2\/comments?post=297"}],"version-history":[{"count":0,"href":"https:\/\/www.vinquotidien.com\/fr\/wp-json\/wp\/v2\/pages\/297\/revisions"}],"wp:attachment":[{"href":"https:\/\/www.vinquotidien.com\/fr\/wp-json\/wp\/v2\/media?parent=297"}],"curies":[{"name":"wp","href":"https:\/\/api.w.org\/{rel}","templated":true}]}}