{"id":1387,"date":"2020-04-21T14:51:23","date_gmt":"2020-04-21T12:51:23","guid":{"rendered":"http:\/\/www.vinquotidien.com\/produit\/cava-de-castell-blanc-2\/"},"modified":"2025-10-10T15:47:57","modified_gmt":"2025-10-10T13:47:57","slug":"cava-de-castell-blanc-2","status":"publish","type":"product","link":"https:\/\/www.vinquotidien.com\/fr\/produit\/cava-de-castell-blanc-2\/","title":{"rendered":"Cava Extra Brut &#8211; Bodega Nuviana"},"content":{"rendered":"<p><strong>Vigneron : <\/strong><br \/>\nBodega Nuviana<\/p>\n<p><strong>Appellation : <\/strong><br \/>\nCava<\/p>\n<p><strong>R\u00e9gion : <\/strong><br \/>\nCatalogne \/ Espagne<\/p>\n<p><strong>R\u00e9compenses :<\/strong><\/p>\n<p><strong>Et le vin&#8230;<\/strong><br \/>\nC\u00e9pages : Xarel-lo, Macabeo, Parellada<br \/>\nProportion des sols \u00e9quilibr\u00e9 entre sable et argile<br \/>\nPremi\u00e8re fermentation \u00e0 temp\u00e9ratures basses entre 10 et 12 jours<br \/>\nLe vin est ensuite soutir\u00e9 et clarifi\u00e9 et l&rsquo;assemblage est pr\u00e9par\u00e9, pr\u00eat pour la mise en bouteille et la fermentation secondaire<br \/>\nLe Cava est ensuite affin\u00e9 en bouteille pendant au moins 9 mois avant sa commercialisation<\/p>\n<p><strong>Et dans le verre&#8230;<\/strong><br \/>\nCouleur or p\u00e2le transparente et bulles fines<br \/>\nAr\u00f4mes tr\u00e8s d\u00e9licats avec des parfums de grappe de raisin<br \/>\nAttaque en bouche fra\u00eeche et peu dos\u00e9e, fra\u00eecheur d\u2019agrumes et de citron vert<br \/>\nFinale persistante avec un long et bel \u00e9quilibre<\/p>\n<p><strong>Accords Mets &amp; Vins : <\/strong><br \/>\nSe boit en ap\u00e9ro bien s\u00fbr mais s\u2019accorde aussi bien avec les p\u00e2tes, poissons et desserts<\/p>\n","protected":false},"excerpt":{"rendered":"<p><strong>Vigneron : <\/strong><br \/>\nBodega Nuviana<\/p>\n<p><strong>Appellation : <\/strong><br \/>\nCava<\/p>\n<p><strong>R\u00e9gion : <\/strong><br \/>\nCatalogne \/ Espagne<\/p>\n<p><strong>R\u00e9compenses :<\/strong><\/p>\n","protected":false},"featured_media":7946,"comment_status":"open","ping_status":"closed","template":"","meta":[],"product_brand":[],"product_cat":[28],"product_tag":[],"class_list":{"0":"post-1387","1":"product","2":"type-product","3":"status-publish","4":"has-post-thumbnail","6":"product_cat-bulles","8":"first","9":"instock","10":"taxable","11":"shipping-taxable","12":"purchasable","13":"product-type-simple"},"group_of_quantity":6,"min_quantity":0,"max_quantity":"","exclude_order_quantity_value_rules":"no","exclude_category_quantity_rules":"no","combine_variations":"no","_links":{"self":[{"href":"https:\/\/www.vinquotidien.com\/fr\/wp-json\/wp\/v2\/product\/1387","targetHints":{"allow":["GET"]}}],"collection":[{"href":"https:\/\/www.vinquotidien.com\/fr\/wp-json\/wp\/v2\/product"}],"about":[{"href":"https:\/\/www.vinquotidien.com\/fr\/wp-json\/wp\/v2\/types\/product"}],"replies":[{"embeddable":true,"href":"https:\/\/www.vinquotidien.com\/fr\/wp-json\/wp\/v2\/comments?post=1387"}],"wp:featuredmedia":[{"embeddable":true,"href":"https:\/\/www.vinquotidien.com\/fr\/wp-json\/wp\/v2\/media\/7946"}],"wp:attachment":[{"href":"https:\/\/www.vinquotidien.com\/fr\/wp-json\/wp\/v2\/media?parent=1387"}],"wp:term":[{"taxonomy":"product_brand","embeddable":true,"href":"https:\/\/www.vinquotidien.com\/fr\/wp-json\/wp\/v2\/product_brand?post=1387"},{"taxonomy":"product_cat","embeddable":true,"href":"https:\/\/www.vinquotidien.com\/fr\/wp-json\/wp\/v2\/product_cat?post=1387"},{"taxonomy":"product_tag","embeddable":true,"href":"https:\/\/www.vinquotidien.com\/fr\/wp-json\/wp\/v2\/product_tag?post=1387"}],"curies":[{"name":"wp","href":"https:\/\/api.w.org\/{rel}","templated":true}]}}