{"id":1388,"date":"2020-04-21T14:51:24","date_gmt":"2020-04-21T12:51:24","guid":{"rendered":"http:\/\/www.vinquotidien.com\/produit\/spumante-honor-rose-2\/"},"modified":"2025-01-08T23:58:41","modified_gmt":"2025-01-08T22:58:41","slug":"spumante-honor-rose-2","status":"publish","type":"product","link":"https:\/\/www.vinquotidien.com\/fr\/produit\/spumante-honor-rose-2\/","title":{"rendered":"Honor Rose &#8211; Spumante Extra Dry &#8211; Astoria Wines"},"content":{"rendered":"<p><strong>Vigneron : <\/strong><br \/>\nAstoria Wines<\/p>\n<p><strong>Appellation : <\/strong><br \/>\nVenezia<\/p>\n<p><strong>R\u00e9gion : <\/strong><br \/>\nV\u00e9n\u00e9tie \/ Italie<\/p>\n<p><strong>R\u00e9compenses :<\/strong><\/p>\n<p><strong>Et le vin&#8230;<\/strong><br \/>\nC\u00e9pages : Raboso, Pinot Noir<br \/>\nVendanges manuelles, mac\u00e9ration au contact des peaux<br \/>\nFermentation en cuve inox \u00e0 une temp\u00e9rature contr\u00f4l\u00e9e de 18 \u00b0 C pendant 10-12 jours<br \/>\nApr\u00e8s une p\u00e9riode de vieillissement sur lies nobles afin de stabiliser la couleur, le vin est transf\u00e9r\u00e9 dans un autoclave en acier o\u00f9 se d\u00e9roule la seconde fermentation pendant 20 \u00e0 25 jours<br \/>\nLe vin est ensuite mis en bouteille et repose quelques semaines avant commercialisation<\/p>\n<p><strong>Et dans le verre&#8230;<\/strong><br \/>\nDe couleur rose p\u00e2le lumineuse, la bulle est tr\u00e8s fine et persistante<br \/>\nLe nez s&rsquo;ouvre sur un bouquet riche et complexe de fruits rouges<br \/>\nEn bouche, il est ample et \u00e9quilibr\u00e9, terriblement rafraichissant<\/p>\n<p><strong>Accords Mets &amp; Vins : <\/strong><br \/>\nExcellent \u00e0 l&rsquo;ap\u00e9ritif, il est aussi parfait pour accompagner un dessert aux fruits rouges<\/p>\n","protected":false},"excerpt":{"rendered":"<p><strong>Vigneron : <\/strong><br \/>\nAstoria Wines<\/p>\n<p><strong>Appellation : <\/strong><br \/>\nVenezia<\/p>\n<p><strong>R\u00e9gion : <\/strong><br \/>\nV\u00e9n\u00e9tie \/ Italie<\/p>\n<p><strong>R\u00e9compenses :<\/strong><\/p>\n","protected":false},"featured_media":4912,"comment_status":"open","ping_status":"closed","template":"","meta":[],"product_brand":[],"product_cat":[28],"product_tag":[],"class_list":{"0":"post-1388","1":"product","2":"type-product","3":"status-publish","4":"has-post-thumbnail","6":"product_cat-bulles","8":"first","9":"instock","10":"taxable","11":"shipping-taxable","12":"purchasable","13":"product-type-simple"},"group_of_quantity":6,"min_quantity":0,"max_quantity":"","exclude_order_quantity_value_rules":"no","exclude_category_quantity_rules":"no","combine_variations":"no","_links":{"self":[{"href":"https:\/\/www.vinquotidien.com\/fr\/wp-json\/wp\/v2\/product\/1388","targetHints":{"allow":["GET"]}}],"collection":[{"href":"https:\/\/www.vinquotidien.com\/fr\/wp-json\/wp\/v2\/product"}],"about":[{"href":"https:\/\/www.vinquotidien.com\/fr\/wp-json\/wp\/v2\/types\/product"}],"replies":[{"embeddable":true,"href":"https:\/\/www.vinquotidien.com\/fr\/wp-json\/wp\/v2\/comments?post=1388"}],"wp:featuredmedia":[{"embeddable":true,"href":"https:\/\/www.vinquotidien.com\/fr\/wp-json\/wp\/v2\/media\/4912"}],"wp:attachment":[{"href":"https:\/\/www.vinquotidien.com\/fr\/wp-json\/wp\/v2\/media?parent=1388"}],"wp:term":[{"taxonomy":"product_brand","embeddable":true,"href":"https:\/\/www.vinquotidien.com\/fr\/wp-json\/wp\/v2\/product_brand?post=1388"},{"taxonomy":"product_cat","embeddable":true,"href":"https:\/\/www.vinquotidien.com\/fr\/wp-json\/wp\/v2\/product_cat?post=1388"},{"taxonomy":"product_tag","embeddable":true,"href":"https:\/\/www.vinquotidien.com\/fr\/wp-json\/wp\/v2\/product_tag?post=1388"}],"curies":[{"name":"wp","href":"https:\/\/api.w.org\/{rel}","templated":true}]}}