{"id":1419,"date":"2020-04-21T15:07:26","date_gmt":"2020-04-21T13:07:26","guid":{"rendered":"http:\/\/www.vinquotidien.com\/produit\/closerie-des-lys-rose-fruitieres-3\/"},"modified":"2026-03-10T18:51:08","modified_gmt":"2026-03-10T17:51:08","slug":"closerie-des-lys-rose-fruitieres-3","status":"publish","type":"product","link":"https:\/\/www.vinquotidien.com\/fr\/produit\/closerie-des-lys-rose-fruitieres-3\/","title":{"rendered":"La Closerie des Lys 2025 &#8211; Les Fruiti\u00e8res Ros\u00e9 &#8211; Pays-d\u2019oc"},"content":{"rendered":"<p><strong>Vigneron : <\/strong><br \/>\nDomaine Collovray &amp; Terrier<\/p>\n<p><strong>Appellation : <\/strong><br \/>\nPays-d\u2019oc<\/p>\n<p><strong>R\u00e9gion : <\/strong><br \/>\nLanguedoc<\/p>\n<p><strong>R\u00e9compenses :<\/strong><\/p>\n<p><strong>Et le vin\u2026<\/strong><br \/>\nC\u00e9pages : 35% Cinsault, 35% Syrah, 20% Grenache, 10% Merlot<br \/>\nLes raisins sont vendang\u00e9s et vinifi\u00e9s s\u00e9par\u00e9ment afin d&rsquo;obtenir un jus clair \u00e0 partir de raisins \u00e0 peau rouge<br \/>\nLe pressurage est lent et les jus sont rafra\u00eechis et d\u00e9cantent en cuve inox<br \/>\nApr\u00e8s d\u00e9bourbage les fermentations alcoolique et malolactique se d\u00e9roulent en cuves et l&rsquo;\u00e9levage sur lies fines se prolonge jusqu&rsquo;au mois de f\u00e9vrier<\/p>\n<p><strong>Et dans le verre\u2026<\/strong><br \/>\nRobe claire, nez est floral de rose et fruit\u00e9 de fraise et framboise, l&rsquo;attaque en bouche montre une ampleur peu commune pour un ros\u00e9<br \/>\nUne grand fra\u00eecheur et une belle acidit\u00e9 \u00e9quilibre parfaitement ce ros\u00e9 gourmand<\/p>\n<p><strong>Accords Mets &amp; Vins : <\/strong><br \/>\nLe vin parfait pour un ap\u00e9ro qui se prolonge jusqu\u2019au repas<\/p>\n","protected":false},"excerpt":{"rendered":"<p><strong>Vigneron : <\/strong><br \/>\nDomaine Collovray &amp; Terrier<\/p>\n<p><strong>Appellation : <\/strong><br \/>\nPays-d\u2019oc 2019<\/p>\n<p><strong>R\u00e9gion : <\/strong><br \/>\nLanguedoc<\/p>\n<p><strong>R\u00e9compenses :<\/strong><\/p>\n","protected":false},"featured_media":4914,"comment_status":"open","ping_status":"closed","template":"","meta":[],"product_brand":[],"product_cat":[27],"product_tag":[],"class_list":{"0":"post-1419","1":"product","2":"type-product","3":"status-publish","4":"has-post-thumbnail","6":"product_cat-vin-rose","8":"first","9":"instock","10":"taxable","11":"shipping-taxable","12":"purchasable","13":"product-type-simple"},"group_of_quantity":6,"min_quantity":0,"max_quantity":"","exclude_order_quantity_value_rules":"no","exclude_category_quantity_rules":"no","combine_variations":"no","_links":{"self":[{"href":"https:\/\/www.vinquotidien.com\/fr\/wp-json\/wp\/v2\/product\/1419","targetHints":{"allow":["GET"]}}],"collection":[{"href":"https:\/\/www.vinquotidien.com\/fr\/wp-json\/wp\/v2\/product"}],"about":[{"href":"https:\/\/www.vinquotidien.com\/fr\/wp-json\/wp\/v2\/types\/product"}],"replies":[{"embeddable":true,"href":"https:\/\/www.vinquotidien.com\/fr\/wp-json\/wp\/v2\/comments?post=1419"}],"wp:featuredmedia":[{"embeddable":true,"href":"https:\/\/www.vinquotidien.com\/fr\/wp-json\/wp\/v2\/media\/4914"}],"wp:attachment":[{"href":"https:\/\/www.vinquotidien.com\/fr\/wp-json\/wp\/v2\/media?parent=1419"}],"wp:term":[{"taxonomy":"product_brand","embeddable":true,"href":"https:\/\/www.vinquotidien.com\/fr\/wp-json\/wp\/v2\/product_brand?post=1419"},{"taxonomy":"product_cat","embeddable":true,"href":"https:\/\/www.vinquotidien.com\/fr\/wp-json\/wp\/v2\/product_cat?post=1419"},{"taxonomy":"product_tag","embeddable":true,"href":"https:\/\/www.vinquotidien.com\/fr\/wp-json\/wp\/v2\/product_tag?post=1419"}],"curies":[{"name":"wp","href":"https:\/\/api.w.org\/{rel}","templated":true}]}}