{"id":1424,"date":"2020-04-21T15:09:35","date_gmt":"2020-04-21T13:09:35","guid":{"rendered":"http:\/\/www.vinquotidien.com\/produit\/import-placeholder-for-306\/"},"modified":"2024-10-28T13:37:31","modified_gmt":"2024-10-28T12:37:31","slug":"antugnac-les-terres-amoureuses-2","status":"publish","type":"product","link":"https:\/\/www.vinquotidien.com\/fr\/produit\/antugnac-les-terres-amoureuses-2\/","title":{"rendered":"Terres Amoureuses 2023 &#8211; Domaine Altugnac &#8211; Limoux"},"content":{"rendered":"<p><strong>Vigneron : <\/strong><br \/>\nDomaine Altugnac<\/p>\n<p><strong>Appellation : <\/strong><br \/>\nLimoux Blanc \/ Terroir Haute Vall\u00e9e<\/p>\n<p><strong>R\u00e9gion : <\/strong><br \/>\nLanguedoc<\/p>\n<p><strong>R\u00e9compenses :<\/strong><br \/>\nM\u00e9daille d&rsquo;Or au Concours G\u00e9n\u00e9ral Agricole de Paris<\/p>\n<p><strong>Et le vin\u2026<\/strong><br \/>\nC\u00e9page: 85% Chardonnay, 15% Mauzac<br \/>\nSols de terres noires riches en schistes et galets roul\u00e9s ou argileuse. Sous-sol argilo-calcaire<br \/>\nClimat M\u00e9diterran\u00e9en et Pyr\u00e9n\u00e9en avec des alternances de temp\u00e9ratures jusqu\u2019\u00e0 20\u00b0C<br \/>\nentre la nuit et la journ\u00e9e.<br \/>\nVendanges manuelles, pressurage lent. Les jus sont rafra\u00eechis et d\u00e9cantent en cuve inox.<br \/>\nLes fermentations alcoolique et malolactique en f\u00fbts de ch\u00eane, long \u00e9levage sur lies fines<\/p>\n<p><strong>Et dans le verre\u2026<\/strong><br \/>\nRobe jaune brillante.<br \/>\nNez complexe de fruits m\u00fbrs, de fleurs et d&rsquo;\u00e9pices. L\u00e9g\u00e8res notes toast\u00e9es<br \/>\nBouche ample, riche et harmonieuse<br \/>\nFinale longue et suave laissant percevoir la fra\u00eecheur<\/p>\n<p><strong>Accords Mets &amp; Vins : <\/strong><br \/>\nAves des sashimis, des anchois de Collioure, de la cuisine m\u00e9diterran\u00e9enne<\/p>\n","protected":false},"excerpt":{"rendered":"<p><strong>Vigneron : <\/strong><br \/>\nDomaine Altugnac<\/p>\n<p><strong>Appellation : <\/strong><br \/>\nLimoux Blanc \/ Terroir Haute Vall\u00e9e<\/p>\n<p><strong>R\u00e9gion : <\/strong><br \/>\nLanguedoc<\/p>\n<p><strong>R\u00e9compenses :<\/strong><br \/>\nM\u00e9daille d&rsquo;Or au Concours G\u00e9n\u00e9ral Agricole de Paris<\/p>\n","protected":false},"featured_media":4920,"comment_status":"open","ping_status":"closed","template":"","meta":[],"product_brand":[],"product_cat":[26],"product_tag":[],"class_list":{"0":"post-1424","1":"product","2":"type-product","3":"status-publish","4":"has-post-thumbnail","6":"product_cat-vin-blanc","8":"first","9":"instock","10":"taxable","11":"shipping-taxable","12":"purchasable","13":"product-type-simple"},"group_of_quantity":6,"min_quantity":0,"max_quantity":"","exclude_order_quantity_value_rules":"no","exclude_category_quantity_rules":"no","combine_variations":"no","_links":{"self":[{"href":"https:\/\/www.vinquotidien.com\/fr\/wp-json\/wp\/v2\/product\/1424","targetHints":{"allow":["GET"]}}],"collection":[{"href":"https:\/\/www.vinquotidien.com\/fr\/wp-json\/wp\/v2\/product"}],"about":[{"href":"https:\/\/www.vinquotidien.com\/fr\/wp-json\/wp\/v2\/types\/product"}],"replies":[{"embeddable":true,"href":"https:\/\/www.vinquotidien.com\/fr\/wp-json\/wp\/v2\/comments?post=1424"}],"wp:featuredmedia":[{"embeddable":true,"href":"https:\/\/www.vinquotidien.com\/fr\/wp-json\/wp\/v2\/media\/4920"}],"wp:attachment":[{"href":"https:\/\/www.vinquotidien.com\/fr\/wp-json\/wp\/v2\/media?parent=1424"}],"wp:term":[{"taxonomy":"product_brand","embeddable":true,"href":"https:\/\/www.vinquotidien.com\/fr\/wp-json\/wp\/v2\/product_brand?post=1424"},{"taxonomy":"product_cat","embeddable":true,"href":"https:\/\/www.vinquotidien.com\/fr\/wp-json\/wp\/v2\/product_cat?post=1424"},{"taxonomy":"product_tag","embeddable":true,"href":"https:\/\/www.vinquotidien.com\/fr\/wp-json\/wp\/v2\/product_tag?post=1424"}],"curies":[{"name":"wp","href":"https:\/\/api.w.org\/{rel}","templated":true}]}}