{"id":1425,"date":"2020-04-21T15:09:35","date_gmt":"2020-04-21T13:09:35","guid":{"rendered":"http:\/\/www.vinquotidien.com\/produit\/import-placeholder-for-314\/"},"modified":"2025-07-01T09:50:51","modified_gmt":"2025-07-01T07:50:51","slug":"closerie-des-lys-blanc-fruitieres-2","status":"publish","type":"product","link":"https:\/\/www.vinquotidien.com\/fr\/produit\/closerie-des-lys-blanc-fruitieres-2\/","title":{"rendered":"La Closerie des Lys 2024 &#8211; Les Fruiti\u00e8res Blanc &#8211; Pays-d\u2019oc"},"content":{"rendered":"<p><strong>Vigneron : <\/strong><br \/>\nDomaine Collovray &amp; Terrier<\/p>\n<p><strong>Appellation : <\/strong><br \/>\nPays-d\u2019oc<\/p>\n<p><strong>R\u00e9gion : <\/strong><br \/>\nLanguedoc<\/p>\n<p><strong>R\u00e9compenses :<\/strong><\/p>\n<p><strong>Et le vin\u2026<\/strong><br \/>\nC\u00e9pages : 35% Chardonnay, 35% Sauvignon, 30% Vermentino<br \/>\nLes raisins sont vendang\u00e9s et vinifi\u00e9s s\u00e9par\u00e9ment, ils charg\u00e9s d\u00e9licatement dans un pressoir par gravit\u00e9<br \/>\nLe pressurage est lent et les jus sont rafra\u00eechis et d\u00e9cantent en cuve inox<br \/>\nApr\u00e8s d\u00e9bourbage les fermentations alcoolique et malolactique se d\u00e9roulent en cuves et l&rsquo;\u00e9levage sur lies fines se prolonge jusqu&rsquo;au mois de f\u00e9vrier<\/p>\n<p><strong>Et dans le verre\u2026<\/strong><br \/>\nFra\u00eecheur du Sauvignon, corps du Chardonay et rondeur du Vermentino<br \/>\nCouleur dor\u00e9e avec des reflets verts p\u00e2les<br \/>\nNez floral et fruit\u00e9 avec des ar\u00f4mes de p\u00eache blanche<br \/>\nBouche ronde et friande<br \/>\nUn vin qui coule tout seul !<\/p>\n<p><strong>Accords Mets &amp; Vins : <\/strong><br \/>\nUn plaisir \u00e0 boire en ap\u00e9ritif avec des zakouskis ou sur des plats d&rsquo;\u00e9t\u00e9s<\/p>\n","protected":false},"excerpt":{"rendered":"<p><strong>Vigneron : <\/strong><br \/>\nDomaine Collovray &amp; Terrier<\/p>\n<p><strong>Appellation : <\/strong><br \/>\nPays-d\u2019oc<\/p>\n<p><strong>R\u00e9gion : <\/strong><br \/>\nLanguedoc<\/p>\n<p><strong>R\u00e9compenses :<\/strong><\/p>\n","protected":false},"featured_media":4918,"comment_status":"open","ping_status":"closed","template":"","meta":[],"product_brand":[],"product_cat":[26],"product_tag":[],"class_list":{"0":"post-1425","1":"product","2":"type-product","3":"status-publish","4":"has-post-thumbnail","6":"product_cat-vin-blanc","8":"first","9":"instock","10":"taxable","11":"shipping-taxable","12":"purchasable","13":"product-type-simple"},"group_of_quantity":6,"min_quantity":0,"max_quantity":"","exclude_order_quantity_value_rules":"no","exclude_category_quantity_rules":"no","combine_variations":"no","_links":{"self":[{"href":"https:\/\/www.vinquotidien.com\/fr\/wp-json\/wp\/v2\/product\/1425","targetHints":{"allow":["GET"]}}],"collection":[{"href":"https:\/\/www.vinquotidien.com\/fr\/wp-json\/wp\/v2\/product"}],"about":[{"href":"https:\/\/www.vinquotidien.com\/fr\/wp-json\/wp\/v2\/types\/product"}],"replies":[{"embeddable":true,"href":"https:\/\/www.vinquotidien.com\/fr\/wp-json\/wp\/v2\/comments?post=1425"}],"wp:featuredmedia":[{"embeddable":true,"href":"https:\/\/www.vinquotidien.com\/fr\/wp-json\/wp\/v2\/media\/4918"}],"wp:attachment":[{"href":"https:\/\/www.vinquotidien.com\/fr\/wp-json\/wp\/v2\/media?parent=1425"}],"wp:term":[{"taxonomy":"product_brand","embeddable":true,"href":"https:\/\/www.vinquotidien.com\/fr\/wp-json\/wp\/v2\/product_brand?post=1425"},{"taxonomy":"product_cat","embeddable":true,"href":"https:\/\/www.vinquotidien.com\/fr\/wp-json\/wp\/v2\/product_cat?post=1425"},{"taxonomy":"product_tag","embeddable":true,"href":"https:\/\/www.vinquotidien.com\/fr\/wp-json\/wp\/v2\/product_tag?post=1425"}],"curies":[{"name":"wp","href":"https:\/\/api.w.org\/{rel}","templated":true}]}}