{"id":1427,"date":"2020-04-21T15:09:36","date_gmt":"2020-04-21T13:09:36","guid":{"rendered":"http:\/\/www.vinquotidien.com\/produit\/import-placeholder-for-323\/"},"modified":"2023-08-26T14:26:57","modified_gmt":"2023-08-26T12:26:57","slug":"custoza-super-ca-del-magro-2","status":"publish","type":"product","link":"https:\/\/www.vinquotidien.com\/fr\/produit\/custoza-super-ca-del-magro-2\/","title":{"rendered":"C\u00e0 Del Magro 2020 &#8211; Custoza Superiore &#8211; Monte Del Fra"},"content":{"rendered":"<p><strong>Vigneron : <\/strong><br \/>\nAzienda Agricola Monte Del Fra<\/p>\n<p><strong>Appellation : <\/strong><br \/>\nCustoza Superiore<\/p>\n<p><strong>R\u00e9gion : <\/strong><br \/>\nV\u00e9n\u00e9tie \/ Italie<\/p>\n<p><strong>R\u00e9compenses :<\/strong><br \/>\nGambero Rosso: Tre Bicchieri<br \/>\nWine Enthusiast: 94\/100<br \/>\nClass\u00e9 59\u00e8me au Wine Spectator Top 100<\/p>\n<p><strong>Et le vin&#8230;<\/strong><br \/>\nC\u00e9pages : Garganega, Trebbiano, Cortese, lncrocio Manzoni<br \/>\nVignoble de plus de 30 ans situ\u00e9 au sud du lac de Garde. Les parcelles sont situ\u00e9es \u00e0 100\/150 m\u00e8tres d\u2019altitude, d\u2019origine morainique sur des sols calcaires, argileux, graveleux et sableux.<br \/>\nVinification : Cryo-mac\u00e9ration pr\u00e9fermentaire, pressurage doux. Fermentation et \u00e9levage sur lies en cuves inox et ciment d\u2019octobre \u00e0 mai.<br \/>\nRepos en bouteille pour un minimum de 6 mois avant commercialisation<\/p>\n<p><strong>Et dans le verre&#8230;<\/strong><br \/>\nCouleur jaune paille avec des reflets dor\u00e9s<br \/>\nAu nez, des ar\u00f4mes floraux et des notes de fruits jaunes et blanc sur d\u2019agr\u00e9able note \u00e9pic\u00e9e de gingembre.<br \/>\nEn bouche, le vin est min\u00e9ral, avec une v\u00e9ritable complexit\u00e9 et une tr\u00e8s belle longueur<\/p>\n<p><strong>Accords Mets &amp; Vins : <\/strong><br \/>\nHu\u00eetres, sushi, sashimi, asperges ou tout simplement pour se faire plaisir avec un grand vin blanc<\/p>\n","protected":false},"excerpt":{"rendered":"<p><strong>Vigneron : <\/strong><br \/>\nAzienda Agricola Monte Del Fra<\/p>\n<p><strong>Appellation : <\/strong><br \/>\nCustoza Superiore<\/p>\n<p><strong>R\u00e9gion : <\/strong><br \/>\nV\u00e9n\u00e9tie \/ Italie<\/p>\n<p><strong>R\u00e9compenses :<\/strong><br \/>\nGambero Rosso: Tre Bicchieri<br \/>\nWine Enthusiast: 94\/100<br \/>\nClass\u00e9 59\u00e8me au Wine Spectator Top 100<\/p>\n","protected":false},"featured_media":4930,"comment_status":"open","ping_status":"closed","template":"","meta":[],"product_brand":[],"product_cat":[26],"product_tag":[],"class_list":{"0":"post-1427","1":"product","2":"type-product","3":"status-publish","4":"has-post-thumbnail","6":"product_cat-vin-blanc","8":"first","9":"instock","10":"taxable","11":"shipping-taxable","12":"purchasable","13":"product-type-simple"},"group_of_quantity":6,"min_quantity":0,"max_quantity":"","exclude_order_quantity_value_rules":"no","exclude_category_quantity_rules":"no","combine_variations":"no","_links":{"self":[{"href":"https:\/\/www.vinquotidien.com\/fr\/wp-json\/wp\/v2\/product\/1427","targetHints":{"allow":["GET"]}}],"collection":[{"href":"https:\/\/www.vinquotidien.com\/fr\/wp-json\/wp\/v2\/product"}],"about":[{"href":"https:\/\/www.vinquotidien.com\/fr\/wp-json\/wp\/v2\/types\/product"}],"replies":[{"embeddable":true,"href":"https:\/\/www.vinquotidien.com\/fr\/wp-json\/wp\/v2\/comments?post=1427"}],"wp:featuredmedia":[{"embeddable":true,"href":"https:\/\/www.vinquotidien.com\/fr\/wp-json\/wp\/v2\/media\/4930"}],"wp:attachment":[{"href":"https:\/\/www.vinquotidien.com\/fr\/wp-json\/wp\/v2\/media?parent=1427"}],"wp:term":[{"taxonomy":"product_brand","embeddable":true,"href":"https:\/\/www.vinquotidien.com\/fr\/wp-json\/wp\/v2\/product_brand?post=1427"},{"taxonomy":"product_cat","embeddable":true,"href":"https:\/\/www.vinquotidien.com\/fr\/wp-json\/wp\/v2\/product_cat?post=1427"},{"taxonomy":"product_tag","embeddable":true,"href":"https:\/\/www.vinquotidien.com\/fr\/wp-json\/wp\/v2\/product_tag?post=1427"}],"curies":[{"name":"wp","href":"https:\/\/api.w.org\/{rel}","templated":true}]}}