{"id":1429,"date":"2020-04-21T15:09:36","date_gmt":"2020-04-21T13:09:36","guid":{"rendered":"http:\/\/www.vinquotidien.com\/produit\/import-placeholder-for-325\/"},"modified":"2026-05-08T10:48:43","modified_gmt":"2026-05-08T08:48:43","slug":"grillo-sicilia-3","status":"publish","type":"product","link":"https:\/\/www.vinquotidien.com\/fr\/produit\/grillo-sicilia-3\/","title":{"rendered":"Kore Grillo &#8211; Cantina Colomba Bianca"},"content":{"rendered":"<p><strong>Vigneron : <\/strong><br \/>\nCantina Colomba Bianca<\/p>\n<p><strong>Appellation : <\/strong><br \/>\nSicilia<\/p>\n<p><strong>R\u00e9gion : <\/strong><br \/>\nSicile \/ Italie<\/p>\n<p><strong>Et le vin&#8230;<\/strong><br \/>\nC\u00e9page : 100% Grillo<br \/>\nLes raisins sont vendang\u00e9s \u00e0 la main et vinifi\u00e9s dans des cuves en acier inoxydable<br \/>\nLes raisins sont \u00e9grapp\u00e9s et press\u00e9s doucement afin de pr\u00e9server les ar\u00f4mes et l&rsquo;acidit\u00e9 du mo\u00fbt<br \/>\nLe mo\u00fbt clair fermente pendant 15 jours sous contr\u00f4le des temp\u00e9ratures<br \/>\nElevage sur lies pendant 4 mois avec b\u00e2tonnages r\u00e9gulier puis mise en bouteille en janvier<\/p>\n<p><strong>Et dans le verre&#8230;<\/strong><br \/>\nCouleur jaune paille fonc\u00e9e<br \/>\nNotes \u00e9l\u00e9gantes de fruits \u00e0 chair jaune, de fleur d&rsquo;oranger et d&rsquo;agrumes<br \/>\nBouche fraiche, savoureuse et min\u00e9rale<br \/>\nAcidit\u00e9 \u00e9quilibr\u00e9e et finale persistante<\/p>\n<p><strong>Accords Mets &amp; Vins : <\/strong><br \/>\nP\u00e2tes aux fruits de mer, risottos et viandes blanches<\/p>\n","protected":false},"excerpt":{"rendered":"<p><strong>Vigneron : <\/strong><br \/>\nCantina Colomba Bianca<\/p>\n<p><strong>Appellation : <\/strong><br \/>\nSicilia<\/p>\n<p><strong>R\u00e9gion : <\/strong><br \/>\nSicile \/ Italie<\/p>\n","protected":false},"featured_media":4926,"comment_status":"open","ping_status":"closed","template":"","meta":[],"product_brand":[],"product_cat":[26],"product_tag":[],"class_list":{"0":"post-1429","1":"product","2":"type-product","3":"status-publish","4":"has-post-thumbnail","6":"product_cat-vin-blanc","8":"first","9":"instock","10":"taxable","11":"shipping-taxable","12":"purchasable","13":"product-type-simple"},"group_of_quantity":6,"min_quantity":0,"max_quantity":"","exclude_order_quantity_value_rules":"no","exclude_category_quantity_rules":"no","combine_variations":"no","_links":{"self":[{"href":"https:\/\/www.vinquotidien.com\/fr\/wp-json\/wp\/v2\/product\/1429","targetHints":{"allow":["GET"]}}],"collection":[{"href":"https:\/\/www.vinquotidien.com\/fr\/wp-json\/wp\/v2\/product"}],"about":[{"href":"https:\/\/www.vinquotidien.com\/fr\/wp-json\/wp\/v2\/types\/product"}],"replies":[{"embeddable":true,"href":"https:\/\/www.vinquotidien.com\/fr\/wp-json\/wp\/v2\/comments?post=1429"}],"wp:featuredmedia":[{"embeddable":true,"href":"https:\/\/www.vinquotidien.com\/fr\/wp-json\/wp\/v2\/media\/4926"}],"wp:attachment":[{"href":"https:\/\/www.vinquotidien.com\/fr\/wp-json\/wp\/v2\/media?parent=1429"}],"wp:term":[{"taxonomy":"product_brand","embeddable":true,"href":"https:\/\/www.vinquotidien.com\/fr\/wp-json\/wp\/v2\/product_brand?post=1429"},{"taxonomy":"product_cat","embeddable":true,"href":"https:\/\/www.vinquotidien.com\/fr\/wp-json\/wp\/v2\/product_cat?post=1429"},{"taxonomy":"product_tag","embeddable":true,"href":"https:\/\/www.vinquotidien.com\/fr\/wp-json\/wp\/v2\/product_tag?post=1429"}],"curies":[{"name":"wp","href":"https:\/\/api.w.org\/{rel}","templated":true}]}}