{"id":1433,"date":"2020-04-21T15:09:37","date_gmt":"2020-04-21T13:09:37","guid":{"rendered":"http:\/\/www.vinquotidien.com\/produit\/import-placeholder-for-332\/"},"modified":"2025-08-10T09:21:10","modified_gmt":"2025-08-10T07:21:10","slug":"petit-chablis-eleonor-moreau-2","status":"publish","type":"product","link":"https:\/\/www.vinquotidien.com\/fr\/produit\/petit-chablis-eleonor-moreau-2\/","title":{"rendered":"Petit Chablis 2022 &#8211; Domaine Des P\u00e9r\u00e9grins &#8211; El\u00e9onore Moreau"},"content":{"rendered":"<p><strong>Vigneron : <\/strong><br \/>\nDomaine Des P\u00e9r\u00e9grins &#8211; El\u00e9onore Moreau<\/p>\n<p><strong>Appellation : <\/strong><br \/>\nPetit Chablis<\/p>\n<p><strong>R\u00e9gion : <\/strong><br \/>\nBourgogne<\/p>\n<p><strong>Et le vin\u2026<\/strong><br \/>\nC\u00e9page : 100% Chardonnay<br \/>\nSols calcaires sur Portlandien<br \/>\nExpos\u00e9 au Nord, le vignoble est relativement plat mais b\u00e9n\u00e9ficie\u00a0 malgr\u00e9 tout d\u2019un bel ensoleillement<br \/>\nVendanges m\u00e9caniques, fermentations alcooliques et malolactiques \u00e0 100%<br \/>\nElevage en cuves inox thermo r\u00e9gul\u00e9es. Dur\u00e9e de l&rsquo;\u00e9levage sur lies de 10 mois<br \/>\nEmbouteillage d\u00e9but d\u00e9cembre<\/p>\n<p><strong>Et dans le verre\u2026<\/strong><br \/>\nApp\u00e9tissante robe jaune soutenue<br \/>\nNez fruit\u00e9s et gouleyants de fruits blancs et jaunes. On retrouve au nez la min\u00e9ralit\u00e9 si repr\u00e9sentative de la bouche<br \/>\nCette min\u00e9ralit\u00e9 s\u2019exprimera sur les fruits bien m\u00fbrs, en gardant des notes exotiques et fra\u00eeches<\/p>\n<p><strong>Accords Mets &amp; Vins :<\/strong><br \/>\nTr\u00e8s appr\u00e9ci\u00e9 \u00e0 l\u2019ap\u00e9ritif, avec des zakouskis ou bien des hu\u00eetres<br \/>\nIl r\u00e9veille les papilles et ouvre l&rsquo;app\u00e9tit<\/p>\n","protected":false},"excerpt":{"rendered":"<p><strong>Vigneron : <\/strong><br \/>\nDomaine Des P\u00e9r\u00e9grins &#8211; El\u00e9onore Moreau<\/p>\n<p><strong>Appellation : <\/strong><br \/>\nPetit Chablis<\/p>\n<p><strong>R\u00e9gion : <\/strong><br \/>\nBourgogne<\/p>\n","protected":false},"featured_media":7973,"comment_status":"open","ping_status":"closed","template":"","meta":[],"product_brand":[],"product_cat":[26],"product_tag":[],"class_list":{"0":"post-1433","1":"product","2":"type-product","3":"status-publish","4":"has-post-thumbnail","6":"product_cat-vin-blanc","8":"first","9":"instock","10":"taxable","11":"shipping-taxable","12":"purchasable","13":"product-type-simple"},"group_of_quantity":6,"min_quantity":0,"max_quantity":"","exclude_order_quantity_value_rules":"no","exclude_category_quantity_rules":"no","combine_variations":"no","_links":{"self":[{"href":"https:\/\/www.vinquotidien.com\/fr\/wp-json\/wp\/v2\/product\/1433","targetHints":{"allow":["GET"]}}],"collection":[{"href":"https:\/\/www.vinquotidien.com\/fr\/wp-json\/wp\/v2\/product"}],"about":[{"href":"https:\/\/www.vinquotidien.com\/fr\/wp-json\/wp\/v2\/types\/product"}],"replies":[{"embeddable":true,"href":"https:\/\/www.vinquotidien.com\/fr\/wp-json\/wp\/v2\/comments?post=1433"}],"wp:featuredmedia":[{"embeddable":true,"href":"https:\/\/www.vinquotidien.com\/fr\/wp-json\/wp\/v2\/media\/7973"}],"wp:attachment":[{"href":"https:\/\/www.vinquotidien.com\/fr\/wp-json\/wp\/v2\/media?parent=1433"}],"wp:term":[{"taxonomy":"product_brand","embeddable":true,"href":"https:\/\/www.vinquotidien.com\/fr\/wp-json\/wp\/v2\/product_brand?post=1433"},{"taxonomy":"product_cat","embeddable":true,"href":"https:\/\/www.vinquotidien.com\/fr\/wp-json\/wp\/v2\/product_cat?post=1433"},{"taxonomy":"product_tag","embeddable":true,"href":"https:\/\/www.vinquotidien.com\/fr\/wp-json\/wp\/v2\/product_tag?post=1433"}],"curies":[{"name":"wp","href":"https:\/\/api.w.org\/{rel}","templated":true}]}}