{"id":1434,"date":"2020-04-21T15:09:37","date_gmt":"2020-04-21T13:09:37","guid":{"rendered":"http:\/\/www.vinquotidien.com\/produit\/import-placeholder-for-326\/"},"modified":"2025-11-03T11:34:10","modified_gmt":"2025-11-03T10:34:10","slug":"picollo-gavi-di-gavi-docg-2","status":"publish","type":"product","link":"https:\/\/www.vinquotidien.com\/fr\/produit\/picollo-gavi-di-gavi-docg-2\/","title":{"rendered":"Rovereto 2023 &#8211; Gavi Di Gavi &#8211; Picollo Ernesto"},"content":{"rendered":"<p><strong>Vigneron : <\/strong><br \/>\nAzienda Agricola Picollo Ernesto<\/p>\n<p><strong>Appellation : <\/strong><br \/>\nGavi Di Gavi<\/p>\n<p><strong>R\u00e9gion : <\/strong><br \/>\nPi\u00e9mont \/ Italie<\/p>\n<p><strong>Et le vin&#8230;<\/strong><br \/>\nC\u00e9page : 100% Cortese<br \/>\nR\u00e9colte manuelle et fermentation \u00e0 basse temp\u00e9rature et sous levures indig\u00e8nes pendant environ trois semaines en cuves inox<br \/>\nFermentation malolactique effectu\u00e9e sur une partie du vin uniquement afin de maintenir la fra\u00eecheur et la vivacit\u00e9<br \/>\nLe vin est conserv\u00e9 sur lies pendant environ six mois avant d&rsquo;\u00eatre mis en bouteille au printemps<\/p>\n<p><strong>Et dans le verre&#8230;<\/strong><br \/>\nCouleur jaune paille claire<br \/>\nNez floral \u00e9voluant sur des senteurs d&rsquo;ananas et p\u00eache<br \/>\nBouche riche et ample. tr\u00e8s bel \u00e9quilibre entre fraicheur et \u00e9l\u00e9gance<\/p>\n<p><strong>Accords Mets &amp; Vins : <\/strong><br \/>\nSe marie \u00e0 merveille avec la cuisine exotique<\/p>\n","protected":false},"excerpt":{"rendered":"<p><strong>Vigneron : <\/strong><br \/>\nAzienda Agricola Picollo Ernesto<\/p>\n<p><strong>Appellation : <\/strong><br \/>\nGavi Di Gavi<\/p>\n<p><strong>R\u00e9gion : <\/strong><br \/>\nPi\u00e9mont \/ Italie<\/p>\n","protected":false},"featured_media":4932,"comment_status":"open","ping_status":"closed","template":"","meta":[],"product_brand":[],"product_cat":[26],"product_tag":[],"class_list":{"0":"post-1434","1":"product","2":"type-product","3":"status-publish","4":"has-post-thumbnail","6":"product_cat-vin-blanc","8":"first","9":"instock","10":"taxable","11":"shipping-taxable","12":"purchasable","13":"product-type-simple"},"group_of_quantity":6,"min_quantity":0,"max_quantity":"","exclude_order_quantity_value_rules":"no","exclude_category_quantity_rules":"no","combine_variations":"no","_links":{"self":[{"href":"https:\/\/www.vinquotidien.com\/fr\/wp-json\/wp\/v2\/product\/1434","targetHints":{"allow":["GET"]}}],"collection":[{"href":"https:\/\/www.vinquotidien.com\/fr\/wp-json\/wp\/v2\/product"}],"about":[{"href":"https:\/\/www.vinquotidien.com\/fr\/wp-json\/wp\/v2\/types\/product"}],"replies":[{"embeddable":true,"href":"https:\/\/www.vinquotidien.com\/fr\/wp-json\/wp\/v2\/comments?post=1434"}],"wp:featuredmedia":[{"embeddable":true,"href":"https:\/\/www.vinquotidien.com\/fr\/wp-json\/wp\/v2\/media\/4932"}],"wp:attachment":[{"href":"https:\/\/www.vinquotidien.com\/fr\/wp-json\/wp\/v2\/media?parent=1434"}],"wp:term":[{"taxonomy":"product_brand","embeddable":true,"href":"https:\/\/www.vinquotidien.com\/fr\/wp-json\/wp\/v2\/product_brand?post=1434"},{"taxonomy":"product_cat","embeddable":true,"href":"https:\/\/www.vinquotidien.com\/fr\/wp-json\/wp\/v2\/product_cat?post=1434"},{"taxonomy":"product_tag","embeddable":true,"href":"https:\/\/www.vinquotidien.com\/fr\/wp-json\/wp\/v2\/product_tag?post=1434"}],"curies":[{"name":"wp","href":"https:\/\/api.w.org\/{rel}","templated":true}]}}