{"id":1442,"date":"2020-04-21T15:12:07","date_gmt":"2020-04-21T13:12:07","guid":{"rendered":"http:\/\/www.vinquotidien.com\/produit\/import-placeholder-for-336\/"},"modified":"2026-05-08T10:50:52","modified_gmt":"2026-05-08T08:50:52","slug":"barolo-o-bricco-chiesa-cru-2","status":"publish","type":"product","link":"https:\/\/www.vinquotidien.com\/fr\/produit\/barolo-o-bricco-chiesa-cru-2\/","title":{"rendered":"Bricco Chiesa &#8211; Barolo &#8211; Azienda Agricola Alessandria Silvio"},"content":{"rendered":"<p><strong>Vigneron : <\/strong><br \/>\nAzienda Agricola Alessandria Silvio<\/p>\n<p><strong>Appellation : <\/strong><br \/>\nBarolo<\/p>\n<p><strong>R\u00e9gion : <\/strong><br \/>\nPi\u00e9mont \/ Italie<\/p>\n<p><strong>Et le vin&#8230;<\/strong><br \/>\nC\u00e9page : 100% Nebbiolo<br \/>\nVendanges et s\u00e9lection manuelle stricte. Fermentation et mac\u00e9ration en acier inoxydable pendant 20 jours \u00e0 temp\u00e9rature contr\u00f4l\u00e9e, suivie d&rsquo;une fermentation malolactique<br \/>\nLes diff\u00e9rentes parcelles sont vieillies s\u00e9par\u00e9ment en f\u00fbts de ch\u00eane pendant 30 mois<br \/>\nLes vins sont assembl\u00e9s au printemps, mis en bouteille \u00e0 la fin de l&rsquo;\u00e9t\u00e9 et vieillis en bouteille pendant encore 6 mois<\/p>\n<p><strong>Et dans le verre&#8230;<\/strong><br \/>\nRobe rouge grenat avec un joli disque orang\u00e9<br \/>\nAr\u00f4mes de cerises \u00e0 l&rsquo;alcool, de pain d&rsquo;\u00e9pices, de cassis, de vanille et de cannelle<br \/>\nLa bouche montre une belle fra\u00eecheur, un fruit\u00e9 plein et progressif et des tanins soyeux tr\u00e8s \u00e9l\u00e9gants<\/p>\n<p><strong>Accords Mets &amp; Vins : <\/strong><br \/>\nId\u00e9al avec des viandes rouges grill\u00e9es et des viandes en sauce<\/p>\n","protected":false},"excerpt":{"rendered":"<p><strong>Vigneron : <\/strong><br \/>\nAzienda Agricola Alessandria Silvio<\/p>\n<p><strong>Appellation : <\/strong><br \/>\nBarolo<\/p>\n<p><strong>R\u00e9gion : <\/strong><br \/>\nPi\u00e9mont \/ Italie<\/p>\n","protected":false},"featured_media":4948,"comment_status":"open","ping_status":"closed","template":"","meta":[],"product_brand":[],"product_cat":[25],"product_tag":[],"class_list":{"0":"post-1442","1":"product","2":"type-product","3":"status-publish","4":"has-post-thumbnail","6":"product_cat-vin-rouge","8":"first","9":"instock","10":"taxable","11":"shipping-taxable","12":"purchasable","13":"product-type-simple"},"group_of_quantity":6,"min_quantity":0,"max_quantity":"","exclude_order_quantity_value_rules":"no","exclude_category_quantity_rules":"no","combine_variations":"no","_links":{"self":[{"href":"https:\/\/www.vinquotidien.com\/fr\/wp-json\/wp\/v2\/product\/1442","targetHints":{"allow":["GET"]}}],"collection":[{"href":"https:\/\/www.vinquotidien.com\/fr\/wp-json\/wp\/v2\/product"}],"about":[{"href":"https:\/\/www.vinquotidien.com\/fr\/wp-json\/wp\/v2\/types\/product"}],"replies":[{"embeddable":true,"href":"https:\/\/www.vinquotidien.com\/fr\/wp-json\/wp\/v2\/comments?post=1442"}],"wp:featuredmedia":[{"embeddable":true,"href":"https:\/\/www.vinquotidien.com\/fr\/wp-json\/wp\/v2\/media\/4948"}],"wp:attachment":[{"href":"https:\/\/www.vinquotidien.com\/fr\/wp-json\/wp\/v2\/media?parent=1442"}],"wp:term":[{"taxonomy":"product_brand","embeddable":true,"href":"https:\/\/www.vinquotidien.com\/fr\/wp-json\/wp\/v2\/product_brand?post=1442"},{"taxonomy":"product_cat","embeddable":true,"href":"https:\/\/www.vinquotidien.com\/fr\/wp-json\/wp\/v2\/product_cat?post=1442"},{"taxonomy":"product_tag","embeddable":true,"href":"https:\/\/www.vinquotidien.com\/fr\/wp-json\/wp\/v2\/product_tag?post=1442"}],"curies":[{"name":"wp","href":"https:\/\/api.w.org\/{rel}","templated":true}]}}