{"id":1445,"date":"2020-04-21T15:12:07","date_gmt":"2020-04-21T13:12:07","guid":{"rendered":"http:\/\/www.vinquotidien.com\/produit\/import-placeholder-for-338\/"},"modified":"2025-03-24T16:27:34","modified_gmt":"2025-03-24T15:27:34","slug":"borro-del-diavolo-chianti-classico-riserva-2","status":"publish","type":"product","link":"https:\/\/www.vinquotidien.com\/fr\/produit\/borro-del-diavolo-chianti-classico-riserva-2\/","title":{"rendered":"Borro Del Diavolo &#8211; Chianti Classico Riserva"},"content":{"rendered":"<p><strong>Vigneron : <\/strong><br \/>\nTenuta Ormanni<\/p>\n<p><strong>Appellation : <\/strong><br \/>\nChianti Classico Riserva<\/p>\n<p><strong>R\u00e9gion : <\/strong><br \/>\nToscane \/ Italie<\/p>\n<p><strong>Et le vin&#8230;<\/strong><br \/>\nC\u00e9pages : 100% Sangiovese<br \/>\nLe Borro del Diavolo est le ruisseau qui donne son nom au vignoble \u00e0 partir duquel cette R\u00e9serve est produite<br \/>\nLes vignes sont install\u00e9es sur le versant sud ce qui permet aux raisins de m\u00fbrir de mani\u00e8re optimale et de n\u2019\u00eatre cueillis que vers la mi-octobre.<br \/>\nLa vinification est classique, thermor\u00e9gul\u00e9e avec des remontages fr\u00e9quents<br \/>\nVieillissement de deux ans minimum en barriques de premier et deuxi\u00e8me passage<\/p>\n<p><strong>Et dans le verre&#8230;<\/strong><br \/>\nCouleur rubis grenat intense<br \/>\nAr\u00f4mes de sous-bois, cerise Amarena, cuir, r\u00e9glisse, tabac et pierre a fusil<br \/>\nBouche ample et chaleureuse, d\u00e9veloppant une acidit\u00e9 maitris\u00e9e et offrant un tr\u00e8s bel \u00e9quilibre<br \/>\nTannins souples et \u00e9l\u00e9gants, longueur remarquable<\/p>\n<p><strong>Accords Mets &amp; Vins : <\/strong><br \/>\nPetits gibiers en sauce, r\u00f4tis et fromages<\/p>\n","protected":false},"excerpt":{"rendered":"<p><strong>Vigneron : <\/strong><br \/>\nTenuta Ormanni<\/p>\n<p><strong>Appellation : <\/strong><br \/>\nChianti Classico Riserva<\/p>\n<p><strong>R\u00e9gion : <\/strong><br \/>\nToscane \/ Italie<\/p>\n","protected":false},"featured_media":4944,"comment_status":"open","ping_status":"closed","template":"","meta":[],"product_brand":[],"product_cat":[25],"product_tag":[],"class_list":{"0":"post-1445","1":"product","2":"type-product","3":"status-publish","4":"has-post-thumbnail","6":"product_cat-vin-rouge","8":"first","9":"instock","10":"taxable","11":"shipping-taxable","12":"purchasable","13":"product-type-simple"},"group_of_quantity":6,"min_quantity":0,"max_quantity":"","exclude_order_quantity_value_rules":"no","exclude_category_quantity_rules":"no","combine_variations":"no","_links":{"self":[{"href":"https:\/\/www.vinquotidien.com\/fr\/wp-json\/wp\/v2\/product\/1445","targetHints":{"allow":["GET"]}}],"collection":[{"href":"https:\/\/www.vinquotidien.com\/fr\/wp-json\/wp\/v2\/product"}],"about":[{"href":"https:\/\/www.vinquotidien.com\/fr\/wp-json\/wp\/v2\/types\/product"}],"replies":[{"embeddable":true,"href":"https:\/\/www.vinquotidien.com\/fr\/wp-json\/wp\/v2\/comments?post=1445"}],"wp:featuredmedia":[{"embeddable":true,"href":"https:\/\/www.vinquotidien.com\/fr\/wp-json\/wp\/v2\/media\/4944"}],"wp:attachment":[{"href":"https:\/\/www.vinquotidien.com\/fr\/wp-json\/wp\/v2\/media?parent=1445"}],"wp:term":[{"taxonomy":"product_brand","embeddable":true,"href":"https:\/\/www.vinquotidien.com\/fr\/wp-json\/wp\/v2\/product_brand?post=1445"},{"taxonomy":"product_cat","embeddable":true,"href":"https:\/\/www.vinquotidien.com\/fr\/wp-json\/wp\/v2\/product_cat?post=1445"},{"taxonomy":"product_tag","embeddable":true,"href":"https:\/\/www.vinquotidien.com\/fr\/wp-json\/wp\/v2\/product_tag?post=1445"}],"curies":[{"name":"wp","href":"https:\/\/api.w.org\/{rel}","templated":true}]}}