{"id":1453,"date":"2020-04-21T15:12:09","date_gmt":"2020-04-21T13:12:09","guid":{"rendered":"http:\/\/www.vinquotidien.com\/produit\/import-placeholder-for-343\/"},"modified":"2025-06-25T11:50:02","modified_gmt":"2025-06-25T09:50:02","slug":"chianti-colli-senesi-2","status":"publish","type":"product","link":"https:\/\/www.vinquotidien.com\/fr\/produit\/chianti-colli-senesi-2\/","title":{"rendered":"Biskero 2023 &#8211; Chianti \u2013 Cantina Salcheto"},"content":{"rendered":"<p><strong>Vigneron : <\/strong><br \/>\nSalcheto<\/p>\n<p><strong>Appellation : <\/strong><br \/>\nChianti<\/p>\n<p><strong>R\u00e9gion : <\/strong><br \/>\nToscane \/ Italie<\/p>\n<p><strong>R\u00e9compenses :<\/strong><br \/>\nWine Spectator : 89\/100<\/p>\n<p><strong>Et le vin&#8230;<\/strong><br \/>\nC\u00e9pages : Sangiovese 85%, Canaiolo 5%, Mammolo 5%, Merlot 5%<br \/>\nLa r\u00e9colte, strictement manuelle, est suivie d&rsquo;une vinification sans adjonction de sulfite et avec uniquement des levures indig\u00e8nes, tandis que l&rsquo;\u00e9levage se fait en tonneaux et en barriques<br \/>\nCanaiolo et mammolo compl\u00e8tent le Sangiovese laiss\u00e9s au repos en f\u00fbts de ch\u00eane pendant trois mois, puis vieillis pendant quatre mois en bouteille<\/p>\n<p><strong>Et dans le verre&#8230;<\/strong><br \/>\nBeau rouge rubis profond l\u00e9g\u00e8rement teint\u00e9 de violet<br \/>\nNez intense de cassis et de fraise. Bouquet de roses et d&rsquo;\u00e9pices, poivre de Sichuan et clou de girofle<br \/>\nBouche aux tanins denses mais bien \u00e9quilibr\u00e9s<br \/>\nUn vrai Toscan, avec une finale d\u00e9licieusement min\u00e9rale et persistante<\/p>\n<p><strong>Accords Mets &amp; Vins : <\/strong><br \/>\nParfait en compagnie de plats de viande et de fromages affin\u00e9s de la r\u00e9gion<\/p>\n","protected":false},"excerpt":{"rendered":"<p><strong>Vigneron : <\/strong><br \/>\nSalcheto<\/p>\n<p><strong>Appellation : <\/strong><br \/>\nChianti<\/p>\n<p><strong>R\u00e9gion : <\/strong><br \/>\nToscane \/ Italie<\/p>\n<p><strong>R\u00e9compenses :<\/strong><br \/>\nWine Spectator: 89\/100<\/p>\n","protected":false},"featured_media":4962,"comment_status":"open","ping_status":"closed","template":"","meta":[],"product_brand":[],"product_cat":[25],"product_tag":[],"class_list":{"0":"post-1453","1":"product","2":"type-product","3":"status-publish","4":"has-post-thumbnail","6":"product_cat-vin-rouge","8":"first","9":"instock","10":"taxable","11":"shipping-taxable","12":"purchasable","13":"product-type-simple"},"group_of_quantity":6,"min_quantity":0,"max_quantity":"","exclude_order_quantity_value_rules":"no","exclude_category_quantity_rules":"no","combine_variations":"no","_links":{"self":[{"href":"https:\/\/www.vinquotidien.com\/fr\/wp-json\/wp\/v2\/product\/1453","targetHints":{"allow":["GET"]}}],"collection":[{"href":"https:\/\/www.vinquotidien.com\/fr\/wp-json\/wp\/v2\/product"}],"about":[{"href":"https:\/\/www.vinquotidien.com\/fr\/wp-json\/wp\/v2\/types\/product"}],"replies":[{"embeddable":true,"href":"https:\/\/www.vinquotidien.com\/fr\/wp-json\/wp\/v2\/comments?post=1453"}],"wp:featuredmedia":[{"embeddable":true,"href":"https:\/\/www.vinquotidien.com\/fr\/wp-json\/wp\/v2\/media\/4962"}],"wp:attachment":[{"href":"https:\/\/www.vinquotidien.com\/fr\/wp-json\/wp\/v2\/media?parent=1453"}],"wp:term":[{"taxonomy":"product_brand","embeddable":true,"href":"https:\/\/www.vinquotidien.com\/fr\/wp-json\/wp\/v2\/product_brand?post=1453"},{"taxonomy":"product_cat","embeddable":true,"href":"https:\/\/www.vinquotidien.com\/fr\/wp-json\/wp\/v2\/product_cat?post=1453"},{"taxonomy":"product_tag","embeddable":true,"href":"https:\/\/www.vinquotidien.com\/fr\/wp-json\/wp\/v2\/product_tag?post=1453"}],"curies":[{"name":"wp","href":"https:\/\/api.w.org\/{rel}","templated":true}]}}