{"id":1454,"date":"2020-04-21T15:12:09","date_gmt":"2020-04-21T13:12:09","guid":{"rendered":"http:\/\/www.vinquotidien.com\/produit\/import-placeholder-for-312\/"},"modified":"2025-10-28T14:34:26","modified_gmt":"2025-10-28T13:34:26","slug":"closerie-des-lys-rouge-fruitieres-2","status":"publish","type":"product","link":"https:\/\/www.vinquotidien.com\/fr\/produit\/closerie-des-lys-rouge-fruitieres-2\/","title":{"rendered":"La Closerie des Lys 2023 &#8211; Les Fruiti\u00e8res Rouge &#8211; Pays-d\u2019oc"},"content":{"rendered":"<p><strong>Vigneron : <\/strong><br \/>\nDomaine Collovray &amp; Terrier<\/p>\n<p><strong>Appellation : <\/strong><br \/>\nPays-d\u2019oc<\/p>\n<p><strong>R\u00e9gion : <\/strong><br \/>\nLanguedoc<\/p>\n<p><strong>Et le vin\u2026<\/strong><br \/>\nC\u00e9pages : 40% Merlot, 20% Cabernet Franc, 20% Grenache, 20% Syrah<br \/>\nLes raisins sont vendang\u00e9s et vinifi\u00e9s s\u00e9par\u00e9ment puis mis en cuve par gravit\u00e9<br \/>\nUne mac\u00e9ration pr\u00e9-fermentaire \u00e0 froid de quelques jours est conjugu\u00e9e aux pigeages et remontages doux et quotidiens<br \/>\nLa temp\u00e9rature de la fermentation est contr\u00f4l\u00e9e pour ne pas d\u00e9passer 25 degr\u00e9s<br \/>\nL&rsquo;\u00e9levage se poursuit en cuve inox ou b\u00e9ton pendant plusieurs mois<br \/>\nLes vins des diff\u00e9rents c\u00e9pages sont assembl\u00e9s apr\u00e8s fermentation malolactique<\/p>\n<p><strong>Et dans le verre\u2026<\/strong><br \/>\nLe vin est brillant avec une couleur rouge profonde et transparente<br \/>\nAu nez des ar\u00f4mes de fruits rouges : cassis, fraise et \u00e0 la fin une impression d&rsquo;acacia<br \/>\nEn bouche, des fruits rouges et des cerises du nord<br \/>\nFinale souple et fra\u00eeche accompagn\u00e9e par des tanins soyeux<\/p>\n<p><strong>Accords Mets &amp; Vins : <\/strong><br \/>\nA boire sur une assiette de charcuterie, une tajine d&rsquo;agneau<\/p>\n","protected":false},"excerpt":{"rendered":"<p><strong>Vigneron : <\/strong><br \/>\nDomaine Collovray &amp; Terrier<\/p>\n<p><strong>Appellation : <\/strong><br \/>\nPays-d\u2019oc<\/p>\n<p><strong>R\u00e9gion : <\/strong><br \/>\nLanguedoc<\/p>\n","protected":false},"featured_media":5248,"comment_status":"open","ping_status":"closed","template":"","meta":[],"product_brand":[],"product_cat":[25],"product_tag":[],"class_list":{"0":"post-1454","1":"product","2":"type-product","3":"status-publish","4":"has-post-thumbnail","6":"product_cat-vin-rouge","8":"first","9":"instock","10":"taxable","11":"shipping-taxable","12":"purchasable","13":"product-type-simple"},"group_of_quantity":6,"min_quantity":0,"max_quantity":"","exclude_order_quantity_value_rules":"no","exclude_category_quantity_rules":"no","combine_variations":"no","_links":{"self":[{"href":"https:\/\/www.vinquotidien.com\/fr\/wp-json\/wp\/v2\/product\/1454","targetHints":{"allow":["GET"]}}],"collection":[{"href":"https:\/\/www.vinquotidien.com\/fr\/wp-json\/wp\/v2\/product"}],"about":[{"href":"https:\/\/www.vinquotidien.com\/fr\/wp-json\/wp\/v2\/types\/product"}],"replies":[{"embeddable":true,"href":"https:\/\/www.vinquotidien.com\/fr\/wp-json\/wp\/v2\/comments?post=1454"}],"wp:featuredmedia":[{"embeddable":true,"href":"https:\/\/www.vinquotidien.com\/fr\/wp-json\/wp\/v2\/media\/5248"}],"wp:attachment":[{"href":"https:\/\/www.vinquotidien.com\/fr\/wp-json\/wp\/v2\/media?parent=1454"}],"wp:term":[{"taxonomy":"product_brand","embeddable":true,"href":"https:\/\/www.vinquotidien.com\/fr\/wp-json\/wp\/v2\/product_brand?post=1454"},{"taxonomy":"product_cat","embeddable":true,"href":"https:\/\/www.vinquotidien.com\/fr\/wp-json\/wp\/v2\/product_cat?post=1454"},{"taxonomy":"product_tag","embeddable":true,"href":"https:\/\/www.vinquotidien.com\/fr\/wp-json\/wp\/v2\/product_tag?post=1454"}],"curies":[{"name":"wp","href":"https:\/\/api.w.org\/{rel}","templated":true}]}}