{"id":1455,"date":"2020-04-21T15:12:09","date_gmt":"2020-04-21T13:12:09","guid":{"rendered":"http:\/\/www.vinquotidien.com\/produit\/import-placeholder-for-344\/"},"modified":"2025-03-24T16:26:58","modified_gmt":"2025-03-24T15:26:58","slug":"domaine-chevrot-santenay-vieilles-vignes-2","status":"publish","type":"product","link":"https:\/\/www.vinquotidien.com\/fr\/produit\/domaine-chevrot-santenay-vieilles-vignes-2\/","title":{"rendered":"Santenay Vieilles Vignes 2022 &#8211; Domaine Chevrot"},"content":{"rendered":"<p><strong>Vigneron :<\/strong><br \/>\nDomaine Chevrot<\/p>\n<p><strong>Appellation :<\/strong><br \/>\nSantenay<\/p>\n<p><strong>R\u00e9gion : <\/strong><br \/>\nBourgogne<\/p>\n<p><strong>Et le vin\u2026<\/strong><br \/>\nC\u00e9page : 100 % Pinot Noir<br \/>\nSitu\u00e9 sur une parcelle de 0,55 hectare en appellation Villages. Age moyen des vignes: 45 ans<br \/>\nVendanges manuelles, avec un tri syst\u00e9matique avant vinification en cuves<br \/>\nPressage des mo\u00fbts, assemblage des jus de goutte et de presse et \u00e9levage en f\u00fbts de ch\u00eane pendant 16 mois<\/p>\n<p><strong>Et dans le verre\u2026<\/strong><br \/>\nBelle robe rubis profond<br \/>\nNez \u00e9l\u00e9gant de fraises de cerises \u00e0 l\u2019alcool et de chocolat noir<br \/>\nBouche fondue, fruit tr\u00e8s m\u00fbr, tannins harmonieux<br \/>\nFinale sur la min\u00e9ralit\u00e9 et la fra\u00eecheur<\/p>\n<p><strong>Accords Mets &amp; Vins : <\/strong><br \/>\nSur des cailles r\u00f4ties, ou un filet de chevreuil<\/p>\n","protected":false},"excerpt":{"rendered":"<p><strong>Vigneron :<\/strong><br \/>\nDomaine Chevrot<\/p>\n<p><strong>Appellation :<\/strong><br \/>\nSantenay<\/p>\n<p><strong>R\u00e9gion : <\/strong><br \/>\nBourgogne<\/p>\n","protected":false},"featured_media":6935,"comment_status":"open","ping_status":"closed","template":"","meta":[],"product_brand":[],"product_cat":[25],"product_tag":[],"class_list":{"0":"post-1455","1":"product","2":"type-product","3":"status-publish","4":"has-post-thumbnail","6":"product_cat-vin-rouge","8":"first","9":"instock","10":"taxable","11":"shipping-taxable","12":"purchasable","13":"product-type-simple"},"group_of_quantity":6,"min_quantity":0,"max_quantity":"","exclude_order_quantity_value_rules":"no","exclude_category_quantity_rules":"no","combine_variations":"no","_links":{"self":[{"href":"https:\/\/www.vinquotidien.com\/fr\/wp-json\/wp\/v2\/product\/1455","targetHints":{"allow":["GET"]}}],"collection":[{"href":"https:\/\/www.vinquotidien.com\/fr\/wp-json\/wp\/v2\/product"}],"about":[{"href":"https:\/\/www.vinquotidien.com\/fr\/wp-json\/wp\/v2\/types\/product"}],"replies":[{"embeddable":true,"href":"https:\/\/www.vinquotidien.com\/fr\/wp-json\/wp\/v2\/comments?post=1455"}],"wp:featuredmedia":[{"embeddable":true,"href":"https:\/\/www.vinquotidien.com\/fr\/wp-json\/wp\/v2\/media\/6935"}],"wp:attachment":[{"href":"https:\/\/www.vinquotidien.com\/fr\/wp-json\/wp\/v2\/media?parent=1455"}],"wp:term":[{"taxonomy":"product_brand","embeddable":true,"href":"https:\/\/www.vinquotidien.com\/fr\/wp-json\/wp\/v2\/product_brand?post=1455"},{"taxonomy":"product_cat","embeddable":true,"href":"https:\/\/www.vinquotidien.com\/fr\/wp-json\/wp\/v2\/product_cat?post=1455"},{"taxonomy":"product_tag","embeddable":true,"href":"https:\/\/www.vinquotidien.com\/fr\/wp-json\/wp\/v2\/product_tag?post=1455"}],"curies":[{"name":"wp","href":"https:\/\/api.w.org\/{rel}","templated":true}]}}