{"id":1457,"date":"2020-04-21T15:12:10","date_gmt":"2020-04-21T13:12:10","guid":{"rendered":"http:\/\/www.vinquotidien.com\/produit\/import-placeholder-for-345\/"},"modified":"2025-03-24T16:26:49","modified_gmt":"2025-03-24T15:26:49","slug":"domaine-savoye-chiroubles-2","status":"publish","type":"product","link":"https:\/\/www.vinquotidien.com\/fr\/produit\/domaine-savoye-chiroubles-2\/","title":{"rendered":"Cuv\u00e9e Lo\u00efc 2020 &#8211; Chiroubles &#8211; Domaine Christophe Savoye"},"content":{"rendered":"<p><strong>Vigneron : <\/strong><br \/>\nDomaine Christophe Savoye<\/p>\n<p><strong>Appellation : <\/strong><br \/>\nChiroubles<\/p>\n<p><strong>R\u00e9gion : <\/strong><br \/>\nBeaujolais<\/p>\n<p><strong>Et le vin\u2026<\/strong><br \/>\nC\u00e9page : 100% Gamay<br \/>\nSol sablo-granitique<br \/>\nParcelle d&rsquo;une moyenne d&rsquo;\u00e2ge de 60 ans avec rendement 45 hl\/hectare expos\u00e9es sud, sud-est<br \/>\nVendanges manuelles. Culture raisonn\u00e9e. Fermentation semi-carbonique dur\u00e9e de 8 \u00e0 10 jours pour garder le fruit<\/p>\n<p><strong>Et dans le verre\u2026<\/strong><br \/>\nRobe magenta soutenue<br \/>\nNez frais, puissant parfum de pot-pourri de roses<br \/>\nBouche parfum\u00e9e, joyeuse et tr\u00e8s gourmande<br \/>\nUn r\u00e9gal !<\/p>\n<p><strong>Accords Mets &amp; Vins :<\/strong><br \/>\nAp\u00e9ritif, charcuteries, volailles et viandes blanches<\/p>\n","protected":false},"excerpt":{"rendered":"<p><strong>Vigneron : <\/strong><br \/>\nDomaine Christophe Savoye<\/p>\n<p><strong>Appellation : <\/strong><br \/>\nChiroubles<\/p>\n<p><strong>R\u00e9gion : <\/strong><br \/>\nBeaujolais<\/p>\n","protected":false},"featured_media":5219,"comment_status":"open","ping_status":"closed","template":"","meta":[],"product_brand":[],"product_cat":[25],"product_tag":[],"class_list":{"0":"post-1457","1":"product","2":"type-product","3":"status-publish","4":"has-post-thumbnail","6":"product_cat-vin-rouge","8":"first","9":"instock","10":"taxable","11":"shipping-taxable","12":"purchasable","13":"product-type-simple"},"group_of_quantity":6,"min_quantity":0,"max_quantity":"","exclude_order_quantity_value_rules":"no","exclude_category_quantity_rules":"no","combine_variations":"no","_links":{"self":[{"href":"https:\/\/www.vinquotidien.com\/fr\/wp-json\/wp\/v2\/product\/1457","targetHints":{"allow":["GET"]}}],"collection":[{"href":"https:\/\/www.vinquotidien.com\/fr\/wp-json\/wp\/v2\/product"}],"about":[{"href":"https:\/\/www.vinquotidien.com\/fr\/wp-json\/wp\/v2\/types\/product"}],"replies":[{"embeddable":true,"href":"https:\/\/www.vinquotidien.com\/fr\/wp-json\/wp\/v2\/comments?post=1457"}],"wp:featuredmedia":[{"embeddable":true,"href":"https:\/\/www.vinquotidien.com\/fr\/wp-json\/wp\/v2\/media\/5219"}],"wp:attachment":[{"href":"https:\/\/www.vinquotidien.com\/fr\/wp-json\/wp\/v2\/media?parent=1457"}],"wp:term":[{"taxonomy":"product_brand","embeddable":true,"href":"https:\/\/www.vinquotidien.com\/fr\/wp-json\/wp\/v2\/product_brand?post=1457"},{"taxonomy":"product_cat","embeddable":true,"href":"https:\/\/www.vinquotidien.com\/fr\/wp-json\/wp\/v2\/product_cat?post=1457"},{"taxonomy":"product_tag","embeddable":true,"href":"https:\/\/www.vinquotidien.com\/fr\/wp-json\/wp\/v2\/product_tag?post=1457"}],"curies":[{"name":"wp","href":"https:\/\/api.w.org\/{rel}","templated":true}]}}