{"id":1458,"date":"2020-04-21T15:12:10","date_gmt":"2020-04-21T13:12:10","guid":{"rendered":"http:\/\/www.vinquotidien.com\/produit\/import-placeholder-for-346\/"},"modified":"2026-02-12T11:11:27","modified_gmt":"2026-02-12T10:11:27","slug":"domaine-savoye-chiroubles-cuve-prestige","status":"publish","type":"product","link":"https:\/\/www.vinquotidien.com\/fr\/produit\/domaine-savoye-chiroubles-cuve-prestige\/","title":{"rendered":"Cuv\u00e9e Prestige Vieilles Vignes 2018 &#8211; Chiroubles &#8211; Christophe Savoye"},"content":{"rendered":"<p><strong>Vigneron : <\/strong><br \/>\nDomaine Christophe Savoye<\/p>\n<p><strong>Appellation : <\/strong><br \/>\nChiroubles<\/p>\n<p><strong>R\u00e9gion : <\/strong><br \/>\nBeaujolais<\/p>\n<p><strong>Et le vin\u2026<\/strong><br \/>\nC\u00e9page : 100% Gamay<br \/>\nAge moyen des vignes : 80 ans !<br \/>\nSols argilo-granitiques<br \/>\nParcelles de vignes situ\u00e9es sur le haut du coteau et expos\u00e9es sud, sud-est<br \/>\nVendanges manuelles. Fermentation longue, \u00e9levage un an en f\u00fbt de ch\u00eane (pas neuf) avec fermentation malolactique<\/p>\n<p><strong>Et dans le verre\u2026<\/strong><br \/>\nRobe rubis profond<br \/>\nNez de fruits rouges tr\u00e8s m\u00fbrs, d\u2019\u00e9pices et de pivoine<br \/>\nBouche dans la lign\u00e9e du nez, mati\u00e8re \u00e9quilibr\u00e9e, rac\u00e9e et \u00e9toff\u00e9e<br \/>\nTanins agr\u00e9ables n\u00e9cessitant n\u00e9anmoins une bonne a\u00e9ration<\/p>\n<p><strong>Accords Mets &amp; Vins :<\/strong><br \/>\nViandes rouges, petits gibiers, fromages<\/p>\n","protected":false},"excerpt":{"rendered":"<p><strong>Vigneron : <\/strong><br \/>\nDomaine Christophe Savoye<\/p>\n<p><strong>Appellation : <\/strong><br \/>\nChiroubles<\/p>\n<p><strong>R\u00e9gion : <\/strong><br \/>\nBeaujolais<\/p>\n","protected":false},"featured_media":4970,"comment_status":"open","ping_status":"closed","template":"","meta":[],"product_brand":[],"product_cat":[25],"product_tag":[],"class_list":{"0":"post-1458","1":"product","2":"type-product","3":"status-publish","4":"has-post-thumbnail","6":"product_cat-vin-rouge","8":"first","9":"instock","10":"taxable","11":"shipping-taxable","12":"purchasable","13":"product-type-simple"},"group_of_quantity":6,"min_quantity":0,"max_quantity":"","exclude_order_quantity_value_rules":"no","exclude_category_quantity_rules":"no","combine_variations":"no","_links":{"self":[{"href":"https:\/\/www.vinquotidien.com\/fr\/wp-json\/wp\/v2\/product\/1458","targetHints":{"allow":["GET"]}}],"collection":[{"href":"https:\/\/www.vinquotidien.com\/fr\/wp-json\/wp\/v2\/product"}],"about":[{"href":"https:\/\/www.vinquotidien.com\/fr\/wp-json\/wp\/v2\/types\/product"}],"replies":[{"embeddable":true,"href":"https:\/\/www.vinquotidien.com\/fr\/wp-json\/wp\/v2\/comments?post=1458"}],"wp:featuredmedia":[{"embeddable":true,"href":"https:\/\/www.vinquotidien.com\/fr\/wp-json\/wp\/v2\/media\/4970"}],"wp:attachment":[{"href":"https:\/\/www.vinquotidien.com\/fr\/wp-json\/wp\/v2\/media?parent=1458"}],"wp:term":[{"taxonomy":"product_brand","embeddable":true,"href":"https:\/\/www.vinquotidien.com\/fr\/wp-json\/wp\/v2\/product_brand?post=1458"},{"taxonomy":"product_cat","embeddable":true,"href":"https:\/\/www.vinquotidien.com\/fr\/wp-json\/wp\/v2\/product_cat?post=1458"},{"taxonomy":"product_tag","embeddable":true,"href":"https:\/\/www.vinquotidien.com\/fr\/wp-json\/wp\/v2\/product_tag?post=1458"}],"curies":[{"name":"wp","href":"https:\/\/api.w.org\/{rel}","templated":true}]}}