{"id":1459,"date":"2020-04-21T15:12:10","date_gmt":"2020-04-21T13:12:10","guid":{"rendered":"http:\/\/www.vinquotidien.com\/produit\/import-placeholder-for-347\/"},"modified":"2024-10-10T11:28:17","modified_gmt":"2024-10-10T09:28:17","slug":"fleurie-clos-de-lamandier-grgoire-hoppenot","status":"publish","type":"product","link":"https:\/\/www.vinquotidien.com\/fr\/produit\/fleurie-clos-de-lamandier-grgoire-hoppenot\/","title":{"rendered":"Clos De L&rsquo;Amandier 2021 &#8211; Fleurie &#8211; Domaine Gr\u00e9goire Hoppenot"},"content":{"rendered":"<p><strong>Vigneron : <\/strong><br \/>\nDomaine Gr\u00e9goire Hoppenot<\/p>\n<p><strong>Appellation : <\/strong><br \/>\nFleurie<\/p>\n<p><strong>R\u00e9gion : <\/strong><br \/>\nBeaujolais<\/p>\n<p><strong>R\u00e9compenses :<\/strong><br \/>\nRevue des Vins de France (RVF) : 96\/100<br \/>\nLe Domaine Gr\u00e9goire Hoppenot a \u00e9t\u00e9 \u00e9lu Grand Prix de la RVF 2021 &#8211; D\u00e9couverte de l&rsquo;ann\u00e9e<\/p>\n<p><strong>Et le vin\u2026<\/strong><br \/>\nC\u00e9page : 100% Gamay<br \/>\nVignoble orient\u00e9 Sud \u00e0 Sud-Ouest, \u00e2ge des vignes : de 15 \u00e0 30 ans<br \/>\nM\u00e9lange de sable granitique et d\u2019argile peu profond, caillouteux. Roche m\u00e8re granitique<br \/>\nVinification : Mac\u00e9ration de 15 jours en grappes enti\u00e8res effectu\u00e9e en cuve b\u00e9ton de 60 Hl<br \/>\nMaintien des temp\u00e9rature sous 30\u00b0C. Cuve grill\u00e9e afin d\u2019immerger le chapeau pendant l\u2019ensemble des mac\u00e9rations<br \/>\nD\u00e9lestage en fin de mac\u00e9ration pour prolonger les fermentations<br \/>\n\u00c9levage : 8 mois en foudre et pi\u00e8ces bourguignonnes<\/p>\n<p><strong>Et dans le verre\u2026<\/strong><br \/>\nBelle robe carmin au touches violettes<br \/>\nAu nez, ar\u00f4mes floraux et fruit\u00e9s : iris, violette, rose fan\u00e9e, p\u00eache, cassis et fruits rouges<br \/>\nEn bouche, le vin s\u00e9duit par son velout\u00e9 et son \u00e9l\u00e9gance<br \/>\nIl r\u00e9v\u00e8le derri\u00e8re sa finesse une structure et une profondeur \u00e9tonnante<\/p>\n<p><strong>Accords Mets &amp; Vins :<\/strong><br \/>\nSashimi de thon, viandes mijot\u00e9es ou une belle volaille r\u00f4tie<\/p>\n","protected":false},"excerpt":{"rendered":"<p><strong>Vigneron : <\/strong><br \/>\nDomaine Gr\u00e9goire Hoppenot<\/p>\n<p><strong>Appellation : <\/strong><br \/>\nFleurie<\/p>\n<p><strong>R\u00e9gion : <\/strong><br \/>\nBeaujolais<\/p>\n<p><strong>R\u00e9compenses :<\/strong><br \/>\nRevue des Vins de France (RVF) : 96\/100<br \/>\nLe Domaine Gr\u00e9goire Hoppenot \u00e0 \u00e9t\u00e9 \u00e9lu Grand Prix de la RVF 2021 &#8211; D\u00e9couverte de l&rsquo;ann\u00e9e<\/p>\n","protected":false},"featured_media":4968,"comment_status":"open","ping_status":"closed","template":"","meta":[],"product_brand":[],"product_cat":[25],"product_tag":[],"class_list":{"0":"post-1459","1":"product","2":"type-product","3":"status-publish","4":"has-post-thumbnail","6":"product_cat-vin-rouge","8":"first","9":"instock","10":"taxable","11":"shipping-taxable","12":"purchasable","13":"product-type-simple"},"group_of_quantity":6,"min_quantity":0,"max_quantity":"","exclude_order_quantity_value_rules":"no","exclude_category_quantity_rules":"no","combine_variations":"no","_links":{"self":[{"href":"https:\/\/www.vinquotidien.com\/fr\/wp-json\/wp\/v2\/product\/1459","targetHints":{"allow":["GET"]}}],"collection":[{"href":"https:\/\/www.vinquotidien.com\/fr\/wp-json\/wp\/v2\/product"}],"about":[{"href":"https:\/\/www.vinquotidien.com\/fr\/wp-json\/wp\/v2\/types\/product"}],"replies":[{"embeddable":true,"href":"https:\/\/www.vinquotidien.com\/fr\/wp-json\/wp\/v2\/comments?post=1459"}],"wp:featuredmedia":[{"embeddable":true,"href":"https:\/\/www.vinquotidien.com\/fr\/wp-json\/wp\/v2\/media\/4968"}],"wp:attachment":[{"href":"https:\/\/www.vinquotidien.com\/fr\/wp-json\/wp\/v2\/media?parent=1459"}],"wp:term":[{"taxonomy":"product_brand","embeddable":true,"href":"https:\/\/www.vinquotidien.com\/fr\/wp-json\/wp\/v2\/product_brand?post=1459"},{"taxonomy":"product_cat","embeddable":true,"href":"https:\/\/www.vinquotidien.com\/fr\/wp-json\/wp\/v2\/product_cat?post=1459"},{"taxonomy":"product_tag","embeddable":true,"href":"https:\/\/www.vinquotidien.com\/fr\/wp-json\/wp\/v2\/product_tag?post=1459"}],"curies":[{"name":"wp","href":"https:\/\/api.w.org\/{rel}","templated":true}]}}