{"id":1460,"date":"2020-04-21T15:12:10","date_gmt":"2020-04-21T13:12:10","guid":{"rendered":"http:\/\/www.vinquotidien.com\/produit\/import-placeholder-for-348\/"},"modified":"2024-10-10T11:23:17","modified_gmt":"2024-10-10T09:23:17","slug":"fleurie-origines-grgoire-hoppenot","status":"publish","type":"product","link":"https:\/\/www.vinquotidien.com\/fr\/produit\/fleurie-origines-grgoire-hoppenot\/","title":{"rendered":"Origines 2022 &#8211; Fleurie &#8211; Domaine Gr\u00e9goire Hoppenot"},"content":{"rendered":"<p><strong>Vigneron : <\/strong><br \/>\nDomaine Gr\u00e9goire Hoppenot<\/p>\n<p><strong>Appellation : <\/strong><br \/>\nFleurie<\/p>\n<p><strong>R\u00e9gion : <\/strong><br \/>\nBeaujolais<\/p>\n<p><strong>R\u00e9compenses :<\/strong><br \/>\nRobert Parker &#8211; The Wine Advocate : 93\/100<br \/>\nLe Domaine Gr\u00e9goire Hoppenot \u00e0 \u00e9t\u00e9 \u00e9lu Grand Prix de la RVF 2021 &#8211; D\u00e9couverte de l&rsquo;ann\u00e9e<\/p>\n<p><strong>Et le vin\u2026<\/strong><br \/>\nC\u00e9page : 100% Gamay<br \/>\nTerroir : sol tr\u00e8s pauvre de sable granitique peu profond<br \/>\n50 % de l\u2019assemblage et compos\u00e9 de vins provenants de jeunes vignes (3 et 5 ans) en conversion vers l\u2019agriculture biologique<br \/>\nCes jus apportent fruit et \u00e9clat \u00e0 la cuv\u00e9e<br \/>\nLe reste \u00e9tant des vignes plus \u00e2g\u00e9es apportent fond et structure<br \/>\nVinification : Mac\u00e9ration de 12 jours en grappes enti\u00e8res effectu\u00e9e en cuve b\u00e9ton de 60 Hl<br \/>\nMaintien des temp\u00e9rature sous 30\u00b0C. Remontage quotidien pour une extraction douce<br \/>\n\u00c9levage : 7 mois en cuve b\u00e9ton<\/p>\n<p><strong>Et dans le verre\u2026<\/strong><br \/>\nRobe couleur rouge brillante nuanc\u00e9e de violet<br \/>\nAu nez de jolies notes de m\u00fbre, de framboise, de r\u00e9glisse et d&rsquo;\u00e9corce d&rsquo;orange<br \/>\nEn bouche, le vin est mi- cors\u00e9 \u00e0 cors\u00e9, souple et en couches, avec des tanins fondants, un noyau ample de fruits succulents et une finale \u00e9l\u00e9gante et bien d\u00e9finie<\/p>\n<p><strong>Accords Mets &amp; Vins :<\/strong><br \/>\nDes terrines et p\u00e2t\u00e9s, des cailles farcies, un onglet \u00e0 l&rsquo;\u00e9chalotte<\/p>\n","protected":false},"excerpt":{"rendered":"<p><strong>Vigneron : <\/strong><br \/>\nDomaine Gr\u00e9goire Hoppenot<\/p>\n<p><strong>Appellation : <\/strong><br \/>\nFleurie<\/p>\n<p><strong>R\u00e9gion : <\/strong><br \/>\nBeaujolais<\/p>\n<p><strong>R\u00e9compenses :<\/strong><br \/>\nRobert Parker &#8211; The Wine Advocate : 93\/100<br \/>\nLe Domaine Gr\u00e9goire Hoppenot \u00e0 \u00e9t\u00e9 \u00e9lu Grand Prix de la RVF 2021 &#8211; D\u00e9couverte de l&rsquo;ann\u00e9e<\/p>\n","protected":false},"featured_media":4966,"comment_status":"open","ping_status":"closed","template":"","meta":[],"product_brand":[],"product_cat":[25],"product_tag":[],"class_list":{"0":"post-1460","1":"product","2":"type-product","3":"status-publish","4":"has-post-thumbnail","6":"product_cat-vin-rouge","8":"first","9":"instock","10":"taxable","11":"shipping-taxable","12":"purchasable","13":"product-type-simple"},"group_of_quantity":6,"min_quantity":0,"max_quantity":"","exclude_order_quantity_value_rules":"no","exclude_category_quantity_rules":"no","combine_variations":"no","_links":{"self":[{"href":"https:\/\/www.vinquotidien.com\/fr\/wp-json\/wp\/v2\/product\/1460","targetHints":{"allow":["GET"]}}],"collection":[{"href":"https:\/\/www.vinquotidien.com\/fr\/wp-json\/wp\/v2\/product"}],"about":[{"href":"https:\/\/www.vinquotidien.com\/fr\/wp-json\/wp\/v2\/types\/product"}],"replies":[{"embeddable":true,"href":"https:\/\/www.vinquotidien.com\/fr\/wp-json\/wp\/v2\/comments?post=1460"}],"wp:featuredmedia":[{"embeddable":true,"href":"https:\/\/www.vinquotidien.com\/fr\/wp-json\/wp\/v2\/media\/4966"}],"wp:attachment":[{"href":"https:\/\/www.vinquotidien.com\/fr\/wp-json\/wp\/v2\/media?parent=1460"}],"wp:term":[{"taxonomy":"product_brand","embeddable":true,"href":"https:\/\/www.vinquotidien.com\/fr\/wp-json\/wp\/v2\/product_brand?post=1460"},{"taxonomy":"product_cat","embeddable":true,"href":"https:\/\/www.vinquotidien.com\/fr\/wp-json\/wp\/v2\/product_cat?post=1460"},{"taxonomy":"product_tag","embeddable":true,"href":"https:\/\/www.vinquotidien.com\/fr\/wp-json\/wp\/v2\/product_tag?post=1460"}],"curies":[{"name":"wp","href":"https:\/\/api.w.org\/{rel}","templated":true}]}}