{"id":1461,"date":"2020-04-21T15:12:11","date_gmt":"2020-04-21T13:12:11","guid":{"rendered":"http:\/\/www.vinquotidien.com\/produit\/import-placeholder-for-349\/"},"modified":"2025-10-06T10:27:35","modified_gmt":"2025-10-06T08:27:35","slug":"grillo-sicilia-4","status":"publish","type":"product","link":"https:\/\/www.vinquotidien.com\/fr\/produit\/grillo-sicilia-4\/","title":{"rendered":"La Fussi\u00e8re 2022 &#8211; Maranges 1er Cru &#8211; Domaine Chevrot"},"content":{"rendered":"<p><strong>Vigneron :<\/strong><br \/>\nDomaine Chevrot<\/p>\n<p><strong>Appellation :<\/strong><br \/>\nMaranges 1er cru<\/p>\n<p><strong>R\u00e9gion : <\/strong><br \/>\nBourgogne<\/p>\n<p><strong>R\u00e9compenses :<\/strong><br \/>\nRevue des Vins de France (RVF) : 90\/100<\/p>\n<p><strong>Et le vin\u2026<\/strong><br \/>\nC\u00e9page : 100% Pinot Noir<br \/>\nDeux parcelles pour un total de 0,8 hectare avec des sols de marnes grises pour l&rsquo;un et pour l\u2019autre de limons et de calcaire<br \/>\nAge moyen des vignes: 40 ans<br \/>\nVendanges manuelles, vinification en cuves<br \/>\nApr\u00e8s pressage des mo\u00fbts, les jus de presse et jus de goutte sont assembl\u00e9s et \u00e9lev\u00e9s en f\u00fbts de ch\u00eane pendant 16 mois<\/p>\n<p><strong>Et dans le verre\u2026<\/strong><br \/>\nJolie robe rouge violac\u00e9e<br \/>\nNez s\u2019exprimant sur des notes de fruits rouges confits, de fleurs, de poivre et de gingembre<br \/>\nBouche dense, charnue et charpent\u00e9e, avec des tanins bien pr\u00e9sents et souples<br \/>\nLa finale est d\u2019une belle longueur<\/p>\n<p><strong>Accords Mets &amp; Vins : <\/strong><br \/>\nViandes rouges go\u00fbteuses, porc brais\u00e9, plats exotiques et \u00e9pic\u00e9s. C\u00f4t\u00e9 fromage, l\u2019\u00e9poisses ou l\u2019ami du chambertin<\/p>\n","protected":false},"excerpt":{"rendered":"<p><strong>Vigneron :<\/strong><br \/>\nDomaine Chevrot<\/p>\n<p><strong>Appellation :<\/strong><br \/>\nMaranges 1er cru<\/p>\n<p><strong>R\u00e9gion : <\/strong><br \/>\nBourgogne<\/p>\n<p><strong>R\u00e9compenses :<\/strong><br \/>\nRevue des Vins de France (RVF) : 90\/100<\/p>\n","protected":false},"featured_media":8080,"comment_status":"open","ping_status":"closed","template":"","meta":[],"product_brand":[],"product_cat":[25],"product_tag":[],"class_list":{"0":"post-1461","1":"product","2":"type-product","3":"status-publish","4":"has-post-thumbnail","6":"product_cat-vin-rouge","8":"first","9":"instock","10":"taxable","11":"shipping-taxable","12":"purchasable","13":"product-type-simple"},"group_of_quantity":6,"min_quantity":0,"max_quantity":"","exclude_order_quantity_value_rules":"no","exclude_category_quantity_rules":"no","combine_variations":"no","_links":{"self":[{"href":"https:\/\/www.vinquotidien.com\/fr\/wp-json\/wp\/v2\/product\/1461","targetHints":{"allow":["GET"]}}],"collection":[{"href":"https:\/\/www.vinquotidien.com\/fr\/wp-json\/wp\/v2\/product"}],"about":[{"href":"https:\/\/www.vinquotidien.com\/fr\/wp-json\/wp\/v2\/types\/product"}],"replies":[{"embeddable":true,"href":"https:\/\/www.vinquotidien.com\/fr\/wp-json\/wp\/v2\/comments?post=1461"}],"wp:featuredmedia":[{"embeddable":true,"href":"https:\/\/www.vinquotidien.com\/fr\/wp-json\/wp\/v2\/media\/8080"}],"wp:attachment":[{"href":"https:\/\/www.vinquotidien.com\/fr\/wp-json\/wp\/v2\/media?parent=1461"}],"wp:term":[{"taxonomy":"product_brand","embeddable":true,"href":"https:\/\/www.vinquotidien.com\/fr\/wp-json\/wp\/v2\/product_brand?post=1461"},{"taxonomy":"product_cat","embeddable":true,"href":"https:\/\/www.vinquotidien.com\/fr\/wp-json\/wp\/v2\/product_cat?post=1461"},{"taxonomy":"product_tag","embeddable":true,"href":"https:\/\/www.vinquotidien.com\/fr\/wp-json\/wp\/v2\/product_tag?post=1461"}],"curies":[{"name":"wp","href":"https:\/\/api.w.org\/{rel}","templated":true}]}}