{"id":1462,"date":"2020-04-21T15:12:11","date_gmt":"2020-04-21T13:12:11","guid":{"rendered":"http:\/\/www.vinquotidien.com\/produit\/import-placeholder-for-350\/"},"modified":"2025-03-24T16:25:57","modified_gmt":"2025-03-24T15:25:57","slug":"maiana-rosso-salice-salentino-2","status":"publish","type":"product","link":"https:\/\/www.vinquotidien.com\/fr\/produit\/maiana-rosso-salice-salentino-2\/","title":{"rendered":"Maiana &#8211; Salice Salentino &#8211; Leone de Castris"},"content":{"rendered":"<p><strong>Vigneron : <\/strong><br \/>\nLeone De Castris<\/p>\n<p><strong>Appellation : <\/strong><br \/>\nSalice Salentino<\/p>\n<p><strong>R\u00e9gion : <\/strong><br \/>\nPouilles \/ Italie<\/p>\n<p><strong>Et le vin&#8230;<\/strong><br \/>\nC\u00e9pages : 85 % Negroamaro, 15 % Malvasia Nera di Lecce<br \/>\nVendanges mi-septembre<br \/>\nLes raisins soigneusement s\u00e9lectionn\u00e9s sont laiss\u00e9s \u00e0 mac\u00e9rer \u00e0 temp\u00e9rature contr\u00f4l\u00e9e (20-22 \u00b0 C) pendant au moins 10 jours<br \/>\nLe soutirage est suivi d&rsquo;une fermentation malolactique et d&rsquo;un \u00e9levage en f\u00fbts de ch\u00eane pendant environ 6 mois<\/p>\n<p><strong>Et dans le verre&#8230;<\/strong><br \/>\nCouleur rouge rubis intense<br \/>\nLe nez pr\u00e9sente des notes fruit\u00e9es de prune et de fruits rouges et des notes \u00e9pic\u00e9es de vanille<br \/>\nBouche douce et velout\u00e9e, tanins souple mais pr\u00e9sents. Bonne longueur<\/p>\n<p><strong>Accords Mets &amp; Vins : <\/strong><br \/>\nExcellent avec des viandes r\u00f4ties, il devient incontournable avec les plateaux de fromages<\/p>\n","protected":false},"excerpt":{"rendered":"<p><strong>Vigneron : <\/strong><br \/>\nLeone De Castris<\/p>\n<p><strong>Appellation : <\/strong><br \/>\nSalice Salentino 2016<\/p>\n<p><strong>R\u00e9gion : <\/strong><br \/>\nPouilles \/ Italie<\/p>\n","protected":false},"featured_media":4980,"comment_status":"open","ping_status":"closed","template":"","meta":[],"product_brand":[],"product_cat":[25],"product_tag":[],"class_list":{"0":"post-1462","1":"product","2":"type-product","3":"status-publish","4":"has-post-thumbnail","6":"product_cat-vin-rouge","8":"first","9":"instock","10":"taxable","11":"shipping-taxable","12":"purchasable","13":"product-type-simple"},"group_of_quantity":6,"min_quantity":0,"max_quantity":"","exclude_order_quantity_value_rules":"no","exclude_category_quantity_rules":"no","combine_variations":"no","_links":{"self":[{"href":"https:\/\/www.vinquotidien.com\/fr\/wp-json\/wp\/v2\/product\/1462","targetHints":{"allow":["GET"]}}],"collection":[{"href":"https:\/\/www.vinquotidien.com\/fr\/wp-json\/wp\/v2\/product"}],"about":[{"href":"https:\/\/www.vinquotidien.com\/fr\/wp-json\/wp\/v2\/types\/product"}],"replies":[{"embeddable":true,"href":"https:\/\/www.vinquotidien.com\/fr\/wp-json\/wp\/v2\/comments?post=1462"}],"wp:featuredmedia":[{"embeddable":true,"href":"https:\/\/www.vinquotidien.com\/fr\/wp-json\/wp\/v2\/media\/4980"}],"wp:attachment":[{"href":"https:\/\/www.vinquotidien.com\/fr\/wp-json\/wp\/v2\/media?parent=1462"}],"wp:term":[{"taxonomy":"product_brand","embeddable":true,"href":"https:\/\/www.vinquotidien.com\/fr\/wp-json\/wp\/v2\/product_brand?post=1462"},{"taxonomy":"product_cat","embeddable":true,"href":"https:\/\/www.vinquotidien.com\/fr\/wp-json\/wp\/v2\/product_cat?post=1462"},{"taxonomy":"product_tag","embeddable":true,"href":"https:\/\/www.vinquotidien.com\/fr\/wp-json\/wp\/v2\/product_tag?post=1462"}],"curies":[{"name":"wp","href":"https:\/\/api.w.org\/{rel}","templated":true}]}}