{"id":1463,"date":"2020-04-21T15:12:11","date_gmt":"2020-04-21T13:12:11","guid":{"rendered":"http:\/\/www.vinquotidien.com\/produit\/import-placeholder-for-351\/"},"modified":"2025-03-24T16:25:49","modified_gmt":"2025-03-24T15:25:49","slug":"montepulciano-clivis-2","status":"publish","type":"product","link":"https:\/\/www.vinquotidien.com\/fr\/produit\/montepulciano-clivis-2\/","title":{"rendered":"Clivis 2020 &#8211; Montepulciano d&rsquo;Abruzzo &#8211; Cantina Colonnella"},"content":{"rendered":"<p><strong>Vigneron : <\/strong><br \/>\nCantina Colonnella<\/p>\n<p><strong>Appellation : <\/strong><br \/>\nMontepulciano d&rsquo;Abruzzo<\/p>\n<p><strong>R\u00e9gion : <\/strong><br \/>\nAbruzzes \/ Italie<\/p>\n<p><strong>Et le vin&#8230;<\/strong><br \/>\nC\u00e9page : 100% Montepulciano<br \/>\nVinification classique avec mac\u00e9ration des raisins pour une bonne extraction de la couleur, contr\u00f4le constant de la temp\u00e9rature pendant la fermentation<br \/>\nLes lies sont souvent s\u00e9par\u00e9es pendant les premiers mois de maturation<\/p>\n<p><strong>Et dans le verre&#8230;<\/strong><br \/>\nCouleur rouge rubis intense<br \/>\nParfum complexe de cerises, violettes et roses, fruits des bois, fines herbes et sous-bois<br \/>\nBouche ample et velout\u00e9e, tanins doux et raffin\u00e9s avec une petite touche d&rsquo;orange am\u00e8re sur une finale longue et g\u00e9n\u00e9reuse<\/p>\n<p><strong>Accords Mets &amp; Vins : <\/strong><br \/>\nExcellent avec la viande rouge, id\u00e9al avec l&rsquo;agneau<\/p>\n","protected":false},"excerpt":{"rendered":"<p><strong>Vigneron : <\/strong><br \/>\nCantina Colonnella<\/p>\n<p><strong>Appellation : <\/strong><br \/>\nMontepulciano d&rsquo;Abruzzo<\/p>\n<p><strong>R\u00e9gion : <\/strong><br \/>\nAbruzzes \/ Italie<\/p>\n","protected":false},"featured_media":4978,"comment_status":"open","ping_status":"closed","template":"","meta":[],"product_brand":[],"product_cat":[25],"product_tag":[],"class_list":{"0":"post-1463","1":"product","2":"type-product","3":"status-publish","4":"has-post-thumbnail","6":"product_cat-vin-rouge","8":"first","9":"instock","10":"taxable","11":"shipping-taxable","12":"purchasable","13":"product-type-simple"},"group_of_quantity":6,"min_quantity":0,"max_quantity":"","exclude_order_quantity_value_rules":"no","exclude_category_quantity_rules":"no","combine_variations":"no","_links":{"self":[{"href":"https:\/\/www.vinquotidien.com\/fr\/wp-json\/wp\/v2\/product\/1463","targetHints":{"allow":["GET"]}}],"collection":[{"href":"https:\/\/www.vinquotidien.com\/fr\/wp-json\/wp\/v2\/product"}],"about":[{"href":"https:\/\/www.vinquotidien.com\/fr\/wp-json\/wp\/v2\/types\/product"}],"replies":[{"embeddable":true,"href":"https:\/\/www.vinquotidien.com\/fr\/wp-json\/wp\/v2\/comments?post=1463"}],"wp:featuredmedia":[{"embeddable":true,"href":"https:\/\/www.vinquotidien.com\/fr\/wp-json\/wp\/v2\/media\/4978"}],"wp:attachment":[{"href":"https:\/\/www.vinquotidien.com\/fr\/wp-json\/wp\/v2\/media?parent=1463"}],"wp:term":[{"taxonomy":"product_brand","embeddable":true,"href":"https:\/\/www.vinquotidien.com\/fr\/wp-json\/wp\/v2\/product_brand?post=1463"},{"taxonomy":"product_cat","embeddable":true,"href":"https:\/\/www.vinquotidien.com\/fr\/wp-json\/wp\/v2\/product_cat?post=1463"},{"taxonomy":"product_tag","embeddable":true,"href":"https:\/\/www.vinquotidien.com\/fr\/wp-json\/wp\/v2\/product_tag?post=1463"}],"curies":[{"name":"wp","href":"https:\/\/api.w.org\/{rel}","templated":true}]}}