{"id":1464,"date":"2020-04-21T15:12:11","date_gmt":"2020-04-21T13:12:11","guid":{"rendered":"http:\/\/www.vinquotidien.com\/produit\/import-placeholder-for-352\/"},"modified":"2026-05-08T11:32:29","modified_gmt":"2026-05-08T09:32:29","slug":"morgon-ludovic-charvet-2","status":"publish","type":"product","link":"https:\/\/www.vinquotidien.com\/fr\/produit\/morgon-ludovic-charvet-2\/","title":{"rendered":"Morgon 2024 &#8211; Domaine Ludovic Charvet &#8211; Beaujolais"},"content":{"rendered":"<p><strong>Vigneron : <\/strong><br \/>\nDomaine Ludovic Charvet<\/p>\n<p><strong>Appellation : <\/strong><br \/>\nMorgon<\/p>\n<p><strong>R\u00e9gion : <\/strong><br \/>\nBeaujolais<\/p>\n<p><strong>Et le vin\u2026<\/strong><br \/>\nC\u00e9page : 100% Gamay<br \/>\nSols argileux et argilo-siliceux<br \/>\nPetit vignoble de 5 ha, parcelle situ\u00e9 sur le haut du plateau<br \/>\nTravail dans le respect de la nature en \u00e9vitant autant que possible l&rsquo;utilisation de produits et de traitements chimiques<br \/>\nVendanges manuelles, vinification traditionnelle<\/p>\n<p><strong>Et dans le verre\u2026<\/strong><br \/>\nRouge couleur rubis<br \/>\nNez sur des ar\u00f4mes de fruits \u00e0 noyaux biens m\u00fbr<br \/>\nBouche aux ar\u00f4mes surtout fruit\u00e9s : cerise, framboise, groseille<br \/>\nFinale riche et structur\u00e9 avec des tanins souples qui s\u2019affineront avec les ann\u00e9es<\/p>\n<p><strong>Accords Mets &amp; Vins :<\/strong><br \/>\nCharcuterie, carr\u00e9 de veau r\u00f4ti ou plateau de fromages<\/p>\n","protected":false},"excerpt":{"rendered":"<p><strong>Vigneron : <\/strong><br \/>\nDomaine Ludovic Charvet<\/p>\n<p><strong>Appellation : <\/strong><br \/>\nMorgon<\/p>\n<p><strong>R\u00e9gion : <\/strong><br \/>\nBeaujolais<\/p>\n","protected":false},"featured_media":6823,"comment_status":"open","ping_status":"closed","template":"","meta":[],"product_brand":[],"product_cat":[25],"product_tag":[],"class_list":{"0":"post-1464","1":"product","2":"type-product","3":"status-publish","4":"has-post-thumbnail","6":"product_cat-vin-rouge","8":"first","9":"instock","10":"taxable","11":"shipping-taxable","12":"purchasable","13":"product-type-simple"},"group_of_quantity":6,"min_quantity":0,"max_quantity":"","exclude_order_quantity_value_rules":"no","exclude_category_quantity_rules":"no","combine_variations":"no","_links":{"self":[{"href":"https:\/\/www.vinquotidien.com\/fr\/wp-json\/wp\/v2\/product\/1464","targetHints":{"allow":["GET"]}}],"collection":[{"href":"https:\/\/www.vinquotidien.com\/fr\/wp-json\/wp\/v2\/product"}],"about":[{"href":"https:\/\/www.vinquotidien.com\/fr\/wp-json\/wp\/v2\/types\/product"}],"replies":[{"embeddable":true,"href":"https:\/\/www.vinquotidien.com\/fr\/wp-json\/wp\/v2\/comments?post=1464"}],"wp:featuredmedia":[{"embeddable":true,"href":"https:\/\/www.vinquotidien.com\/fr\/wp-json\/wp\/v2\/media\/6823"}],"wp:attachment":[{"href":"https:\/\/www.vinquotidien.com\/fr\/wp-json\/wp\/v2\/media?parent=1464"}],"wp:term":[{"taxonomy":"product_brand","embeddable":true,"href":"https:\/\/www.vinquotidien.com\/fr\/wp-json\/wp\/v2\/product_brand?post=1464"},{"taxonomy":"product_cat","embeddable":true,"href":"https:\/\/www.vinquotidien.com\/fr\/wp-json\/wp\/v2\/product_cat?post=1464"},{"taxonomy":"product_tag","embeddable":true,"href":"https:\/\/www.vinquotidien.com\/fr\/wp-json\/wp\/v2\/product_tag?post=1464"}],"curies":[{"name":"wp","href":"https:\/\/api.w.org\/{rel}","templated":true}]}}