{"id":1466,"date":"2020-04-21T15:12:12","date_gmt":"2020-04-21T13:12:12","guid":{"rendered":"http:\/\/www.vinquotidien.com\/produit\/import-placeholder-for-354\/"},"modified":"2025-03-24T16:25:15","modified_gmt":"2025-03-24T15:25:15","slug":"nero-davola-kore-2","status":"publish","type":"product","link":"https:\/\/www.vinquotidien.com\/fr\/produit\/nero-davola-kore-2\/","title":{"rendered":"Kore &#8211; Nero D&rsquo;Avola &#8211; Cantina Colomba Bianca"},"content":{"rendered":"<p><strong>Vigneron : <\/strong><br \/>\nCantina Colomba Bianca<\/p>\n<p><strong>Appellation : <\/strong><br \/>\nSicilia<\/p>\n<p><strong>R\u00e9gion : <\/strong><br \/>\nSicile \/ Italie<\/p>\n<p><strong>Et le vin&#8230;<\/strong><br \/>\nC\u00e9page : 100% Nero D&rsquo;Avola<br \/>\nLe vignoble est constitu\u00e9 de sols calcaires et s\u2019\u00e9tend jusqu&rsquo;\u00e0 700 m\u00e8tres au-dessus du niveau de la mer<br \/>\nLes raisins sont vendang\u00e9s \u00e0 la main et ferment\u00e9s sur la peau pendant au moins 10 jours afin d&rsquo;en extraire la couleur et les tanins souples<br \/>\n50% du vin \u00e9lev\u00e9 en f\u00fbts de ch\u00eane fran\u00e7ais pendant six mois<\/p>\n<p><strong>Et dans le verre&#8230;<\/strong><br \/>\nRouge rubis avec des nuances briques<br \/>\nAr\u00f4me de petits fruits rouges, fraises des bois et framboises, accompagn\u00e9s de notes d&rsquo;\u00e9corces d&rsquo;orange et d&rsquo;\u00e9pices orientales.<br \/>\nBouche douce et velout\u00e9e au fruit\u00e9 distinctif at aux notes \u00e9pic\u00e9es de poivre et de vanille. Finale longue et persistante.<\/p>\n<p><strong>Accords Mets &amp; Vins : <\/strong><br \/>\nId\u00e9al pour la cuisine sicilienne typiques: spaghetti alla Norma , aux aubergines ou ricotta fum\u00e9e<\/p>\n","protected":false},"excerpt":{"rendered":"<p><strong>Vigneron : <\/strong><br \/>\nCantina Colomba Bianca<\/p>\n<p><strong>Appellation : <\/strong><br \/>\nSicilia 2019<\/p>\n<p><strong>R\u00e9gion : <\/strong><br \/>\nSicile \/ Italie<\/p>\n","protected":false},"featured_media":6570,"comment_status":"open","ping_status":"closed","template":"","meta":[],"product_brand":[],"product_cat":[25],"product_tag":[],"class_list":{"0":"post-1466","1":"product","2":"type-product","3":"status-publish","4":"has-post-thumbnail","6":"product_cat-vin-rouge","8":"first","9":"instock","10":"taxable","11":"shipping-taxable","12":"purchasable","13":"product-type-simple"},"group_of_quantity":6,"min_quantity":0,"max_quantity":"","exclude_order_quantity_value_rules":"no","exclude_category_quantity_rules":"no","combine_variations":"no","_links":{"self":[{"href":"https:\/\/www.vinquotidien.com\/fr\/wp-json\/wp\/v2\/product\/1466","targetHints":{"allow":["GET"]}}],"collection":[{"href":"https:\/\/www.vinquotidien.com\/fr\/wp-json\/wp\/v2\/product"}],"about":[{"href":"https:\/\/www.vinquotidien.com\/fr\/wp-json\/wp\/v2\/types\/product"}],"replies":[{"embeddable":true,"href":"https:\/\/www.vinquotidien.com\/fr\/wp-json\/wp\/v2\/comments?post=1466"}],"wp:featuredmedia":[{"embeddable":true,"href":"https:\/\/www.vinquotidien.com\/fr\/wp-json\/wp\/v2\/media\/6570"}],"wp:attachment":[{"href":"https:\/\/www.vinquotidien.com\/fr\/wp-json\/wp\/v2\/media?parent=1466"}],"wp:term":[{"taxonomy":"product_brand","embeddable":true,"href":"https:\/\/www.vinquotidien.com\/fr\/wp-json\/wp\/v2\/product_brand?post=1466"},{"taxonomy":"product_cat","embeddable":true,"href":"https:\/\/www.vinquotidien.com\/fr\/wp-json\/wp\/v2\/product_cat?post=1466"},{"taxonomy":"product_tag","embeddable":true,"href":"https:\/\/www.vinquotidien.com\/fr\/wp-json\/wp\/v2\/product_tag?post=1466"}],"curies":[{"name":"wp","href":"https:\/\/api.w.org\/{rel}","templated":true}]}}