{"id":1467,"date":"2020-04-21T15:12:12","date_gmt":"2020-04-21T13:12:12","guid":{"rendered":"http:\/\/www.vinquotidien.com\/produit\/import-placeholder-for-355\/"},"modified":"2023-08-26T15:34:39","modified_gmt":"2023-08-26T13:34:39","slug":"nobile-salcheto-3-bicchieri-2","status":"publish","type":"product","link":"https:\/\/www.vinquotidien.com\/fr\/produit\/nobile-salcheto-3-bicchieri-2\/","title":{"rendered":"Nobile di Montepulciano 2018 &#8211; Salcheto"},"content":{"rendered":"<p><strong>Vigneron : <\/strong><br \/>\nSalcheto<\/p>\n<p><strong>Appellation : <\/strong><br \/>\nVino Nobile di Montepulciano<\/p>\n<p><strong>R\u00e9gion : <\/strong><br \/>\nToscane \/ Italie<\/p>\n<p><strong>R\u00e9compenses :<\/strong><br \/>\nGambero Rosso &#8211; Tre Bicchieri<br \/>\nWine Enthusiast: 94\/100<br \/>\nWine Spectator: 90\/100<br \/>\nRobert Parker \u2013 Wine Advocate: 90\/100<br \/>\nClass\u00e9 26\u00e8me au Wine Spectator Top 100<\/p>\n<p><strong>Et le vin&#8230;<\/strong><br \/>\nC\u00e9page : 100% Sangiovese vari\u00e9t\u00e9 Prugnolo Gentile<br \/>\nSols argileux et \u00e9carts de temp\u00e9rature jour\/nuit important<br \/>\nRaisins r\u00e9colt\u00e9s exclusivement \u00e0 la main. Ferment\u00e9 en rouge sans ajout de sulfites.<br \/>\nElevage en f\u00fbt et tonneaux pendant 18 mois avant mise en bouteille.<br \/>\nSix mois de vieillissement suppl\u00e9mentaire avant commercialisation<\/p>\n<p><strong>Et dans le verre&#8230;<\/strong><br \/>\nCouleur rouge intense tendant vers le violet<br \/>\nAr\u00f4mes de fruits rouges, m\u00fbres, graphite, poivre noir<br \/>\nBouche complexe ,souple et ample avec une finale tr\u00e8s longue<\/p>\n<p><strong>Accords Mets &amp; Vins : <\/strong><br \/>\nViandes grill\u00e9es ou mijot\u00e9es, agneau, gibier \u00e0 plumes<\/p>\n","protected":false},"excerpt":{"rendered":"<p><strong>Vigneron : <\/strong><br \/>\nSalcheto<\/p>\n<p><strong>Appellation : <\/strong><br \/>\nVino Nobile di Montepulciano<\/p>\n<p><strong>R\u00e9gion : <\/strong><br \/>\nToscane \/ Italie<\/p>\n<p><strong>R\u00e9compenses :<\/strong><br \/>\nGambero Rosso &#8211; Tre Bicchieri<br \/>\nWine Enthusiast: 94\/100<br \/>\nWine Spectator: 90\/100<br \/>\nRobert Parker \u2013 Wine Advocate: 90\/100<br \/>\nClass\u00e9 26\u00e8me au Wine Spectator Top 100<\/p>\n","protected":false},"featured_media":4986,"comment_status":"open","ping_status":"closed","template":"","meta":[],"product_brand":[],"product_cat":[25],"product_tag":[],"class_list":{"0":"post-1467","1":"product","2":"type-product","3":"status-publish","4":"has-post-thumbnail","6":"product_cat-vin-rouge","8":"first","9":"instock","10":"taxable","11":"shipping-taxable","12":"purchasable","13":"product-type-simple"},"group_of_quantity":6,"min_quantity":0,"max_quantity":"","exclude_order_quantity_value_rules":"no","exclude_category_quantity_rules":"no","combine_variations":"no","_links":{"self":[{"href":"https:\/\/www.vinquotidien.com\/fr\/wp-json\/wp\/v2\/product\/1467","targetHints":{"allow":["GET"]}}],"collection":[{"href":"https:\/\/www.vinquotidien.com\/fr\/wp-json\/wp\/v2\/product"}],"about":[{"href":"https:\/\/www.vinquotidien.com\/fr\/wp-json\/wp\/v2\/types\/product"}],"replies":[{"embeddable":true,"href":"https:\/\/www.vinquotidien.com\/fr\/wp-json\/wp\/v2\/comments?post=1467"}],"wp:featuredmedia":[{"embeddable":true,"href":"https:\/\/www.vinquotidien.com\/fr\/wp-json\/wp\/v2\/media\/4986"}],"wp:attachment":[{"href":"https:\/\/www.vinquotidien.com\/fr\/wp-json\/wp\/v2\/media?parent=1467"}],"wp:term":[{"taxonomy":"product_brand","embeddable":true,"href":"https:\/\/www.vinquotidien.com\/fr\/wp-json\/wp\/v2\/product_brand?post=1467"},{"taxonomy":"product_cat","embeddable":true,"href":"https:\/\/www.vinquotidien.com\/fr\/wp-json\/wp\/v2\/product_cat?post=1467"},{"taxonomy":"product_tag","embeddable":true,"href":"https:\/\/www.vinquotidien.com\/fr\/wp-json\/wp\/v2\/product_tag?post=1467"}],"curies":[{"name":"wp","href":"https:\/\/api.w.org\/{rel}","templated":true}]}}