{"id":1468,"date":"2020-04-21T15:12:12","date_gmt":"2020-04-21T13:12:12","guid":{"rendered":"http:\/\/www.vinquotidien.com\/produit\/import-placeholder-for-356\/"},"modified":"2026-05-08T11:13:32","modified_gmt":"2026-05-08T09:13:32","slug":"pinot-noir-les-maisons-dieu-2","status":"publish","type":"product","link":"https:\/\/www.vinquotidien.com\/fr\/produit\/pinot-noir-les-maisons-dieu-2\/","title":{"rendered":"Les Maisons Dieu 2023 &#8211; Pinot Noir &#8211; Moissenet-Bonnard"},"content":{"rendered":"<p><strong>Vigneron :<\/strong><br \/>\nDomaine Moissenet-Bonnard<\/p>\n<p><strong>Appellation :<\/strong><br \/>\nBourgogne<\/p>\n<p><strong>R\u00e9gion :<\/strong><br \/>\nBourgogne<\/p>\n<p><strong>Et le vin\u2026<\/strong><br \/>\nC\u00e9page : 100% Pinot Noir<br \/>\nParcelle sise sur la commune de Pommard, d&rsquo;une surface de 28are 95 ca et \u00e2g\u00e9e de 30 ans. La r\u00e9colte est manuelle, tri\u00e9e, \u00e9rafl\u00e9e<br \/>\nVinification de 3 semaines dont 12 jours de fermentation alcoolique, suivie d\u2019un \u00e9levage en f\u00fbts de ch\u00eane de 2 \u00e0 4 ans pendant 12 mois<\/p>\n<p><strong>Et dans le verre\u2026<\/strong><br \/>\nRobe carmin soutenu<br \/>\nNez intense de cassis et cerise<br \/>\nBouche ferme, velout\u00e9e et dot\u00e9e de tanins persistants<\/p>\n<p><strong>Accords Mets &amp; Vins :<\/strong><br \/>\nCaille aux raisins, cuisine tha\u00eflandaise, darne de thon rouge<\/p>\n","protected":false},"excerpt":{"rendered":"<p><strong>Vigneron :<\/strong><br \/>\nDomaine Moissenet-Bonnard<\/p>\n<p><strong>Appellation :<\/strong><br \/>\nBourgogne<\/p>\n<p><strong>R\u00e9gion :<\/strong><br \/>\nBourgogne<\/p>\n","protected":false},"featured_media":4984,"comment_status":"open","ping_status":"closed","template":"","meta":[],"product_brand":[],"product_cat":[25],"product_tag":[],"class_list":{"0":"post-1468","1":"product","2":"type-product","3":"status-publish","4":"has-post-thumbnail","6":"product_cat-vin-rouge","8":"first","9":"outofstock","10":"taxable","11":"shipping-taxable","12":"purchasable","13":"product-type-simple"},"group_of_quantity":6,"min_quantity":0,"max_quantity":"","exclude_order_quantity_value_rules":"no","exclude_category_quantity_rules":"no","combine_variations":"no","_links":{"self":[{"href":"https:\/\/www.vinquotidien.com\/fr\/wp-json\/wp\/v2\/product\/1468","targetHints":{"allow":["GET"]}}],"collection":[{"href":"https:\/\/www.vinquotidien.com\/fr\/wp-json\/wp\/v2\/product"}],"about":[{"href":"https:\/\/www.vinquotidien.com\/fr\/wp-json\/wp\/v2\/types\/product"}],"replies":[{"embeddable":true,"href":"https:\/\/www.vinquotidien.com\/fr\/wp-json\/wp\/v2\/comments?post=1468"}],"wp:featuredmedia":[{"embeddable":true,"href":"https:\/\/www.vinquotidien.com\/fr\/wp-json\/wp\/v2\/media\/4984"}],"wp:attachment":[{"href":"https:\/\/www.vinquotidien.com\/fr\/wp-json\/wp\/v2\/media?parent=1468"}],"wp:term":[{"taxonomy":"product_brand","embeddable":true,"href":"https:\/\/www.vinquotidien.com\/fr\/wp-json\/wp\/v2\/product_brand?post=1468"},{"taxonomy":"product_cat","embeddable":true,"href":"https:\/\/www.vinquotidien.com\/fr\/wp-json\/wp\/v2\/product_cat?post=1468"},{"taxonomy":"product_tag","embeddable":true,"href":"https:\/\/www.vinquotidien.com\/fr\/wp-json\/wp\/v2\/product_tag?post=1468"}],"curies":[{"name":"wp","href":"https:\/\/api.w.org\/{rel}","templated":true}]}}