{"id":1469,"date":"2020-04-21T15:12:12","date_gmt":"2020-04-21T13:12:12","guid":{"rendered":"http:\/\/www.vinquotidien.com\/produit\/import-placeholder-for-357\/"},"modified":"2025-03-24T16:24:47","modified_gmt":"2025-03-24T15:24:47","slug":"pommard-les-petits-noizons-2","status":"publish","type":"product","link":"https:\/\/www.vinquotidien.com\/fr\/produit\/pommard-les-petits-noizons-2\/","title":{"rendered":"Les Petits Noizons 2019 &#8211; Pommard &#8211; Domaine Moissenet-Bonnard"},"content":{"rendered":"<p><strong>Vigneron :<\/strong><br \/>\nDomaine Moissenet-Bonnard<\/p>\n<p><strong>Appellation :<\/strong><br \/>\nPommard 1er cru<\/p>\n<p><strong>R\u00e9gion : <\/strong><br \/>\nBourgogne<\/p>\n<p><strong>Et le vin\u2026<\/strong><br \/>\nC\u00e9page : 100% Pinot Noir<br \/>\nBelle parcelle d&rsquo;une surface de 30 ares en haut de coteau (300 m\u00e8tres)<br \/>\nExposition sud \/ sud-est<br \/>\nLa vendange est manuelle, tri\u00e9e, \u00e9rafl\u00e9e en baies enti\u00e8res<br \/>\nLa vinification dure 4 semaines dont 21 jours de fermentation alcoolique<br \/>\nL\u2019\u00e9levage se fait en f\u00fbts de ch\u00eane (30% de neufs) pendant 18 mois<\/p>\n<p><strong>Et dans le verre\u2026<\/strong><br \/>\nRobe rubis grenat profond presque noir<br \/>\nNez de pulpe de fraise et de framboise sur un bois\u00e9 d\u00e9licat<br \/>\nBouche persistante d\u2019\u00e9pices, de sous-bois et de fruits bien m\u00fbrs (cassis, mures)<\/p>\n<p><strong>Accords Mets &amp; Vins : <\/strong><br \/>\nChapon r\u00f4ti ou civet, ce v\u00e9ritable Pommard accompagnera tous vos plats de caract\u00e8res<\/p>\n","protected":false},"excerpt":{"rendered":"<p><strong>Vigneron :<\/strong><br \/>\nDomaine Moissenet-Bonnard<\/p>\n<p><strong>Appellation :<\/strong><br \/>\nPommard 1er cru 2017<\/p>\n<p><strong>R\u00e9gion : <\/strong><br \/>\nBourgogne<\/p>\n","protected":false},"featured_media":5958,"comment_status":"open","ping_status":"closed","template":"","meta":[],"product_brand":[],"product_cat":[25],"product_tag":[],"class_list":{"0":"post-1469","1":"product","2":"type-product","3":"status-publish","4":"has-post-thumbnail","6":"product_cat-vin-rouge","8":"first","9":"instock","10":"taxable","11":"shipping-taxable","12":"purchasable","13":"product-type-simple"},"group_of_quantity":6,"min_quantity":0,"max_quantity":"","exclude_order_quantity_value_rules":"no","exclude_category_quantity_rules":"no","combine_variations":"no","_links":{"self":[{"href":"https:\/\/www.vinquotidien.com\/fr\/wp-json\/wp\/v2\/product\/1469","targetHints":{"allow":["GET"]}}],"collection":[{"href":"https:\/\/www.vinquotidien.com\/fr\/wp-json\/wp\/v2\/product"}],"about":[{"href":"https:\/\/www.vinquotidien.com\/fr\/wp-json\/wp\/v2\/types\/product"}],"replies":[{"embeddable":true,"href":"https:\/\/www.vinquotidien.com\/fr\/wp-json\/wp\/v2\/comments?post=1469"}],"wp:featuredmedia":[{"embeddable":true,"href":"https:\/\/www.vinquotidien.com\/fr\/wp-json\/wp\/v2\/media\/5958"}],"wp:attachment":[{"href":"https:\/\/www.vinquotidien.com\/fr\/wp-json\/wp\/v2\/media?parent=1469"}],"wp:term":[{"taxonomy":"product_brand","embeddable":true,"href":"https:\/\/www.vinquotidien.com\/fr\/wp-json\/wp\/v2\/product_brand?post=1469"},{"taxonomy":"product_cat","embeddable":true,"href":"https:\/\/www.vinquotidien.com\/fr\/wp-json\/wp\/v2\/product_cat?post=1469"},{"taxonomy":"product_tag","embeddable":true,"href":"https:\/\/www.vinquotidien.com\/fr\/wp-json\/wp\/v2\/product_tag?post=1469"}],"curies":[{"name":"wp","href":"https:\/\/api.w.org\/{rel}","templated":true}]}}