{"id":1473,"date":"2020-04-21T15:12:26","date_gmt":"2020-04-21T13:12:26","guid":{"rendered":"http:\/\/www.vinquotidien.com\/produit\/import-placeholder-for-359\/"},"modified":"2025-10-08T10:34:29","modified_gmt":"2025-10-08T08:34:29","slug":"rhone-le-temps-est-venu-3l-2","status":"publish","type":"product","link":"https:\/\/www.vinquotidien.com\/fr\/produit\/rhone-le-temps-est-venu-3l-2\/","title":{"rendered":"Le Temps Est Venu 2023 &#8211; C\u00f4tes-du-rh\u00f4ne &#8211; Domaine Ogier &#8211; 3L"},"content":{"rendered":"<p><strong>Vigneron : <\/strong><br \/>\nDomaine St\u00e9phane Ogier<\/p>\n<p><strong>Appellation : <\/strong><br \/>\nC\u00f4tes-du-rh\u00f4ne<\/p>\n<p><strong>R\u00e9gion : <\/strong><br \/>\nVall\u00e9e du Rh\u00f4ne Sud<\/p>\n<p><strong>R\u00e9compenses :<\/strong><br \/>\nRobert Parker &#8211; The Wine Advocate : 90\/100<br \/>\nClass\u00e9 \u00e0 la 62\u00e8me place dans le top 100 Wine Spectator<\/p>\n<p><strong>Et le vin\u2026<\/strong><br \/>\nC\u00e9pages : 60% Grenache, 35% Syrah, 5% Mourv\u00e8dre<br \/>\nAge du vignoble de 30 \u00e0 50 ans<br \/>\nTerroirs : Sol de cailloutis calcaires sur argiles bleues<br \/>\nVendanges manuelles. Tri \u00e0 la parcelle et table de tri \u00e0 l&rsquo;entr\u00e9e de la cuverie<br \/>\nVendange enti\u00e8re en cuves b\u00e9ton thermor\u00e9gul\u00e9es. Levures indig\u00e8nes<br \/>\n\u00c9levage de 10 mois en cuve b\u00e9ton<\/p>\n<p><strong>Et dans le verre\u2026<\/strong><br \/>\nBelle robe rubis, claire et limpide<br \/>\nNez de notes de cassis, de cerise noire et de violette<br \/>\nBouche \u00e9quilibr\u00e9e et riche, beaucoup de fra\u00eecheur et de personnalit\u00e9<br \/>\nFinale \u00e9pic\u00e9e, l\u00e9g\u00e8rement bois\u00e9e et tr\u00e8s r\u00e9ussie<\/p>\n<p><strong>Accords Mets &amp; Vins : <\/strong><br \/>\nAvec une poularde de Bresse ou notre coucou de Malines avec une sauce aux champignons<\/p>\n","protected":false},"excerpt":{"rendered":"<p><strong>Vigneron : <\/strong><br \/>\nDomaine St\u00e9phane Ogier<\/p>\n<p><strong>Appellation : <\/strong><br \/>\nC\u00f4tes-du-rh\u00f4ne<\/p>\n<p><strong>R\u00e9gion : <\/strong><br \/>\nVall\u00e9e du Rh\u00f4ne Sud<\/p>\n<p><strong>R\u00e9compenses :<\/strong><br \/>\nRobert Parker &#8211; The Wine Advocate : 90\/100<br \/>\nClass\u00e9 \u00e0 la 62\u00e8me place dans le top 100 Wine Spectator<\/p>\n","protected":false},"featured_media":4041,"comment_status":"open","ping_status":"closed","template":"","meta":[],"product_brand":[],"product_cat":[100,90,25],"product_tag":[],"class_list":{"0":"post-1473","1":"product","2":"type-product","3":"status-publish","4":"has-post-thumbnail","6":"product_cat-vente-a-lunite","7":"product_cat-vip-corner","8":"product_cat-vin-rouge","10":"first","11":"instock","12":"taxable","13":"shipping-taxable","14":"purchasable","15":"product-type-simple"},"group_of_quantity":1,"min_quantity":0,"max_quantity":"","exclude_order_quantity_value_rules":"yes","exclude_category_quantity_rules":"yes","combine_variations":"no","_links":{"self":[{"href":"https:\/\/www.vinquotidien.com\/fr\/wp-json\/wp\/v2\/product\/1473","targetHints":{"allow":["GET"]}}],"collection":[{"href":"https:\/\/www.vinquotidien.com\/fr\/wp-json\/wp\/v2\/product"}],"about":[{"href":"https:\/\/www.vinquotidien.com\/fr\/wp-json\/wp\/v2\/types\/product"}],"replies":[{"embeddable":true,"href":"https:\/\/www.vinquotidien.com\/fr\/wp-json\/wp\/v2\/comments?post=1473"}],"wp:featuredmedia":[{"embeddable":true,"href":"https:\/\/www.vinquotidien.com\/fr\/wp-json\/wp\/v2\/media\/4041"}],"wp:attachment":[{"href":"https:\/\/www.vinquotidien.com\/fr\/wp-json\/wp\/v2\/media?parent=1473"}],"wp:term":[{"taxonomy":"product_brand","embeddable":true,"href":"https:\/\/www.vinquotidien.com\/fr\/wp-json\/wp\/v2\/product_brand?post=1473"},{"taxonomy":"product_cat","embeddable":true,"href":"https:\/\/www.vinquotidien.com\/fr\/wp-json\/wp\/v2\/product_cat?post=1473"},{"taxonomy":"product_tag","embeddable":true,"href":"https:\/\/www.vinquotidien.com\/fr\/wp-json\/wp\/v2\/product_tag?post=1473"}],"curies":[{"name":"wp","href":"https:\/\/api.w.org\/{rel}","templated":true}]}}