{"id":1479,"date":"2020-04-21T15:12:27","date_gmt":"2020-04-21T13:12:27","guid":{"rendered":"http:\/\/www.vinquotidien.com\/produit\/import-placeholder-for-309\/"},"modified":"2025-07-01T10:08:00","modified_gmt":"2025-07-01T08:08:00","slug":"syrah-ame-sur-2","status":"publish","type":"product","link":"https:\/\/www.vinquotidien.com\/fr\/produit\/syrah-ame-sur-2\/","title":{"rendered":"L&rsquo;\u00c2me S\u0153ur 2022 &#8211; Syrah de Seyssuel &#8211; Domaine St\u00e9phane Ogier"},"content":{"rendered":"<p><strong>Sous allocation, nous contacter !<\/strong><\/p>\n<p><strong>Vigneron : <\/strong><br \/>\nDomaine St\u00e9phane Ogier<\/p>\n<p><strong>Appellation : <\/strong><br \/>\nVin de Pays des Collines Rhodaniennes<\/p>\n<p><strong>R\u00e9gion : <\/strong><br \/>\nVall\u00e9e du Rh\u00f4ne Sud<\/p>\n<p><strong>R\u00e9compenses :<\/strong><br \/>\nRobert Parker &#8211; The Wine Advocate : 92\/100<\/p>\n<p><strong>Et le vin\u2026<\/strong><br \/>\nC\u00e9page : 96% Syrah et 4% Viognier provenant de Seyssuel au nord de Vienne<br \/>\nTerrasses abruptes de micaschistes expos\u00e9es plein Sud. 35 hl\/ha<br \/>\nUn terroir oubli\u00e9 en plein essor !<br \/>\n\u00c9grappage et mac\u00e9ration \u00e0 froid en cuves inox thermor\u00e9gul\u00e9es, fermentation avec levures indig\u00e8nes<br \/>\nElevage de 18 mois en f\u00fbts dont 20% de bois neuf<\/p>\n<p><strong>Et dans le verre\u2026<\/strong><br \/>\nRobe pourpre sombre, intense et profonde<br \/>\nAr\u00f4mes de cassis, de violette mais aussi d&rsquo;olive noire et de petites touche de vanille<br \/>\nFin et \u00e9l\u00e9gant mais riche aussi avec des tanins qui s&rsquo;arrondissent avec le temps<br \/>\nCe qui le distingue, c&rsquo;est sa profondeur et son relief digne d&rsquo;un tr\u00e8s grand vin<\/p>\n<p><strong>Accords Mets &amp; Vins : <\/strong><br \/>\nAvec une entrec\u00f4te de b\u0153uf Wagyu, des perdreaux ou un magret de canard au miel<\/p>\n","protected":false},"excerpt":{"rendered":"<p><strong>Sous allocation, nous contacter !<\/strong><\/p>\n<p><strong>Vigneron : <\/strong><br \/>\nDomaine St\u00e9phane Ogier<\/p>\n<p><strong>Appellation : <\/strong><br \/>\nVin de Pays des Collines Rhodaniennes<\/p>\n<p><strong>R\u00e9gion : <\/strong><br \/>\nVall\u00e9e du Rh\u00f4ne Sud<\/p>\n<p><strong>R\u00e9compenses :<\/strong><br \/>\nRobert Parker &#8211; The Wine Advocate : 92\/100<\/p>\n","protected":false},"featured_media":5790,"comment_status":"open","ping_status":"closed","template":"","meta":[],"product_brand":[],"product_cat":[25,90],"product_tag":[],"class_list":{"0":"post-1479","1":"product","2":"type-product","3":"status-publish","4":"has-post-thumbnail","6":"product_cat-vin-rouge","7":"product_cat-vip-corner","9":"first","10":"instock","11":"taxable","12":"shipping-taxable","13":"purchasable","14":"product-type-simple"},"group_of_quantity":1,"min_quantity":0,"max_quantity":"","exclude_order_quantity_value_rules":"no","exclude_category_quantity_rules":"no","combine_variations":"no","_links":{"self":[{"href":"https:\/\/www.vinquotidien.com\/fr\/wp-json\/wp\/v2\/product\/1479","targetHints":{"allow":["GET"]}}],"collection":[{"href":"https:\/\/www.vinquotidien.com\/fr\/wp-json\/wp\/v2\/product"}],"about":[{"href":"https:\/\/www.vinquotidien.com\/fr\/wp-json\/wp\/v2\/types\/product"}],"replies":[{"embeddable":true,"href":"https:\/\/www.vinquotidien.com\/fr\/wp-json\/wp\/v2\/comments?post=1479"}],"wp:featuredmedia":[{"embeddable":true,"href":"https:\/\/www.vinquotidien.com\/fr\/wp-json\/wp\/v2\/media\/5790"}],"wp:attachment":[{"href":"https:\/\/www.vinquotidien.com\/fr\/wp-json\/wp\/v2\/media?parent=1479"}],"wp:term":[{"taxonomy":"product_brand","embeddable":true,"href":"https:\/\/www.vinquotidien.com\/fr\/wp-json\/wp\/v2\/product_brand?post=1479"},{"taxonomy":"product_cat","embeddable":true,"href":"https:\/\/www.vinquotidien.com\/fr\/wp-json\/wp\/v2\/product_cat?post=1479"},{"taxonomy":"product_tag","embeddable":true,"href":"https:\/\/www.vinquotidien.com\/fr\/wp-json\/wp\/v2\/product_tag?post=1479"}],"curies":[{"name":"wp","href":"https:\/\/api.w.org\/{rel}","templated":true}]}}