{"id":1681,"date":"2020-04-24T08:56:11","date_gmt":"2020-04-24T06:56:11","guid":{"rendered":"http:\/\/www.vinquotidien.com\/?post_type=product&#038;p=1681"},"modified":"2025-03-24T16:22:53","modified_gmt":"2025-03-24T15:22:53","slug":"beaune-montee-rouge-blanc-2","status":"publish","type":"product","link":"https:\/\/www.vinquotidien.com\/fr\/produit\/beaune-montee-rouge-blanc-2\/","title":{"rendered":"Beaune Mont\u00e9e Rouge Chardonnay 2022 &#8211; Domaine Moissenet-Bonnard"},"content":{"rendered":"<p><strong>Vigneron : <\/strong><br \/>\nDomaine Moissenet-Bonnard<\/p>\n<p><strong>Appellation : <\/strong><br \/>\nBeaune blanc<\/p>\n<p><strong>R\u00e9gion : <\/strong><br \/>\nBourgogne<\/p>\n<p><strong>Et le vin\u2026<\/strong><br \/>\nC\u00e9page : Chardonnay 100%<br \/>\nParcelle de 50are, orient\u00e9e Est, sur un sol en \u00abgr\u00e8zes lit\u00e9es\u00bb, \u00e2g\u00e9e de 35 ans<br \/>\nEnti\u00e8rement travaill\u00e9e \u00e0 la main, enherb\u00e9e pour \u00e9viter l\u2019\u00e9rosion et favoriser la flore<br \/>\nR\u00e9colte manuelle press\u00e9e en pressoir pneumatique pour obtenir un jus pur<br \/>\nVieillissement : 30% de futs neufs<\/p>\n<p><strong>Et dans le verre\u2026<\/strong><br \/>\nCouleur or p\u00e2le<br \/>\nNez floral, fleurs blanches et notes d\u2019amandes fraiches. L\u00e9g\u00e8rement \u00e9pic\u00e9 (cannelle)<br \/>\nBouche soyeuse, avec des ar\u00f4mes de p\u00eaches de vignes<\/p>\n<p><strong>Accords Mets &amp; Vins: <\/strong><br \/>\nCarpaccio de la Mer ou fromages de ch\u00e8vre et de brebis<\/p>\n","protected":false},"excerpt":{"rendered":"<p><strong>Vigneron : <\/strong><br \/>\nDomaine Moissenet-Bonnard<\/p>\n<p><strong>Appellation : <\/strong><br \/>\nBeaune blanc<\/p>\n<p><strong>R\u00e9gion : <\/strong><br \/>\nBourgogne<\/p>\n","protected":false},"featured_media":5010,"comment_status":"open","ping_status":"closed","template":"","meta":[],"product_brand":[],"product_cat":[26],"product_tag":[],"class_list":{"0":"post-1681","1":"product","2":"type-product","3":"status-publish","4":"has-post-thumbnail","6":"product_cat-vin-blanc","8":"first","9":"instock","10":"taxable","11":"shipping-taxable","12":"purchasable","13":"product-type-simple"},"group_of_quantity":6,"min_quantity":0,"max_quantity":"","exclude_order_quantity_value_rules":"no","exclude_category_quantity_rules":"no","combine_variations":"no","_links":{"self":[{"href":"https:\/\/www.vinquotidien.com\/fr\/wp-json\/wp\/v2\/product\/1681","targetHints":{"allow":["GET"]}}],"collection":[{"href":"https:\/\/www.vinquotidien.com\/fr\/wp-json\/wp\/v2\/product"}],"about":[{"href":"https:\/\/www.vinquotidien.com\/fr\/wp-json\/wp\/v2\/types\/product"}],"replies":[{"embeddable":true,"href":"https:\/\/www.vinquotidien.com\/fr\/wp-json\/wp\/v2\/comments?post=1681"}],"wp:featuredmedia":[{"embeddable":true,"href":"https:\/\/www.vinquotidien.com\/fr\/wp-json\/wp\/v2\/media\/5010"}],"wp:attachment":[{"href":"https:\/\/www.vinquotidien.com\/fr\/wp-json\/wp\/v2\/media?parent=1681"}],"wp:term":[{"taxonomy":"product_brand","embeddable":true,"href":"https:\/\/www.vinquotidien.com\/fr\/wp-json\/wp\/v2\/product_brand?post=1681"},{"taxonomy":"product_cat","embeddable":true,"href":"https:\/\/www.vinquotidien.com\/fr\/wp-json\/wp\/v2\/product_cat?post=1681"},{"taxonomy":"product_tag","embeddable":true,"href":"https:\/\/www.vinquotidien.com\/fr\/wp-json\/wp\/v2\/product_tag?post=1681"}],"curies":[{"name":"wp","href":"https:\/\/api.w.org\/{rel}","templated":true}]}}