{"id":2615,"date":"2020-05-11T18:42:24","date_gmt":"2020-05-11T16:42:24","guid":{"rendered":"http:\/\/www.vinquotidien.com\/?post_type=product&#038;p=2615"},"modified":"2025-10-28T14:43:43","modified_gmt":"2025-10-28T13:43:43","slug":"pouilly-fume-maison-millet-1-2-375cl","status":"publish","type":"product","link":"https:\/\/www.vinquotidien.com\/fr\/produit\/pouilly-fume-maison-millet-1-2-375cl\/","title":{"rendered":"Pouilly-fum\u00e9 2024 &#8211; Domaine Franck Millet &#8211; 1\/2  37,5cl"},"content":{"rendered":"<p><strong>Vigneron : <\/strong><br \/>\nDomaine Franck Millet<\/p>\n<p><strong>Appellation : <\/strong><br \/>\nPouilly-fum\u00e9<\/p>\n<p><strong>R\u00e9gion : <\/strong><br \/>\nLoire<\/p>\n<p><strong>Et le vin\u2026<\/strong><br \/>\nC\u00e9page : 100% Sauvignon<br \/>\nSols : 50% sols argilo-calcaires et 50% sols silex<br \/>\nVinification : De\u0301bourbage statique<br \/>\nFermentations alcooliques longues \u00e0 tr\u00e8s basse temp\u00e9rature par thermor\u00e9gulation en cuve inox pendant 7 \u00e0 10 semaines<br \/>\nPas de fermentation malolactique<br \/>\nB\u00e2tonnage de 3 \u00e0 5 semaines<\/p>\n<p><strong>Et dans le verre\u2026<\/strong><br \/>\nRobe jaune clair aux reflets argent\u00e9s<br \/>\nBelle intensit\u00e9 au nez avec des notes de fruits jaunes m\u00fbrs, de p\u00eache, d&rsquo;abricot, de mirabelle<br \/>\nUne belle fra\u00eecheur d&rsquo;agrumes<br \/>\nUne attaque assez ronde en bouche, puis une certaine tension s&rsquo;impose<br \/>\nDes ar\u00f4mes de pamplemousse et de citron rappelant le nez<br \/>\nFinale tr\u00e8s longue. Tr\u00e8s bon d\u00e9veloppement au fil des mois<\/p>\n<p><strong>Accords Mets &amp; Vins : <\/strong><br \/>\nA l\u2019ap\u00e9ritif, avec hu\u00eetres et crustac\u00e9s ou une belle sole\u2026<\/p>\n","protected":false},"excerpt":{"rendered":"<p><strong>Vigneron : <\/strong><br \/>\nDomaine Franck Millet<\/p>\n<p><strong>Appellation : <\/strong><br \/>\nPouilly-fum\u00e9<\/p>\n<p><strong>R\u00e9gion : <\/strong><br \/>\nLoire<\/p>\n","protected":false},"featured_media":5012,"comment_status":"closed","ping_status":"closed","template":"","meta":[],"product_brand":[],"product_cat":[26],"product_tag":[],"class_list":{"0":"post-2615","1":"product","2":"type-product","3":"status-publish","4":"has-post-thumbnail","6":"product_cat-vin-blanc","8":"first","9":"instock","10":"taxable","11":"shipping-taxable","12":"purchasable","13":"product-type-simple"},"group_of_quantity":6,"min_quantity":0,"max_quantity":"","exclude_order_quantity_value_rules":"no","exclude_category_quantity_rules":"no","combine_variations":"no","_links":{"self":[{"href":"https:\/\/www.vinquotidien.com\/fr\/wp-json\/wp\/v2\/product\/2615","targetHints":{"allow":["GET"]}}],"collection":[{"href":"https:\/\/www.vinquotidien.com\/fr\/wp-json\/wp\/v2\/product"}],"about":[{"href":"https:\/\/www.vinquotidien.com\/fr\/wp-json\/wp\/v2\/types\/product"}],"replies":[{"embeddable":true,"href":"https:\/\/www.vinquotidien.com\/fr\/wp-json\/wp\/v2\/comments?post=2615"}],"wp:featuredmedia":[{"embeddable":true,"href":"https:\/\/www.vinquotidien.com\/fr\/wp-json\/wp\/v2\/media\/5012"}],"wp:attachment":[{"href":"https:\/\/www.vinquotidien.com\/fr\/wp-json\/wp\/v2\/media?parent=2615"}],"wp:term":[{"taxonomy":"product_brand","embeddable":true,"href":"https:\/\/www.vinquotidien.com\/fr\/wp-json\/wp\/v2\/product_brand?post=2615"},{"taxonomy":"product_cat","embeddable":true,"href":"https:\/\/www.vinquotidien.com\/fr\/wp-json\/wp\/v2\/product_cat?post=2615"},{"taxonomy":"product_tag","embeddable":true,"href":"https:\/\/www.vinquotidien.com\/fr\/wp-json\/wp\/v2\/product_tag?post=2615"}],"curies":[{"name":"wp","href":"https:\/\/api.w.org\/{rel}","templated":true}]}}