{"id":270,"date":"2020-04-20T17:29:39","date_gmt":"2020-04-20T15:29:39","guid":{"rendered":"http:\/\/www.vinquotidien.com\/?post_type=product&#038;p=270"},"modified":"2026-03-10T18:51:59","modified_gmt":"2026-03-10T17:51:59","slug":"ceptembre-vendanges-de-france-2018","status":"publish","type":"product","link":"https:\/\/www.vinquotidien.com\/fr\/produit\/ceptembre-vendanges-de-france-2018\/","title":{"rendered":"Ceptembre Sauvignon blanc 2025 &#8211; Domaine Thierry Delaunay"},"content":{"rendered":"<p><strong>Vigneron : <\/strong><br \/>\nDomaine Thierry Delaunay<\/p>\n<p><strong>Appellation : <\/strong><br \/>\nVin de France<\/p>\n<p><strong>R\u00e9gion : <\/strong><br \/>\nLoire<\/p>\n<p><strong>R\u00e9compenses :<\/strong><br \/>\nM\u00e9daille d&rsquo;Or au \u00ab\u00a0Concours Mondial du Sauvignon 2021\u201d<br \/>\nThierry Delaunay a re\u00e7u une m\u00e9daille d&rsquo;Or au \u00ab\u00a0Concours Mondial du Sauvignon 2021\u201d \u00e9galement<\/p>\n<p><strong>Et le vin\u2026<\/strong><br \/>\nC\u00e9page : 100% Sauvignon Blanc<br \/>\nCe vin est issu d\u2019une s\u00e9lection des meilleures cuv\u00e9es de Sauvignon Blanc de tous les vignobles de France qui, une fois assembl\u00e9es et \u00e9lev\u00e9es sur lies fines, expriment toutes les qualit\u00e9s des diff\u00e9rents terroirs dont elles proviennent lui apportant complexit\u00e9, \u00e9l\u00e9gance et finesse<br \/>\nPressurage pneumatique<br \/>\nFermentation alcoolique \u00e0 16\u00b0C<br \/>\nElevage sur lies fines en cuves inox<\/p>\n<p><strong>Et dans le verre\u2026<\/strong><br \/>\nRobe jaune p\u00e2le, reflets verts<br \/>\nLe nez o\u00f9 se m\u00ealent notes florales, pamplemousse et bourgeon de cassis<br \/>\nOn retrouve cette palette aromatique gourmande dans une bouche ample et fra\u00eeche \u00e0 la fois<\/p>\n<p><strong>Accords Mets &amp; Vins : <\/strong><br \/>\nSuperbe \u00e0 l&rsquo;ap\u00e9ritif mais aussi avec poisson gras, de fruits de mer et cuisine m\u00e9diterran\u00e9enne<\/p>\n","protected":false},"excerpt":{"rendered":"<p><strong>Vigneron : <\/strong><br \/>\nDomaine Thierry Delaunay<\/p>\n<p><strong>Appellation : <\/strong><br \/>\nVin de France<\/p>\n<p><strong>R\u00e9gion : <\/strong><br \/>\nLoire<\/p>\n<p><strong>R\u00e9compenses :<\/strong><br \/>\nM\u00e9daille d&rsquo;Or au \u00ab\u00a0Concours Mondial du Sauvignon 2021\u201d<br \/>\nThierry Delaunay a re\u00e7u une m\u00e9daille d&rsquo;Or au \u00ab\u00a0Concours Mondial du Sauvignon 2021\u201d \u00e9galement<\/p>\n","protected":false},"featured_media":4908,"comment_status":"open","ping_status":"closed","template":"","meta":[],"product_brand":[],"product_cat":[26],"product_tag":[],"class_list":{"0":"post-270","1":"product","2":"type-product","3":"status-publish","4":"has-post-thumbnail","6":"product_cat-vin-blanc","8":"first","9":"instock","10":"taxable","11":"shipping-taxable","12":"purchasable","13":"product-type-simple"},"group_of_quantity":6,"min_quantity":0,"max_quantity":"","exclude_order_quantity_value_rules":"no","exclude_category_quantity_rules":"no","combine_variations":"no","_links":{"self":[{"href":"https:\/\/www.vinquotidien.com\/fr\/wp-json\/wp\/v2\/product\/270","targetHints":{"allow":["GET"]}}],"collection":[{"href":"https:\/\/www.vinquotidien.com\/fr\/wp-json\/wp\/v2\/product"}],"about":[{"href":"https:\/\/www.vinquotidien.com\/fr\/wp-json\/wp\/v2\/types\/product"}],"replies":[{"embeddable":true,"href":"https:\/\/www.vinquotidien.com\/fr\/wp-json\/wp\/v2\/comments?post=270"}],"wp:featuredmedia":[{"embeddable":true,"href":"https:\/\/www.vinquotidien.com\/fr\/wp-json\/wp\/v2\/media\/4908"}],"wp:attachment":[{"href":"https:\/\/www.vinquotidien.com\/fr\/wp-json\/wp\/v2\/media?parent=270"}],"wp:term":[{"taxonomy":"product_brand","embeddable":true,"href":"https:\/\/www.vinquotidien.com\/fr\/wp-json\/wp\/v2\/product_brand?post=270"},{"taxonomy":"product_cat","embeddable":true,"href":"https:\/\/www.vinquotidien.com\/fr\/wp-json\/wp\/v2\/product_cat?post=270"},{"taxonomy":"product_tag","embeddable":true,"href":"https:\/\/www.vinquotidien.com\/fr\/wp-json\/wp\/v2\/product_tag?post=270"}],"curies":[{"name":"wp","href":"https:\/\/api.w.org\/{rel}","templated":true}]}}