{"id":2901,"date":"2020-08-30T16:26:40","date_gmt":"2020-08-30T14:26:40","guid":{"rendered":"http:\/\/www.vinquotidien.com\/?post_type=product&#038;p=2901"},"modified":"2025-03-24T16:21:31","modified_gmt":"2025-03-24T15:21:31","slug":"les-monts-de-boncourt-2020-cote-de-nuits-village-blanc-domaine-chopin","status":"publish","type":"product","link":"https:\/\/www.vinquotidien.com\/fr\/produit\/les-monts-de-boncourt-2020-cote-de-nuits-village-blanc-domaine-chopin\/","title":{"rendered":"Les Monts de Boncourt 2021 &#8211; C\u00f4te de Nuits Village blanc &#8211; Domaine Chopin"},"content":{"rendered":"<p><strong>Vigneron :<\/strong><br \/>\nDomaine Chopin<\/p>\n<p><strong>Appellation :<\/strong><br \/>\nC\u00f4te de Nuits Village<\/p>\n<p><strong>R\u00e9gion :<\/strong><br \/>\nBourgogne<\/p>\n<p><strong>Et le vin\u2026<\/strong><br \/>\nC\u00e9page: 100 % Chardonnay<br \/>\nLes Monts de Boncourt est un climat situ\u00e9 au Nord de Corgoloin, sur un c\u00f4teau expos\u00e9 Sud-Est.<br \/>\nLes vendanges sont manuelles, suivies d&rsquo;un pressurage et d&rsquo;une mise en f\u00fbt directe pour la fermentation.<br \/>\nL&rsquo;\u00e9levage dure 14 mois en f\u00fbts de ch\u00eane et est suivi par une mise en bouteilles sans filtration et selon le calendrier lunaire.<\/p>\n<p><strong>Et dans le verre\u2026<\/strong><br \/>\nRobe dor\u00e9e brillante<br \/>\nNez fin, aromatique et d\u2019une belle puissance. Ar\u00f4mes de coing, de pierre \u00e0 fusil et d\u2019agrumes ainsi qu\u2019une pointe de brioche.<br \/>\nBouche fruit\u00e9e, \u00e9quilibr\u00e9e, avec belle min\u00e9ralit\u00e9. Un joli vin harmonieux et tr\u00e8s \u00e9l\u00e9gant.<\/p>\n<p><strong>Accords Mets &amp; Vins :<\/strong><br \/>\nId\u00e9al avec une planche de fromages divers : Beaufort, Brillat-Savarin&#8230; Et qui saura parfaitement s&rsquo;adapter \u00e0 une viande blanche, du poisson ou des fruits de mer<\/p>\n","protected":false},"excerpt":{"rendered":"<p><strong>Vigneron :<\/strong><br \/>\nDomaine Chopin<\/p>\n<p><strong>Appellation :<\/strong><br \/>\nC\u00f4te de Nuits Village<\/p>\n<p><strong>R\u00e9gion :<\/strong><br \/>\nBourgogne<\/p>\n","protected":false},"featured_media":5952,"comment_status":"open","ping_status":"closed","template":"","meta":[],"product_brand":[],"product_cat":[26],"product_tag":[],"class_list":{"0":"post-2901","1":"product","2":"type-product","3":"status-publish","4":"has-post-thumbnail","6":"product_cat-vin-blanc","8":"first","9":"instock","10":"taxable","11":"shipping-taxable","12":"purchasable","13":"product-type-simple"},"group_of_quantity":6,"min_quantity":6,"max_quantity":"","exclude_order_quantity_value_rules":"no","exclude_category_quantity_rules":"no","combine_variations":"no","_links":{"self":[{"href":"https:\/\/www.vinquotidien.com\/fr\/wp-json\/wp\/v2\/product\/2901","targetHints":{"allow":["GET"]}}],"collection":[{"href":"https:\/\/www.vinquotidien.com\/fr\/wp-json\/wp\/v2\/product"}],"about":[{"href":"https:\/\/www.vinquotidien.com\/fr\/wp-json\/wp\/v2\/types\/product"}],"replies":[{"embeddable":true,"href":"https:\/\/www.vinquotidien.com\/fr\/wp-json\/wp\/v2\/comments?post=2901"}],"wp:featuredmedia":[{"embeddable":true,"href":"https:\/\/www.vinquotidien.com\/fr\/wp-json\/wp\/v2\/media\/5952"}],"wp:attachment":[{"href":"https:\/\/www.vinquotidien.com\/fr\/wp-json\/wp\/v2\/media?parent=2901"}],"wp:term":[{"taxonomy":"product_brand","embeddable":true,"href":"https:\/\/www.vinquotidien.com\/fr\/wp-json\/wp\/v2\/product_brand?post=2901"},{"taxonomy":"product_cat","embeddable":true,"href":"https:\/\/www.vinquotidien.com\/fr\/wp-json\/wp\/v2\/product_cat?post=2901"},{"taxonomy":"product_tag","embeddable":true,"href":"https:\/\/www.vinquotidien.com\/fr\/wp-json\/wp\/v2\/product_tag?post=2901"}],"curies":[{"name":"wp","href":"https:\/\/api.w.org\/{rel}","templated":true}]}}