{"id":2923,"date":"2020-08-31T14:44:03","date_gmt":"2020-08-31T12:44:03","guid":{"rendered":"http:\/\/www.vinquotidien.com\/?post_type=product&#038;p=2923"},"modified":"2025-03-24T16:20:44","modified_gmt":"2025-03-24T15:20:44","slug":"menetou-salon-rouge-domaine-frank-millet","status":"publish","type":"product","link":"https:\/\/www.vinquotidien.com\/fr\/produit\/menetou-salon-rouge-domaine-frank-millet\/","title":{"rendered":"Menetou-salon rouge 2022 &#8211; Domaine Franck Millet"},"content":{"rendered":"<p><strong>Vigneron :<\/strong><br \/>\nDomaine Franck Millet<\/p>\n<p><strong>Appellation :<\/strong><br \/>\nMenetou-salon rouge<\/p>\n<p><strong>R\u00e9gion : <\/strong><br \/>\nLoire<\/p>\n<p><strong>Et le vin\u2026<\/strong><br \/>\nC\u00e9page : 100 % Pinot Noir<br \/>\nSol : Argilo-calcaires<br \/>\nVinification: Double tri des raisins<br \/>\nMac\u00e9ration approprie\u0301 a\u0300 chaque mill\u00e9sime (environ 3 a\u0300 4 semaines)<br \/>\nS\u00e9paration des jus de goutte et jus de presse<br \/>\nFermentation malolactique<\/p>\n<p><strong>Et dans le verre\u2026<\/strong><br \/>\nRouge rubis intense<br \/>\nAu nez, pr\u00e9sence d\u2019une belle intensit\u00e9 avec des notes de fruits rouges et d\u2019\u00e9pices<br \/>\nJolie bouche de tanins fins \u00e9voluant vers rondeur et longueur en bouche, fruits m\u00fbrs et \u00e9pices \u00e0 la fin<\/p>\n<p><strong>Accords Mets &amp; Vins : <\/strong><br \/>\nAvec les viandes blanches et les poissons<\/p>\n","protected":false},"excerpt":{"rendered":"<p><strong>Vigneron :<\/strong><br \/>\nDomaine Franck Millet<\/p>\n<p><strong>Appellation :<\/strong><br \/>\nMenetou-salon rouge<\/p>\n<p><strong>R\u00e9gion : <\/strong><br \/>\nLoire<\/p>\n","protected":false},"featured_media":5024,"comment_status":"open","ping_status":"closed","template":"","meta":[],"product_brand":[],"product_cat":[25],"product_tag":[],"class_list":{"0":"post-2923","1":"product","2":"type-product","3":"status-publish","4":"has-post-thumbnail","6":"product_cat-vin-rouge","8":"first","9":"instock","10":"taxable","11":"shipping-taxable","12":"purchasable","13":"product-type-simple"},"group_of_quantity":6,"min_quantity":0,"max_quantity":"","exclude_order_quantity_value_rules":"no","exclude_category_quantity_rules":"no","combine_variations":"no","_links":{"self":[{"href":"https:\/\/www.vinquotidien.com\/fr\/wp-json\/wp\/v2\/product\/2923","targetHints":{"allow":["GET"]}}],"collection":[{"href":"https:\/\/www.vinquotidien.com\/fr\/wp-json\/wp\/v2\/product"}],"about":[{"href":"https:\/\/www.vinquotidien.com\/fr\/wp-json\/wp\/v2\/types\/product"}],"replies":[{"embeddable":true,"href":"https:\/\/www.vinquotidien.com\/fr\/wp-json\/wp\/v2\/comments?post=2923"}],"wp:featuredmedia":[{"embeddable":true,"href":"https:\/\/www.vinquotidien.com\/fr\/wp-json\/wp\/v2\/media\/5024"}],"wp:attachment":[{"href":"https:\/\/www.vinquotidien.com\/fr\/wp-json\/wp\/v2\/media?parent=2923"}],"wp:term":[{"taxonomy":"product_brand","embeddable":true,"href":"https:\/\/www.vinquotidien.com\/fr\/wp-json\/wp\/v2\/product_brand?post=2923"},{"taxonomy":"product_cat","embeddable":true,"href":"https:\/\/www.vinquotidien.com\/fr\/wp-json\/wp\/v2\/product_cat?post=2923"},{"taxonomy":"product_tag","embeddable":true,"href":"https:\/\/www.vinquotidien.com\/fr\/wp-json\/wp\/v2\/product_tag?post=2923"}],"curies":[{"name":"wp","href":"https:\/\/api.w.org\/{rel}","templated":true}]}}