{"id":2927,"date":"2020-08-30T18:07:14","date_gmt":"2020-08-30T16:07:14","guid":{"rendered":"http:\/\/www.vinquotidien.com\/?post_type=product&#038;p=2927"},"modified":"2025-03-24T16:21:21","modified_gmt":"2025-03-24T15:21:21","slug":"menetou-salon-blanc-domaine-frank-millet","status":"publish","type":"product","link":"https:\/\/www.vinquotidien.com\/fr\/produit\/menetou-salon-blanc-domaine-frank-millet\/","title":{"rendered":"Menetou-salon blanc 2023 &#8211; Domaine Franck Millet"},"content":{"rendered":"<p><strong>Vigneron :<\/strong><br \/>\nDomaine Franck Millet<\/p>\n<p><strong>Appellation :<\/strong><br \/>\nMenetou-salon blanc<\/p>\n<p><strong>R\u00e9gion : <\/strong><br \/>\nLoire<\/p>\n<p><strong>Et le vin\u2026<\/strong><br \/>\nC\u00e9page : 100% Sauvignon Blanc<br \/>\nSols : 50% sols Argilo-calcaires et 50% Marne kimme\u0301ridgienne<br \/>\nVinification : De\u0301bourbage statique<br \/>\nLongues fermentations alcooliques a\u0300 tr\u00e8s basse temp\u00e9rature par thermor\u00e9gulation en cuve inox pendant 7 a\u0300 10 semaines<br \/>\nPas de fermentation malolactique<br \/>\nBato\u0302nnages 3 a\u0300 5 semaines selon le mille\u0301sime<\/p>\n<p><strong>Et dans le verre\u2026<\/strong><br \/>\nCouleur jaune p\u00e2le et reflets argent\u00e9s<br \/>\nNez puissant, tr\u00e8s jeune. Ar\u00f4mes d\u2019agrumes tr\u00e8s caract\u00e9ristiques du c\u00e9page sauvignon<br \/>\nBouche tr\u00e8s agrume, avec beaucoup de fraicheur, une bonne acidit\u00e9 permettant d\u2019avoir une belle longueur en bouche<br \/>\nJolie finale<\/p>\n<p><strong>Accords Mets &amp; Vins : <\/strong><br \/>\nId\u00e9al pour accompagner les poissons, crustac\u00e9s et fromages \u00e0 p\u00e2te blanche<\/p>\n","protected":false},"excerpt":{"rendered":"<p><strong>Vigneron :<\/strong><br \/>\nDomaine Franck Millet<\/p>\n<p><strong>Appellation :<\/strong><br \/>\nMenetou-salon blanc<\/p>\n<p><strong>R\u00e9gion : <\/strong><br \/>\nLoire<\/p>\n","protected":false},"featured_media":5016,"comment_status":"open","ping_status":"closed","template":"","meta":[],"product_brand":[],"product_cat":[26],"product_tag":[],"class_list":{"0":"post-2927","1":"product","2":"type-product","3":"status-publish","4":"has-post-thumbnail","6":"product_cat-vin-blanc","8":"first","9":"instock","10":"taxable","11":"shipping-taxable","12":"purchasable","13":"product-type-simple"},"group_of_quantity":6,"min_quantity":0,"max_quantity":"","exclude_order_quantity_value_rules":"no","exclude_category_quantity_rules":"no","combine_variations":"no","_links":{"self":[{"href":"https:\/\/www.vinquotidien.com\/fr\/wp-json\/wp\/v2\/product\/2927","targetHints":{"allow":["GET"]}}],"collection":[{"href":"https:\/\/www.vinquotidien.com\/fr\/wp-json\/wp\/v2\/product"}],"about":[{"href":"https:\/\/www.vinquotidien.com\/fr\/wp-json\/wp\/v2\/types\/product"}],"replies":[{"embeddable":true,"href":"https:\/\/www.vinquotidien.com\/fr\/wp-json\/wp\/v2\/comments?post=2927"}],"wp:featuredmedia":[{"embeddable":true,"href":"https:\/\/www.vinquotidien.com\/fr\/wp-json\/wp\/v2\/media\/5016"}],"wp:attachment":[{"href":"https:\/\/www.vinquotidien.com\/fr\/wp-json\/wp\/v2\/media?parent=2927"}],"wp:term":[{"taxonomy":"product_brand","embeddable":true,"href":"https:\/\/www.vinquotidien.com\/fr\/wp-json\/wp\/v2\/product_brand?post=2927"},{"taxonomy":"product_cat","embeddable":true,"href":"https:\/\/www.vinquotidien.com\/fr\/wp-json\/wp\/v2\/product_cat?post=2927"},{"taxonomy":"product_tag","embeddable":true,"href":"https:\/\/www.vinquotidien.com\/fr\/wp-json\/wp\/v2\/product_tag?post=2927"}],"curies":[{"name":"wp","href":"https:\/\/api.w.org\/{rel}","templated":true}]}}