{"id":2933,"date":"2020-08-31T14:37:37","date_gmt":"2020-08-31T12:37:37","guid":{"rendered":"http:\/\/www.vinquotidien.com\/?post_type=product&#038;p=2933"},"modified":"2025-05-18T19:47:27","modified_gmt":"2025-05-18T17:47:27","slug":"muscadet-de-sevre-maine-sur-lie-les-gras-moutons","status":"publish","type":"product","link":"https:\/\/www.vinquotidien.com\/fr\/produit\/muscadet-de-sevre-maine-sur-lie-les-gras-moutons\/","title":{"rendered":"Les Gras Moutons 2023 &#8211; Muscadet sur Lie &#8211; Domaine Haute F\u00e9vrie"},"content":{"rendered":"<p><strong>Vigneron :<\/strong><br \/>\nDomaine Haute F\u00e9vrie<\/p>\n<p><strong>Appellation :<\/strong><br \/>\nMuscadet-s\u00e8vre-et-maine sur Lie<\/p>\n<p><strong>R\u00e9gion : <\/strong><br \/>\nLoire<\/p>\n<p><strong>Et le vin\u2026<\/strong><br \/>\nC\u00e9page : Melon de Bourgogne 100%. Age des vignes : 40 ans<br \/>\nCuv\u00e9e issue d&rsquo;une parcelle situ\u00e9e sur les coteaux de la Maine \u00e0 Saint-Fiacre<br \/>\n7 Ha de vignes d&rsquo;un m\u00eame tenant sont plant\u00e9s sur une veine d&rsquo;amphibolite (roche m\u00e9tamorphique de couleur bleu verd\u00e2tre)<br \/>\nVinification classique de 3 \u00e0 4 semaines, \u00e9levage sur lie pendant 7 mois en cuves souterraines verr\u00e9es<\/p>\n<p><strong>Et dans le verre\u2026<\/strong><br \/>\nLa robe est dor\u00e9e aux reflets verts<br \/>\nL\u2019olfaction est puissante et concentr\u00e9e d\u2019agrumes avec une belle min\u00e9ralit\u00e9<br \/>\nL\u2019attaque en bouche est \u00e9quilibr\u00e9e entre amertume et rondeur et se termine par des notes pralin\u00e9es<\/p>\n<p><strong>Accords Mets &amp; Vins : <\/strong><br \/>\nSe mariera \u00e0 merveille avec des Coquilles Saint-Jacques en sauce safran\u00e9e<\/p>\n","protected":false},"excerpt":{"rendered":"<p><strong>Vigneron :<\/strong><br \/>\nDomaine Haute F\u00e9vrie<\/p>\n<p><strong>Appellation :<\/strong><br \/>\nMuscadet-s\u00e8vre-et-maine sur Lie<\/p>\n<p><strong>R\u00e9gion : <\/strong><br \/>\nLoire<\/p>\n","protected":false},"featured_media":5018,"comment_status":"open","ping_status":"closed","template":"","meta":[],"product_brand":[],"product_cat":[26],"product_tag":[],"class_list":{"0":"post-2933","1":"product","2":"type-product","3":"status-publish","4":"has-post-thumbnail","6":"product_cat-vin-blanc","8":"first","9":"instock","10":"taxable","11":"shipping-taxable","12":"purchasable","13":"product-type-simple"},"group_of_quantity":6,"min_quantity":0,"max_quantity":"","exclude_order_quantity_value_rules":"no","exclude_category_quantity_rules":"no","combine_variations":"no","_links":{"self":[{"href":"https:\/\/www.vinquotidien.com\/fr\/wp-json\/wp\/v2\/product\/2933","targetHints":{"allow":["GET"]}}],"collection":[{"href":"https:\/\/www.vinquotidien.com\/fr\/wp-json\/wp\/v2\/product"}],"about":[{"href":"https:\/\/www.vinquotidien.com\/fr\/wp-json\/wp\/v2\/types\/product"}],"replies":[{"embeddable":true,"href":"https:\/\/www.vinquotidien.com\/fr\/wp-json\/wp\/v2\/comments?post=2933"}],"wp:featuredmedia":[{"embeddable":true,"href":"https:\/\/www.vinquotidien.com\/fr\/wp-json\/wp\/v2\/media\/5018"}],"wp:attachment":[{"href":"https:\/\/www.vinquotidien.com\/fr\/wp-json\/wp\/v2\/media?parent=2933"}],"wp:term":[{"taxonomy":"product_brand","embeddable":true,"href":"https:\/\/www.vinquotidien.com\/fr\/wp-json\/wp\/v2\/product_brand?post=2933"},{"taxonomy":"product_cat","embeddable":true,"href":"https:\/\/www.vinquotidien.com\/fr\/wp-json\/wp\/v2\/product_cat?post=2933"},{"taxonomy":"product_tag","embeddable":true,"href":"https:\/\/www.vinquotidien.com\/fr\/wp-json\/wp\/v2\/product_tag?post=2933"}],"curies":[{"name":"wp","href":"https:\/\/api.w.org\/{rel}","templated":true}]}}