{"id":2951,"date":"2020-08-31T15:06:03","date_gmt":"2020-08-31T13:06:03","guid":{"rendered":"http:\/\/www.vinquotidien.com\/?post_type=product&#038;p=2951"},"modified":"2026-01-03T17:12:45","modified_gmt":"2026-01-03T16:12:45","slug":"morgon-cote-de-py-jean-marc-burgaud-2019-15l","status":"publish","type":"product","link":"https:\/\/www.vinquotidien.com\/fr\/produit\/morgon-cote-de-py-jean-marc-burgaud-2019-15l\/","title":{"rendered":"Morgon C\u00f4te de Py 2024 &#8211; Jean-Marc Burgaud &#8211; Magnum 1,5L"},"content":{"rendered":"<p><strong>Sous allocation, nous contacter !<\/strong><\/p>\n<p><strong>Vigneron : <\/strong><br \/>\nJean-Marc Burgaud<\/p>\n<p><strong>Appellation : <\/strong><br \/>\nMorgon<\/p>\n<p><strong>R\u00e9gion : <\/strong><br \/>\nBeaujolais<\/p>\n<p><strong>R\u00e9compenses :<\/strong><br \/>\nRevue des Vins de France (RVF) : 95\/100<br \/>\nRobert Parker \u2013 Wine Advocate: 94\/100<br \/>\nJames Suckling : 96\/100<\/p>\n<p><strong>Et le vin\u2026<\/strong><br \/>\nC\u00e9pages : 100% Gamay<br \/>\nAge moyen des vignes : 50 ans<br \/>\nSols typique de la colline du Py riche en pierres bleues, vignes expos\u00e9es plein sud<br \/>\nVinification de type \u00ab beaujolaise \u00bb, mac\u00e9ration carbonique des raisins entiers pendant 12 \u00e0 14 jours<br \/>\nL\u2019\u00e9levage se d\u00e9roule en cuves et en f\u00fbts<\/p>\n<p><strong>Et dans le verre\u2026<\/strong><br \/>\nRobe pourpre intense<br \/>\nNez affriolant de pivoine et fruits rouges<br \/>\nBouche charpent\u00e9, min\u00e9rale et franche<br \/>\nSuperbe longueur<\/p>\n<p><strong>Accords Mets &amp; Vins :<\/strong><br \/>\nViandes rouges, terrines, fromages go\u00fbteux<\/p>\n","protected":false},"excerpt":{"rendered":"<p><strong>Sous allocation, nous contacter !<\/strong><\/p>\n<p><strong>Vigneron : <\/strong><br \/>\nJean-Marc Burgaud<\/p>\n<p><strong>Appellation : <\/strong><br \/>\nMorgon<\/p>\n<p><strong>R\u00e9gion : <\/strong><br \/>\nBeaujolais<\/p>\n<p><strong>R\u00e9compenses :<\/strong><br \/>\nRevue des Vins de France (RVF) : 95\/100<br \/>\nRobert Parker \u2013 Wine Advocate: 94\/100<br \/>\nJames Suckling : 96\/100<\/p>\n","protected":false},"featured_media":5030,"comment_status":"open","ping_status":"closed","template":"","meta":[],"product_brand":[],"product_cat":[100,90,25],"product_tag":[],"class_list":{"0":"post-2951","1":"product","2":"type-product","3":"status-publish","4":"has-post-thumbnail","6":"product_cat-vente-a-lunite","7":"product_cat-vip-corner","8":"product_cat-vin-rouge","10":"first","11":"instock","12":"taxable","13":"shipping-taxable","14":"purchasable","15":"product-type-simple"},"group_of_quantity":1,"min_quantity":0,"max_quantity":"","exclude_order_quantity_value_rules":"no","exclude_category_quantity_rules":"no","combine_variations":"no","_links":{"self":[{"href":"https:\/\/www.vinquotidien.com\/fr\/wp-json\/wp\/v2\/product\/2951","targetHints":{"allow":["GET"]}}],"collection":[{"href":"https:\/\/www.vinquotidien.com\/fr\/wp-json\/wp\/v2\/product"}],"about":[{"href":"https:\/\/www.vinquotidien.com\/fr\/wp-json\/wp\/v2\/types\/product"}],"replies":[{"embeddable":true,"href":"https:\/\/www.vinquotidien.com\/fr\/wp-json\/wp\/v2\/comments?post=2951"}],"wp:featuredmedia":[{"embeddable":true,"href":"https:\/\/www.vinquotidien.com\/fr\/wp-json\/wp\/v2\/media\/5030"}],"wp:attachment":[{"href":"https:\/\/www.vinquotidien.com\/fr\/wp-json\/wp\/v2\/media?parent=2951"}],"wp:term":[{"taxonomy":"product_brand","embeddable":true,"href":"https:\/\/www.vinquotidien.com\/fr\/wp-json\/wp\/v2\/product_brand?post=2951"},{"taxonomy":"product_cat","embeddable":true,"href":"https:\/\/www.vinquotidien.com\/fr\/wp-json\/wp\/v2\/product_cat?post=2951"},{"taxonomy":"product_tag","embeddable":true,"href":"https:\/\/www.vinquotidien.com\/fr\/wp-json\/wp\/v2\/product_tag?post=2951"}],"curies":[{"name":"wp","href":"https:\/\/api.w.org\/{rel}","templated":true}]}}