{"id":3006,"date":"2020-10-22T12:04:42","date_gmt":"2020-10-22T10:04:42","guid":{"rendered":"http:\/\/www.vinquotidien.com\/?post_type=product&#038;p=3006"},"modified":"2025-01-21T13:10:18","modified_gmt":"2025-01-21T12:10:18","slug":"le-pack-vinquotidien","status":"publish","type":"product","link":"https:\/\/www.vinquotidien.com\/fr\/produit\/le-pack-vinquotidien\/","title":{"rendered":"La Box D\u00e9couverte"},"content":{"rendered":"<p><strong>La Box D\u00e9couverte<\/strong><br \/>\n<strong>55 \u20ac pour 6 bouteilles de vin \u00e0 d\u00e9guster :<\/strong><\/p>\n<p><strong>La Closerie des Lys &#8211; Les Fruiti\u00e8res Blanc &#8211; Pays-d\u2019oc<\/strong><br \/>\n<strong>Et le vin\u2026<\/strong><br \/>\nC\u00e9pages : 35% Chardonnay, 35% Sauvignon, 30% Vermentino<br \/>\nVinifications s\u00e9par\u00e9es des c\u00e9pages, \u00e9levage sur lies fines en cuves.<br \/>\n<strong>Et dans le verre\u2026<\/strong><br \/>\nCouleur dor\u00e9e avec des reflets verts p\u00e2les<br \/>\nNez floral et fruit\u00e9 de p\u00eache blanche.<br \/>\nFra\u00eecheur du Sauvignon, corps du Chardonay et rondeur du Vermentino<\/p>\n<p><strong>Ceptembre Sauvignon Blanc &#8211; Thierry Delaunay <\/strong><br \/>\n<strong>Et le vin\u2026<\/strong><br \/>\n100% Sauvignon Blanc issu d\u2019une s\u00e9lection des meilleurs vignobles de France.<br \/>\nElevage sur lies fines en cuves inox<br \/>\n<strong>Et dans le verre\u2026<\/strong><br \/>\nRobe jaune p\u00e2le, reflets verts. Nez de pamplemousse et de bourgeon de cassis<br \/>\nBouche ample et fra\u00eeche \u00e0 la fois dans la ligne des ar\u00f4mes du nez<\/p>\n<p><strong>Clos les Remparts blanc &#8211; Bordeaux &#8211; Graves <\/strong><br \/>\n<strong>Et le vin\u2026<\/strong><br \/>\n70% S\u00e9millon, 30% Sauvignon sur un terroirs de sable rouge sur calcaire.<br \/>\nVendanges manuelles, vinification traditionnelles, fermentation en f\u00fbts de ch\u00eane fran\u00e7ais et d\u2019acacia, vieillissement sur lies avec b\u00e2tonnages hebdomadaires. Vignoble en certification HVE<br \/>\n<strong>Et dans le verre\u2026<\/strong><br \/>\nJaune paille aux reflets brillants, nez aromatique de fruits blancs et de cassis associ\u00e9es \u00e0 de jolies notes min\u00e9rales.<br \/>\nEn bouche, le vin lib\u00e8re fruit\u00e9 et fra\u00eecheur avec amplitude et finesse.<br \/>\nUn r\u00e9gal !<\/p>\n<p><strong>Saint-Nicolas-de-Bourgeuil &#8211; Domaine Mellier de l\u2019Epaisse<\/strong><br \/>\n<strong>Et le vin\u2026<\/strong><br \/>\n100% Cabernet franc, terroir de sables et graviers.<br \/>\nVendanges m\u00e9caniques avec tri embarqu\u00e9, fermentation de 2 semaines en cuve inox<br \/>\n\u00c9levage de 6 mois en cuves.<br \/>\n<strong>Et dans le verre\u2026<\/strong><br \/>\nPourpre brillant, nez de fruits rouges frais.<br \/>\nRondeur et souplesse des tanins du cabernet pour une bouche gourmande et bien \u00e9quilibr\u00e9e.<\/p>\n<p><strong>Morgon &#8211; Domaine Ludovic Charvet<\/strong><br \/>\n<strong>Et le vin&#8230;<\/strong><br \/>\n100% Gamay, sols argileux et argilo-silicieux<br \/>\nPetit vignoble de 5 ha, parcelle situ\u00e9 sur le haut du plateau, travail dans le respect de la nature, vendanges manuelles, vinification traditionnelle.<br \/>\n<strong>Et dans le verre\u2026<\/strong><br \/>\nRouge rubis, nez de fruits \u00e0 noyaux biens m\u00fbr.<br \/>\nBouche fruit\u00e9e de cerises, framboises et groseilles<br \/>\nFinale riche et structur\u00e9 tout en souplesse.<\/p>\n<p><strong>Le Temps est Venu &#8211; C\u00f4te-du-Rh\u00f4ne &#8211; Domaine St\u00e9phane Ogier 2018<\/strong><br \/>\n<strong>Et le vin\u2026<\/strong><br \/>\nRobert Parker \u2013 The Wine Advocate : 90\/100<br \/>\nSyrah sur un terroir de galets roul\u00e9s sur le plateau de Louze (Is\u00e8re)<br \/>\nVendanges manuelles, \u00e9grappage et mac\u00e9ration \u00e0 froid en cuves inox. \u00c9levage de 12 mois en barrique, pas de bois neuf !<br \/>\n<strong>Et dans le verre\u2026<\/strong><br \/>\nRobe pourpre aux reflets vifs et brillants, nez gourmand de fruits frais, rouges et \u00e9pic\u00e9s<br \/>\nBouche d&rsquo;un joli gras avec une finale gourmande et fra\u00eeche et des tanins fins et croquants.<br \/>\nA go\u00fbter sans attendre !<\/p>\n","protected":false},"excerpt":{"rendered":"<p><strong>La formule d\u00e9couverte id\u00e9ale, au meilleur rapport qualit\u00e9-prix-plaisir<\/strong><br \/>\nCette Box contient 6 bouteilles de vin<br \/>\nD\u00e9couvrez dans notre description toutes les caract\u00e9ristiques de ces vins exceptionnels<\/p>\n<p><strong>Livraison gratuite \u00e0 l\u2019achat de 2 packs<\/strong><\/p>\n","protected":false},"featured_media":7246,"comment_status":"open","ping_status":"closed","template":"","meta":[],"product_brand":[],"product_cat":[71],"product_tag":[],"class_list":{"0":"post-3006","1":"product","2":"type-product","3":"status-publish","4":"has-post-thumbnail","6":"product_cat-pack","8":"first","9":"instock","10":"taxable","11":"shipping-taxable","12":"purchasable","13":"product-type-simple"},"group_of_quantity":0,"min_quantity":0,"max_quantity":"","exclude_order_quantity_value_rules":"yes","exclude_category_quantity_rules":"yes","combine_variations":"no","_links":{"self":[{"href":"https:\/\/www.vinquotidien.com\/fr\/wp-json\/wp\/v2\/product\/3006","targetHints":{"allow":["GET"]}}],"collection":[{"href":"https:\/\/www.vinquotidien.com\/fr\/wp-json\/wp\/v2\/product"}],"about":[{"href":"https:\/\/www.vinquotidien.com\/fr\/wp-json\/wp\/v2\/types\/product"}],"replies":[{"embeddable":true,"href":"https:\/\/www.vinquotidien.com\/fr\/wp-json\/wp\/v2\/comments?post=3006"}],"wp:featuredmedia":[{"embeddable":true,"href":"https:\/\/www.vinquotidien.com\/fr\/wp-json\/wp\/v2\/media\/7246"}],"wp:attachment":[{"href":"https:\/\/www.vinquotidien.com\/fr\/wp-json\/wp\/v2\/media?parent=3006"}],"wp:term":[{"taxonomy":"product_brand","embeddable":true,"href":"https:\/\/www.vinquotidien.com\/fr\/wp-json\/wp\/v2\/product_brand?post=3006"},{"taxonomy":"product_cat","embeddable":true,"href":"https:\/\/www.vinquotidien.com\/fr\/wp-json\/wp\/v2\/product_cat?post=3006"},{"taxonomy":"product_tag","embeddable":true,"href":"https:\/\/www.vinquotidien.com\/fr\/wp-json\/wp\/v2\/product_tag?post=3006"}],"curies":[{"name":"wp","href":"https:\/\/api.w.org\/{rel}","templated":true}]}}