{"id":3195,"date":"2021-04-28T14:03:25","date_gmt":"2021-04-28T12:03:25","guid":{"rendered":"https:\/\/www.vinquotidien.com\/?post_type=product&#038;p=3195"},"modified":"2024-11-26T22:23:20","modified_gmt":"2024-11-26T21:23:20","slug":"albas-rouge-aoc-minervois","status":"publish","type":"product","link":"https:\/\/www.vinquotidien.com\/fr\/produit\/albas-rouge-aoc-minervois\/","title":{"rendered":"Albas 2022 &#8211; Minervois &#8211; Ch\u00e2teau Saint Jacques d\u2019Albas"},"content":{"rendered":"<p><strong>Vigneron : <\/strong><br \/>\nCh\u00e2teau Saint Jacques d\u2019Albas<\/p>\n<p><strong>Appellation : <\/strong><br \/>\nMinervois<\/p>\n<p><strong>R\u00e9gion : <\/strong><br \/>\nLanguedoc<\/p>\n<p><strong>R\u00e9compenses :<\/strong><br \/>\nM\u00e9daille d\u2019Or Gilbert &amp; Gaillard 2021 \u2013 90\/100<\/p>\n<p><strong>Et le vin\u2026<\/strong><br \/>\nC\u00e9pages : 57% Grenache, 43% Syrah<br \/>\nRendements faibles maximum 30-40hl\/ha<br \/>\nVendanges m\u00e9caniques \u00e9grapp\u00e9es<br \/>\nFermentation traditionnelle dans des cuves Inox \u00e0 temp\u00e9rature contr\u00f4l\u00e9e pour pr\u00e9server la puret\u00e9 du fruit<br \/>\n\u00c9levage partiel en f\u00fbts de ch\u00eane<\/p>\n<p><strong>Et dans le verre\u2026<\/strong><br \/>\nRobe rouge assez soutenu, reflets rubis<br \/>\nNez fum\u00e9, cendr\u00e9, \u00e9pic\u00e9, ambiance de garrigue et fruits \u00e0 noyau confitur\u00e9s<br \/>\nEn bouche, une belle densit\u00e9 aromatique autour de tanins \u00e9lanc\u00e9s<br \/>\nFra\u00eecheur bien install\u00e9e, finale dynamique<br \/>\nUn Minervois plein et charmeur<\/p>\n<p><strong>Accords Mets &amp; Vins : <\/strong><br \/>\nD\u00e9licieux en accompagnement de viande grill\u00e9e ou de plats \u00e9pic\u00e9s<\/p>\n","protected":false},"excerpt":{"rendered":"<p><strong>Vigneron : <\/strong><br \/>\nCh\u00e2teau Saint Jacques d\u2019Albas<\/p>\n<p><strong>Appellation : <\/strong><br \/>\nMinervois<\/p>\n<p><strong>R\u00e9gion : <\/strong><br \/>\nLanguedoc<\/p>\n<p><strong>R\u00e9compenses :<\/strong><br \/>\nM\u00e9daille d\u2019Or Gilbert &amp; Gaillard 2021 \u2013 90\/100<\/p>\n","protected":false},"featured_media":5042,"comment_status":"open","ping_status":"closed","template":"","meta":[],"product_brand":[],"product_cat":[25],"product_tag":[],"class_list":{"0":"post-3195","1":"product","2":"type-product","3":"status-publish","4":"has-post-thumbnail","6":"product_cat-vin-rouge","8":"first","9":"instock","10":"taxable","11":"shipping-taxable","12":"purchasable","13":"product-type-simple"},"group_of_quantity":0,"min_quantity":0,"max_quantity":6,"exclude_order_quantity_value_rules":"no","exclude_category_quantity_rules":"no","combine_variations":"no","_links":{"self":[{"href":"https:\/\/www.vinquotidien.com\/fr\/wp-json\/wp\/v2\/product\/3195","targetHints":{"allow":["GET"]}}],"collection":[{"href":"https:\/\/www.vinquotidien.com\/fr\/wp-json\/wp\/v2\/product"}],"about":[{"href":"https:\/\/www.vinquotidien.com\/fr\/wp-json\/wp\/v2\/types\/product"}],"replies":[{"embeddable":true,"href":"https:\/\/www.vinquotidien.com\/fr\/wp-json\/wp\/v2\/comments?post=3195"}],"wp:featuredmedia":[{"embeddable":true,"href":"https:\/\/www.vinquotidien.com\/fr\/wp-json\/wp\/v2\/media\/5042"}],"wp:attachment":[{"href":"https:\/\/www.vinquotidien.com\/fr\/wp-json\/wp\/v2\/media?parent=3195"}],"wp:term":[{"taxonomy":"product_brand","embeddable":true,"href":"https:\/\/www.vinquotidien.com\/fr\/wp-json\/wp\/v2\/product_brand?post=3195"},{"taxonomy":"product_cat","embeddable":true,"href":"https:\/\/www.vinquotidien.com\/fr\/wp-json\/wp\/v2\/product_cat?post=3195"},{"taxonomy":"product_tag","embeddable":true,"href":"https:\/\/www.vinquotidien.com\/fr\/wp-json\/wp\/v2\/product_tag?post=3195"}],"curies":[{"name":"wp","href":"https:\/\/api.w.org\/{rel}","templated":true}]}}