{"id":3197,"date":"2021-04-28T14:02:34","date_gmt":"2021-04-28T12:02:34","guid":{"rendered":"https:\/\/www.vinquotidien.com\/?post_type=product&#038;p=3197"},"modified":"2026-02-05T10:09:00","modified_gmt":"2026-02-05T09:09:00","slug":"le-mineral-aop-picpoul-de-pinet","status":"publish","type":"product","link":"https:\/\/www.vinquotidien.com\/fr\/produit\/le-mineral-aop-picpoul-de-pinet\/","title":{"rendered":"Le Min\u00e9ral 2023 &#8211; Picpoul de Pinet &#8211; Languedoc"},"content":{"rendered":"<p><strong>Vigneron : <\/strong><br \/>\nDomaine Serodes &amp; Kovac<\/p>\n<p><strong>Appellation : <\/strong><br \/>\nPicpoul de Pinet<\/p>\n<p><strong>R\u00e9gion : <\/strong><br \/>\nLanguedoc<\/p>\n<p><strong>Et le vin\u2026<\/strong><br \/>\nC\u00e9pages : 100% Picpoul<br \/>\nAssembl\u00e9 \u00e0 partir de raisins issus de plusieurs magnifiques vignobles surplombant la M\u00e9diterran\u00e9e et perch\u00e9s au sommet du bassin de Thau et de ses c\u00e9l\u00e8bres fermes ostr\u00e9icoles<br \/>\nAge moyen des vignes : 10 ans<br \/>\nTerroir : Sols de graviers calcaires<br \/>\nR\u00e9colt\u00e9s \u00e0 la mi-ao\u00fbt, les raisins sont press\u00e9s doucement et le jus est ferment\u00e9 en cuves inox thermor\u00e9gul\u00e9es et \u00e9lev\u00e9 6 mois sur lies fines avant d&rsquo;\u00eatre mis en bouteille au domaine<\/p>\n<p><strong>Et dans le verre\u2026<\/strong><br \/>\nCouleur : belle robe p\u00e2le et cristalline tirant sur le vert<br \/>\nAu nez, des notes d&rsquo;agrumes, de p\u00eache blanche et un l\u00e9ger zeste de pamplemousse<br \/>\nLa bouche est florale, avec des notes d&rsquo;agrumes et une belle acidit\u00e9 tr\u00e8s min\u00e9rale<\/p>\n<p><strong>Accords Mets &amp; Vins : <\/strong><br \/>\nC&rsquo;est l&rsquo;accompagnement ultime des hu\u00eetres mais il se marie aussi tr\u00e8s bien avec le fromage de ch\u00e8vre et le Roquefort<\/p>\n","protected":false},"excerpt":{"rendered":"<p><strong>Vigneron : <\/strong><br \/>\nDomaine Serodes &amp; Kovac<\/p>\n<p><strong>Appellation : <\/strong><br \/>\nPicpoul de Pinet<\/p>\n<p><strong>R\u00e9gion : <\/strong><br \/>\nLanguedoc<\/p>\n","protected":false},"featured_media":6241,"comment_status":"open","ping_status":"closed","template":"","meta":[],"product_brand":[],"product_cat":[26],"product_tag":[],"class_list":{"0":"post-3197","1":"product","2":"type-product","3":"status-publish","4":"has-post-thumbnail","6":"product_cat-vin-blanc","8":"first","9":"outofstock","10":"taxable","11":"shipping-taxable","12":"purchasable","13":"product-type-simple"},"group_of_quantity":6,"min_quantity":0,"max_quantity":"","exclude_order_quantity_value_rules":"no","exclude_category_quantity_rules":"no","combine_variations":"no","_links":{"self":[{"href":"https:\/\/www.vinquotidien.com\/fr\/wp-json\/wp\/v2\/product\/3197","targetHints":{"allow":["GET"]}}],"collection":[{"href":"https:\/\/www.vinquotidien.com\/fr\/wp-json\/wp\/v2\/product"}],"about":[{"href":"https:\/\/www.vinquotidien.com\/fr\/wp-json\/wp\/v2\/types\/product"}],"replies":[{"embeddable":true,"href":"https:\/\/www.vinquotidien.com\/fr\/wp-json\/wp\/v2\/comments?post=3197"}],"wp:featuredmedia":[{"embeddable":true,"href":"https:\/\/www.vinquotidien.com\/fr\/wp-json\/wp\/v2\/media\/6241"}],"wp:attachment":[{"href":"https:\/\/www.vinquotidien.com\/fr\/wp-json\/wp\/v2\/media?parent=3197"}],"wp:term":[{"taxonomy":"product_brand","embeddable":true,"href":"https:\/\/www.vinquotidien.com\/fr\/wp-json\/wp\/v2\/product_brand?post=3197"},{"taxonomy":"product_cat","embeddable":true,"href":"https:\/\/www.vinquotidien.com\/fr\/wp-json\/wp\/v2\/product_cat?post=3197"},{"taxonomy":"product_tag","embeddable":true,"href":"https:\/\/www.vinquotidien.com\/fr\/wp-json\/wp\/v2\/product_tag?post=3197"}],"curies":[{"name":"wp","href":"https:\/\/api.w.org\/{rel}","templated":true}]}}