{"id":3201,"date":"2021-04-28T16:35:46","date_gmt":"2021-04-28T14:35:46","guid":{"rendered":"https:\/\/www.vinquotidien.com\/?post_type=product&#038;p=3201"},"modified":"2025-03-24T16:18:32","modified_gmt":"2025-03-24T15:18:32","slug":"les-amandiers-de-la-liquiere-aoc-faugeres","status":"publish","type":"product","link":"https:\/\/www.vinquotidien.com\/fr\/produit\/les-amandiers-de-la-liquiere-aoc-faugeres\/","title":{"rendered":"Les Amandiers de La Liqui\u00e8re 2023 &#8211; Faug\u00e8res"},"content":{"rendered":"<p><strong>Vigneron : <\/strong><br \/>\nCh\u00e2teau de La Liqui\u00e8re<\/p>\n<p><strong>Appellation : <\/strong><br \/>\nFaug\u00e8res<\/p>\n<p><strong>R\u00e9gion : <\/strong><br \/>\nLanguedoc<\/p>\n<p><strong>Et le vin\u2026<\/strong><br \/>\nC\u00e9pages : 50% Syrah, 20% Grenache, 20% Carignan, 10% Mourv\u00e8dre<br \/>\nTerroir compos\u00e9 de schistes, altitude du vignoble de 250 \u00e0 350 m\u00e8tres, parcelle de plus de 40 ans<br \/>\nR\u00e9colte manuelle, vinification classique, \u00e9levage en cuve. Selon le profil du mill\u00e9sime, certaines parcelles sont vinifi\u00e9es en grappes enti\u00e8res<\/p>\n<p><strong>Et dans le verre\u2026<\/strong><br \/>\nRobe rouge grenat<br \/>\nAr\u00f4mes de petits fruits rouges, cassis et griotte ainsi que des l\u00e9g\u00e8res notes \u00e9pic\u00e9es<br \/>\nEn bouche on retrouve les notes fruit\u00e9s et \u00e9pic\u00e9es du nez qui se poursuivent sur une note bois\u00e9e charnue et pulpeuse. Un vin gourmand et frais!<\/p>\n<p><strong>Accords Mets &amp; Vins : <\/strong><br \/>\nAvec la cuisine m\u00e9diterran\u00e9enne : l\u00e9gumes farcis, poivrons marin\u00e9s, grillades<\/p>\n","protected":false},"excerpt":{"rendered":"<p><strong>Vigneron : <\/strong><br \/>\nCh\u00e2teau de La Liqui\u00e8re<\/p>\n<p><strong>Appellation : <\/strong><br \/>\nFaug\u00e8res<\/p>\n<p><strong>R\u00e9gion : <\/strong><br \/>\nLanguedoc<\/p>\n","protected":false},"featured_media":5053,"comment_status":"open","ping_status":"closed","template":"","meta":[],"product_brand":[],"product_cat":[25],"product_tag":[],"class_list":{"0":"post-3201","1":"product","2":"type-product","3":"status-publish","4":"has-post-thumbnail","6":"product_cat-vin-rouge","8":"first","9":"instock","10":"taxable","11":"shipping-taxable","12":"purchasable","13":"product-type-simple"},"group_of_quantity":6,"min_quantity":0,"max_quantity":"","exclude_order_quantity_value_rules":"no","exclude_category_quantity_rules":"no","combine_variations":"no","_links":{"self":[{"href":"https:\/\/www.vinquotidien.com\/fr\/wp-json\/wp\/v2\/product\/3201","targetHints":{"allow":["GET"]}}],"collection":[{"href":"https:\/\/www.vinquotidien.com\/fr\/wp-json\/wp\/v2\/product"}],"about":[{"href":"https:\/\/www.vinquotidien.com\/fr\/wp-json\/wp\/v2\/types\/product"}],"replies":[{"embeddable":true,"href":"https:\/\/www.vinquotidien.com\/fr\/wp-json\/wp\/v2\/comments?post=3201"}],"wp:featuredmedia":[{"embeddable":true,"href":"https:\/\/www.vinquotidien.com\/fr\/wp-json\/wp\/v2\/media\/5053"}],"wp:attachment":[{"href":"https:\/\/www.vinquotidien.com\/fr\/wp-json\/wp\/v2\/media?parent=3201"}],"wp:term":[{"taxonomy":"product_brand","embeddable":true,"href":"https:\/\/www.vinquotidien.com\/fr\/wp-json\/wp\/v2\/product_brand?post=3201"},{"taxonomy":"product_cat","embeddable":true,"href":"https:\/\/www.vinquotidien.com\/fr\/wp-json\/wp\/v2\/product_cat?post=3201"},{"taxonomy":"product_tag","embeddable":true,"href":"https:\/\/www.vinquotidien.com\/fr\/wp-json\/wp\/v2\/product_tag?post=3201"}],"curies":[{"name":"wp","href":"https:\/\/api.w.org\/{rel}","templated":true}]}}