{"id":3228,"date":"2021-04-28T14:27:45","date_gmt":"2021-04-28T12:27:45","guid":{"rendered":"https:\/\/www.vinquotidien.com\/?post_type=product&#038;p=3228"},"modified":"2026-03-10T18:49:35","modified_gmt":"2026-03-10T17:49:35","slug":"tutti-frutti-igp-pays-doc","status":"publish","type":"product","link":"https:\/\/www.vinquotidien.com\/fr\/produit\/tutti-frutti-igp-pays-doc\/","title":{"rendered":"Tutti Frutti 2024 &#8211; Pays-d&rsquo;oc &#8211; Ch\u00e2teau de La Liqui\u00e8re"},"content":{"rendered":"<p><strong>Vigneron : <\/strong><br \/>\nCh\u00e2teau de La Liqui\u00e8re<\/p>\n<p><strong>Appellation : <\/strong><br \/>\nPays d\u2019Oc<\/p>\n<p><strong>R\u00e9gion : <\/strong><br \/>\nLanguedoc<\/p>\n<p><strong>Et le vin\u2026<\/strong><br \/>\nC\u00e9pages : Grenache, Syrah, Carignan<br \/>\nTerroir compos\u00e9 de sols de schistes, vendanges manuelles, vinification classique et \u00e9levage en cuve<br \/>\nAu Ch\u00e2teau de La Liqui\u00e8re, Tutti Frutti \u00e0 toujours d\u00e9sign\u00e9 pendant les vendanges, la cuve dans laquelle sont vinifi\u00e9s plusieurs c\u00e9pages issus de diff\u00e9rentes parcelles<\/p>\n<p><strong>Et dans le verre\u2026<\/strong><br \/>\nRobe violac\u00e9e tirant sur le rubis<br \/>\nPalette olfactive de fruits rouges, fraises et cassis avec de l\u00e9g\u00e8res notes d\u2019\u00e9pices<br \/>\nBouche bien balanc\u00e9e entre tanins arrondis et fruits rouges<br \/>\nGourmand, friand et convivial<\/p>\n<p><strong>Accords Mets &amp; Vins : <\/strong><br \/>\nVolaille, p\u00e2tes, barbecue, dessert aux fruits rouges<\/p>\n","protected":false},"excerpt":{"rendered":"<p><strong>Vigneron : <\/strong><br \/>\nCh\u00e2teau de La Liqui\u00e8re<\/p>\n<p><strong>Appellation : <\/strong><br \/>\nPays d\u2019Oc<\/p>\n<p><strong>R\u00e9gion : <\/strong><br \/>\nLanguedoc<\/p>\n","protected":false},"featured_media":5048,"comment_status":"open","ping_status":"closed","template":"","meta":[],"product_brand":[],"product_cat":[25],"product_tag":[],"class_list":{"0":"post-3228","1":"product","2":"type-product","3":"status-publish","4":"has-post-thumbnail","6":"product_cat-vin-rouge","8":"first","9":"instock","10":"taxable","11":"shipping-taxable","12":"purchasable","13":"product-type-simple"},"group_of_quantity":6,"min_quantity":0,"max_quantity":"","exclude_order_quantity_value_rules":"no","exclude_category_quantity_rules":"no","combine_variations":"no","_links":{"self":[{"href":"https:\/\/www.vinquotidien.com\/fr\/wp-json\/wp\/v2\/product\/3228","targetHints":{"allow":["GET"]}}],"collection":[{"href":"https:\/\/www.vinquotidien.com\/fr\/wp-json\/wp\/v2\/product"}],"about":[{"href":"https:\/\/www.vinquotidien.com\/fr\/wp-json\/wp\/v2\/types\/product"}],"replies":[{"embeddable":true,"href":"https:\/\/www.vinquotidien.com\/fr\/wp-json\/wp\/v2\/comments?post=3228"}],"wp:featuredmedia":[{"embeddable":true,"href":"https:\/\/www.vinquotidien.com\/fr\/wp-json\/wp\/v2\/media\/5048"}],"wp:attachment":[{"href":"https:\/\/www.vinquotidien.com\/fr\/wp-json\/wp\/v2\/media?parent=3228"}],"wp:term":[{"taxonomy":"product_brand","embeddable":true,"href":"https:\/\/www.vinquotidien.com\/fr\/wp-json\/wp\/v2\/product_brand?post=3228"},{"taxonomy":"product_cat","embeddable":true,"href":"https:\/\/www.vinquotidien.com\/fr\/wp-json\/wp\/v2\/product_cat?post=3228"},{"taxonomy":"product_tag","embeddable":true,"href":"https:\/\/www.vinquotidien.com\/fr\/wp-json\/wp\/v2\/product_tag?post=3228"}],"curies":[{"name":"wp","href":"https:\/\/api.w.org\/{rel}","templated":true}]}}