{"id":3399,"date":"2021-05-19T11:50:02","date_gmt":"2021-05-19T09:50:02","guid":{"rendered":"https:\/\/www.vinquotidien.com\/?post_type=product&#038;p=3399"},"modified":"2025-08-01T17:16:55","modified_gmt":"2025-08-01T15:16:55","slug":"champagne-brut-grand-cru-blanc-de-blancs-cuvee-de-reserve-bernard-pertois","status":"publish","type":"product","link":"https:\/\/www.vinquotidien.com\/fr\/produit\/champagne-brut-grand-cru-blanc-de-blancs-cuvee-de-reserve-bernard-pertois\/","title":{"rendered":"Champagne Brut Grand Cru &#8211; Blanc de Blancs &#8211; Cuv\u00e9e de R\u00e9serve &#8211; Bernard Pertois"},"content":{"rendered":"<p><strong>Vigneron : <\/strong><br \/>\nBernard Pertois<\/p>\n<p><strong>Appellation : <\/strong><br \/>\nChampagne Brut Grand Cru<\/p>\n<p><strong>R\u00e9gion :<\/strong><br \/>\nChampagne<\/p>\n<p><strong>R\u00e9compenses :<\/strong><\/p>\n<p><strong>Et le vin\u2026<\/strong><br \/>\nCru class\u00e9 \u00e0 100% en appellation Grand Cru<br \/>\nC\u00e9page : 100% Chardonnay<br \/>\nTerroir typique de la C\u00f4te des Blancs, sol l\u00e9ger essentiellement calcaire, sous-sols de craies \u00e0 b\u00e9lemnites de l\u2019\u00e8re secondaire<br \/>\nVendanges manuelles et r\u00e9colte des parcelles les plus anciennes autour de Mesnil-Sur-Oger<br \/>\nVinification traditionnelle en cuve inox de petits volumes, passage au froid et fermentation malolactique<br \/>\nAssemblage de vins de 3 vendanges : 2015 (77.70%), 2014 (10.60%) et 2013 (11.70%)<br \/>\nSeconde fermentation en bouteille, vieillissement minimum de 24 mois<br \/>\nDosage : 5.5g \/ l<\/p>\n<p><strong>Et dans le verre\u2026<\/strong><br \/>\nRobe or p\u00e2le<br \/>\nMousse fine et effervescence gracieuse au cordon ininterrompu<br \/>\nNez min\u00e9ral et fruit\u00e9 avec une touche de pain grill\u00e9<br \/>\nBouche pleine et fruit\u00e9e avec une acidit\u00e9 savoureuse, \u00e9l\u00e9gante min\u00e9ralit\u00e9 aux ar\u00f4mes subtils<br \/>\nBelle structure en bouche<\/p>\n<p><strong>Accords Mets &amp; Vins : <\/strong><br \/>\nSuperbe avec les crustac\u00e9s<\/p>\n","protected":false},"excerpt":{"rendered":"<p><strong>Vigneron : <\/strong><br \/>\nBernard Pertois<\/p>\n<p><strong>Appellation : <\/strong><br \/>\nChampagne Brut Grand Cru<\/p>\n<p><strong>R\u00e9gion :<\/strong><br \/>\nChampagne<\/p>\n<p><strong>R\u00e9compenses :<\/strong><\/p>\n","protected":false},"featured_media":5066,"comment_status":"open","ping_status":"closed","template":"","meta":[],"product_brand":[],"product_cat":[90,28],"product_tag":[],"class_list":{"0":"post-3399","1":"product","2":"type-product","3":"status-publish","4":"has-post-thumbnail","6":"product_cat-vip-corner","7":"product_cat-bulles","9":"first","10":"instock","11":"taxable","12":"shipping-taxable","13":"purchasable","14":"product-type-simple"},"group_of_quantity":6,"min_quantity":0,"max_quantity":"","exclude_order_quantity_value_rules":"no","exclude_category_quantity_rules":"no","combine_variations":"no","_links":{"self":[{"href":"https:\/\/www.vinquotidien.com\/fr\/wp-json\/wp\/v2\/product\/3399","targetHints":{"allow":["GET"]}}],"collection":[{"href":"https:\/\/www.vinquotidien.com\/fr\/wp-json\/wp\/v2\/product"}],"about":[{"href":"https:\/\/www.vinquotidien.com\/fr\/wp-json\/wp\/v2\/types\/product"}],"replies":[{"embeddable":true,"href":"https:\/\/www.vinquotidien.com\/fr\/wp-json\/wp\/v2\/comments?post=3399"}],"wp:featuredmedia":[{"embeddable":true,"href":"https:\/\/www.vinquotidien.com\/fr\/wp-json\/wp\/v2\/media\/5066"}],"wp:attachment":[{"href":"https:\/\/www.vinquotidien.com\/fr\/wp-json\/wp\/v2\/media?parent=3399"}],"wp:term":[{"taxonomy":"product_brand","embeddable":true,"href":"https:\/\/www.vinquotidien.com\/fr\/wp-json\/wp\/v2\/product_brand?post=3399"},{"taxonomy":"product_cat","embeddable":true,"href":"https:\/\/www.vinquotidien.com\/fr\/wp-json\/wp\/v2\/product_cat?post=3399"},{"taxonomy":"product_tag","embeddable":true,"href":"https:\/\/www.vinquotidien.com\/fr\/wp-json\/wp\/v2\/product_tag?post=3399"}],"curies":[{"name":"wp","href":"https:\/\/api.w.org\/{rel}","templated":true}]}}