{"id":3461,"date":"2021-06-07T19:37:23","date_gmt":"2021-06-07T17:37:23","guid":{"rendered":"https:\/\/www.vinquotidien.com\/?post_type=product&#038;p=3461"},"modified":"2025-03-24T18:12:45","modified_gmt":"2025-03-24T17:12:45","slug":"single-malt-fine-tourbe-welches-whisky-distillerie-g-miclo","status":"publish","type":"product","link":"https:\/\/www.vinquotidien.com\/fr\/produit\/single-malt-fine-tourbe-welches-whisky-distillerie-g-miclo\/","title":{"rendered":"Single Malt Fine Tourbe &#8211; Welche&rsquo;s Whisky &#8211; Distillerie G. Miclo"},"content":{"rendered":"<p><strong>Producteur : <\/strong><br \/>\nDistillerie G. Miclo<\/p>\n<p><strong>D\u00e9nomination \/ Appellation : <\/strong><br \/>\nWelche&rsquo;s Whisky \/ Whisky Alsacien<\/p>\n<p><strong>R\u00e9gion :<\/strong><br \/>\nAlsace<\/p>\n<p><strong>Et le Whisky\u2026<\/strong><br \/>\nWhisky Alsacien \u00e9lev\u00e9 en f\u00fbts de Bourgogne<br \/>\nB\u00e9n\u00e9ficie de l&rsquo;Indication G\u00e9ographique Prot\u00e9g\u00e9e \u00ab Welche&rsquo;s Whiskies \u00bb<br \/>\nDistill\u00e9 \u00e0 partir de mati\u00e8re premi\u00e8re d&rsquo;origine alsacienne, interdiction d&rsquo;aromatiser, d&rsquo;\u00e9dulcorer et de colorer les whiskies<br \/>\nPas de filtration \u00e0 froid, \u00e9levage en f\u00fbts de vin de Bourgogne<br \/>\nDensit\u00e9 de tourbe : finement tourb\u00e9 (+\/- 10 ppm)<br \/>\n70 cl \/ 43 % vol<\/p>\n<p><strong>Et dans le verre\u2026<\/strong><br \/>\nCouleur ambre dor\u00e9e<br \/>\nNez aux notes l\u00e9g\u00e8rement grill\u00e9es et fum\u00e9es avec une pointe musqu\u00e9e<br \/>\nEn bouche, le tourb\u00e9 est pr\u00e9sent mais plut\u00f4t fondu, on y retrouve des notes de noisettes et d&rsquo;amandes<br \/>\nBelle longueur toute en finesse<\/p>\n<p><strong>Conseils de d\u00e9gustation : <\/strong><br \/>\nEn pousse-caf\u00e9 ou \u00e0 la veill\u00e9e. A essayer avec des huitres et du saumon fum\u00e9<\/p>\n","protected":false},"excerpt":{"rendered":"<p><strong>Producteur : <\/strong><br \/>\nDistillerie G. Miclo<\/p>\n<p><strong>D\u00e9nomination \/ Appellation : <\/strong><br \/>\nWelche&rsquo;s Whisky \/ Whisky Alsacien<\/p>\n<p><strong>R\u00e9gion :<\/strong><br \/>\nAlsace<\/p>\n","protected":false},"featured_media":5079,"comment_status":"open","ping_status":"closed","template":"","meta":[],"product_brand":[],"product_cat":[83,100],"product_tag":[],"class_list":{"0":"post-3461","1":"product","2":"type-product","3":"status-publish","4":"has-post-thumbnail","6":"product_cat-spiritueux","7":"product_cat-vente-a-lunite","9":"first","10":"instock","11":"taxable","12":"shipping-taxable","13":"purchasable","14":"product-type-simple"},"group_of_quantity":1,"min_quantity":0,"max_quantity":"","exclude_order_quantity_value_rules":"yes","exclude_category_quantity_rules":"no","combine_variations":"no","_links":{"self":[{"href":"https:\/\/www.vinquotidien.com\/fr\/wp-json\/wp\/v2\/product\/3461","targetHints":{"allow":["GET"]}}],"collection":[{"href":"https:\/\/www.vinquotidien.com\/fr\/wp-json\/wp\/v2\/product"}],"about":[{"href":"https:\/\/www.vinquotidien.com\/fr\/wp-json\/wp\/v2\/types\/product"}],"replies":[{"embeddable":true,"href":"https:\/\/www.vinquotidien.com\/fr\/wp-json\/wp\/v2\/comments?post=3461"}],"wp:featuredmedia":[{"embeddable":true,"href":"https:\/\/www.vinquotidien.com\/fr\/wp-json\/wp\/v2\/media\/5079"}],"wp:attachment":[{"href":"https:\/\/www.vinquotidien.com\/fr\/wp-json\/wp\/v2\/media?parent=3461"}],"wp:term":[{"taxonomy":"product_brand","embeddable":true,"href":"https:\/\/www.vinquotidien.com\/fr\/wp-json\/wp\/v2\/product_brand?post=3461"},{"taxonomy":"product_cat","embeddable":true,"href":"https:\/\/www.vinquotidien.com\/fr\/wp-json\/wp\/v2\/product_cat?post=3461"},{"taxonomy":"product_tag","embeddable":true,"href":"https:\/\/www.vinquotidien.com\/fr\/wp-json\/wp\/v2\/product_tag?post=3461"}],"curies":[{"name":"wp","href":"https:\/\/api.w.org\/{rel}","templated":true}]}}