{"id":3465,"date":"2021-06-07T19:40:35","date_gmt":"2021-06-07T17:40:35","guid":{"rendered":"https:\/\/www.vinquotidien.com\/?post_type=product&#038;p=3465"},"modified":"2025-03-24T18:12:38","modified_gmt":"2025-03-24T17:12:38","slug":"vieille-prune-grande-reserve-distillerie-g-miclo","status":"publish","type":"product","link":"https:\/\/www.vinquotidien.com\/fr\/produit\/vieille-prune-grande-reserve-distillerie-g-miclo\/","title":{"rendered":"Vieille Prune Grande R\u00e9serve &#8211; Distillerie G. Miclo"},"content":{"rendered":"<p><strong>Producteur : <\/strong><br \/>\nDistillerie G. Miclo<\/p>\n<p><strong>D\u00e9nomination \/ Appellation : <\/strong><br \/>\nEau de vie de prune<\/p>\n<p><strong>R\u00e9gion :<\/strong><br \/>\nAlsace<\/p>\n<p><strong>Et l\u2019Eau-de-vie\u2026<\/strong><br \/>\nElabor\u00e9e \u00e0 partir de la prune d\u2019Ente, vari\u00e9t\u00e9 utilis\u00e9e pour les pruneaux d\u2019Agen<br \/>\nElle est obtenue par la fermentation naturelle suivie de la distillation des prunes dans des alambics traditionnels en cuivre<br \/>\nCette eau-de-vie est ensuite vieillie en cuve inox, puis m\u00fbrie en f\u00fbt de ch\u00eane durant 12 mois pour lui donner sa belle robe ambr\u00e9e, sa rondeur et les l\u00e9gers tanins qui l\u2019assouplissent<br \/>\n70cl \/ 40 % vol<\/p>\n<p><strong>Et dans le verre\u2026<\/strong><br \/>\nReflets d\u2019ambre dor\u00e9e tr\u00e8s brillante<br \/>\nAu nez, une premi\u00e8re attaque un peu toast\u00e9e, vanill\u00e9, qui \u00e9volue sur des notes grill\u00e9es<br \/>\nLa bouche est ferme, \u00e0 maturit\u00e9 parfaite<br \/>\nTr\u00e8s ronde et typ\u00e9e, une subtile note de pruneaux succ\u00e8de \u00e0 une attaque l\u00e9g\u00e8rement bois\u00e9e<\/p>\n<p><strong>Conseils de d\u00e9gustation : <\/strong><br \/>\nPour le pousse-caf\u00e9 avec des biscuits aux noix<\/p>\n","protected":false},"excerpt":{"rendered":"<p><strong>Producteur : <\/strong><br \/>\nDistillerie G. Miclo<\/p>\n<p><strong>D\u00e9nomination \/ Appellation : <\/strong><br \/>\nEau de vie de prune<\/p>\n<p><strong>R\u00e9gion :<\/strong><br \/>\nAlsace<\/p>\n","protected":false},"featured_media":5081,"comment_status":"open","ping_status":"closed","template":"","meta":[],"product_brand":[],"product_cat":[83,100],"product_tag":[],"class_list":{"0":"post-3465","1":"product","2":"type-product","3":"status-publish","4":"has-post-thumbnail","6":"product_cat-spiritueux","7":"product_cat-vente-a-lunite","9":"first","10":"instock","11":"taxable","12":"shipping-taxable","13":"purchasable","14":"product-type-simple"},"group_of_quantity":1,"min_quantity":0,"max_quantity":"","exclude_order_quantity_value_rules":"yes","exclude_category_quantity_rules":"no","combine_variations":"no","_links":{"self":[{"href":"https:\/\/www.vinquotidien.com\/fr\/wp-json\/wp\/v2\/product\/3465","targetHints":{"allow":["GET"]}}],"collection":[{"href":"https:\/\/www.vinquotidien.com\/fr\/wp-json\/wp\/v2\/product"}],"about":[{"href":"https:\/\/www.vinquotidien.com\/fr\/wp-json\/wp\/v2\/types\/product"}],"replies":[{"embeddable":true,"href":"https:\/\/www.vinquotidien.com\/fr\/wp-json\/wp\/v2\/comments?post=3465"}],"wp:featuredmedia":[{"embeddable":true,"href":"https:\/\/www.vinquotidien.com\/fr\/wp-json\/wp\/v2\/media\/5081"}],"wp:attachment":[{"href":"https:\/\/www.vinquotidien.com\/fr\/wp-json\/wp\/v2\/media?parent=3465"}],"wp:term":[{"taxonomy":"product_brand","embeddable":true,"href":"https:\/\/www.vinquotidien.com\/fr\/wp-json\/wp\/v2\/product_brand?post=3465"},{"taxonomy":"product_cat","embeddable":true,"href":"https:\/\/www.vinquotidien.com\/fr\/wp-json\/wp\/v2\/product_cat?post=3465"},{"taxonomy":"product_tag","embeddable":true,"href":"https:\/\/www.vinquotidien.com\/fr\/wp-json\/wp\/v2\/product_tag?post=3465"}],"curies":[{"name":"wp","href":"https:\/\/api.w.org\/{rel}","templated":true}]}}