{"id":3767,"date":"2021-06-23T17:07:39","date_gmt":"2021-06-23T15:07:39","guid":{"rendered":"https:\/\/www.vinquotidien.com\/?post_type=product&#038;p=3767"},"modified":"2026-02-08T09:41:13","modified_gmt":"2026-02-08T08:41:13","slug":"pouilly-fuisse-vieilles-vignes-domaine-des-deux-roches","status":"publish","type":"product","link":"https:\/\/www.vinquotidien.com\/fr\/produit\/pouilly-fuisse-vieilles-vignes-domaine-des-deux-roches\/","title":{"rendered":"Pouilly-fuiss\u00e9 Vieilles Vignes 2024 &#8211; Domaine des Deux Roches"},"content":{"rendered":"<p><strong>Vigneron : <\/strong><br \/>\nDomaine des Deux Roches \/ Collovray &amp; Terrier<\/p>\n<p><strong>Appellation : <\/strong><br \/>\nPouilly-fuiss\u00e9<\/p>\n<p><strong>R\u00e9gion : <\/strong><br \/>\nBourgogne<\/p>\n<p><strong>Et le vin\u2026<\/strong><br \/>\nC\u00e9page : 100% Chardonnay<br \/>\nAssemblage issu des vignes du Domaine et de raisins s\u00e9lectionn\u00e9s aupr\u00e8s de vignerons partenaires de longue date<br \/>\nApr\u00e8s r\u00e9colte, les raisins sont charg\u00e9s par gravit\u00e9 dans des pressoirs pneumatiques. Les presses sont lentes et longues afin de pr\u00e9server la finesse aromatique<br \/>\nLa vinification a lieu en cuves inox \u00e0 temp\u00e9rature contr\u00f4l\u00e9e. Fermentation malolactique ou non selon les mill\u00e9simes<br \/>\nL&rsquo;\u00e9levage se d\u00e9roule sur lies fines jusqu&rsquo;au printemps<\/p>\n<p><strong>Et dans le verre\u2026<\/strong><br \/>\nRobe lumineuse aux reflets argent\u00e9s<br \/>\nNez explosif de ch\u00e8vrefeuille en fleur<br \/>\nLa bouche \u00e0 la texture ronde mettant l\u2019abricot m\u00fbr en valeur<br \/>\nFinale gourmande et parfaitement \u00e9quilibr\u00e9e<\/p>\n<p><strong>Accords Mets &amp; Vins : <\/strong><br \/>\nAvec des bouch\u00e9e \u00e0 la reine aux ris de veau ou un poisson de rivi\u00e8re<\/p>\n","protected":false},"excerpt":{"rendered":"<p><strong>Vigneron : <\/strong><br \/>\nDomaine des Deux Roches \/ Collovray &amp; Terrier<\/p>\n<p><strong>Appellation : <\/strong><br \/>\nPouilly-fuiss\u00e9<\/p>\n<p><strong>R\u00e9gion : <\/strong><br \/>\nBourgogne<\/p>\n","protected":false},"featured_media":5087,"comment_status":"open","ping_status":"closed","template":"","meta":[],"product_brand":[],"product_cat":[26],"product_tag":[],"class_list":{"0":"post-3767","1":"product","2":"type-product","3":"status-publish","4":"has-post-thumbnail","6":"product_cat-vin-blanc","8":"first","9":"instock","10":"taxable","11":"shipping-taxable","12":"purchasable","13":"product-type-simple"},"group_of_quantity":6,"min_quantity":0,"max_quantity":"","exclude_order_quantity_value_rules":"no","exclude_category_quantity_rules":"no","combine_variations":"no","_links":{"self":[{"href":"https:\/\/www.vinquotidien.com\/fr\/wp-json\/wp\/v2\/product\/3767","targetHints":{"allow":["GET"]}}],"collection":[{"href":"https:\/\/www.vinquotidien.com\/fr\/wp-json\/wp\/v2\/product"}],"about":[{"href":"https:\/\/www.vinquotidien.com\/fr\/wp-json\/wp\/v2\/types\/product"}],"replies":[{"embeddable":true,"href":"https:\/\/www.vinquotidien.com\/fr\/wp-json\/wp\/v2\/comments?post=3767"}],"wp:featuredmedia":[{"embeddable":true,"href":"https:\/\/www.vinquotidien.com\/fr\/wp-json\/wp\/v2\/media\/5087"}],"wp:attachment":[{"href":"https:\/\/www.vinquotidien.com\/fr\/wp-json\/wp\/v2\/media?parent=3767"}],"wp:term":[{"taxonomy":"product_brand","embeddable":true,"href":"https:\/\/www.vinquotidien.com\/fr\/wp-json\/wp\/v2\/product_brand?post=3767"},{"taxonomy":"product_cat","embeddable":true,"href":"https:\/\/www.vinquotidien.com\/fr\/wp-json\/wp\/v2\/product_cat?post=3767"},{"taxonomy":"product_tag","embeddable":true,"href":"https:\/\/www.vinquotidien.com\/fr\/wp-json\/wp\/v2\/product_tag?post=3767"}],"curies":[{"name":"wp","href":"https:\/\/api.w.org\/{rel}","templated":true}]}}