{"id":3783,"date":"2021-06-23T19:13:33","date_gmt":"2021-06-23T17:13:33","guid":{"rendered":"https:\/\/www.vinquotidien.com\/?post_type=product&#038;p=3783"},"modified":"2025-03-24T16:16:19","modified_gmt":"2025-03-24T15:16:19","slug":"chateau-hautes-rouzes-pomerol","status":"publish","type":"product","link":"https:\/\/www.vinquotidien.com\/fr\/produit\/chateau-hautes-rouzes-pomerol\/","title":{"rendered":"Ch\u00e2teau Croix des Rouzes 2019 &#8211; Pomerol"},"content":{"rendered":"<p><strong>Vigneron :<\/strong><br \/>\nCh\u00e2teau Croix des Rouzes<\/p>\n<p><strong>Appellation :<\/strong><br \/>\nPomerol<\/p>\n<p><strong>R\u00e9gion :<\/strong><br \/>\nBordeaux<\/p>\n<p><strong>Et le vin\u2026<\/strong><br \/>\nC\u00e9pages : 80% merlot, 20% cabernet franc<br \/>\nSols argilo-graveleux et siliceux. Superficie: 3,30 ha.<br \/>\nVendanges manuelles<br \/>\nLes grappes et les baies sont tri\u00e9es sur table<br \/>\nLa vinification suit la tradition bordelaise et se d\u00e9roule dans des cuves thermor\u00e9gul\u00e9es en b\u00e9ton<br \/>\nElevage de 12 \u00e0 18 mois en barriques de bois comportant une faible proportion de bois neuf<br \/>\nMise en bouteille au Ch\u00e2teau<\/p>\n<p><strong>Et dans le verre\u2026<\/strong><br \/>\nRobe bordeaux profonde<br \/>\nNez finement teint\u00e9 d&rsquo;ar\u00f4mes de cassis, cerise, vanille et l\u00e9g\u00e8re pointe de cacao<br \/>\nBouche puissante avec un bel \u00e9quilibre entre l&rsquo;acidit\u00e9 et les tanins<br \/>\nFin de bouche longue et chaleureuse<\/p>\n<p><strong>Accords Mets &amp; Vins :<\/strong><br \/>\nS&rsquo;accorde bien avec b\u0153uf, agneau ou gibier<\/p>\n","protected":false},"excerpt":{"rendered":"<p><strong>Vigneron :<\/strong><br \/>\nCh\u00e2teau Croix des Rouzes<\/p>\n<p><strong>Appellation :<\/strong><br \/>\nPomerol<\/p>\n<p><strong>R\u00e9gion :<\/strong><br \/>\nBordeaux<\/p>\n","protected":false},"featured_media":5091,"comment_status":"open","ping_status":"closed","template":"","meta":[],"product_brand":[],"product_cat":[25],"product_tag":[],"class_list":{"0":"post-3783","1":"product","2":"type-product","3":"status-publish","4":"has-post-thumbnail","6":"product_cat-vin-rouge","8":"first","9":"instock","10":"taxable","11":"shipping-taxable","12":"purchasable","13":"product-type-simple"},"group_of_quantity":6,"min_quantity":0,"max_quantity":"","exclude_order_quantity_value_rules":"no","exclude_category_quantity_rules":"no","combine_variations":"no","_links":{"self":[{"href":"https:\/\/www.vinquotidien.com\/fr\/wp-json\/wp\/v2\/product\/3783","targetHints":{"allow":["GET"]}}],"collection":[{"href":"https:\/\/www.vinquotidien.com\/fr\/wp-json\/wp\/v2\/product"}],"about":[{"href":"https:\/\/www.vinquotidien.com\/fr\/wp-json\/wp\/v2\/types\/product"}],"replies":[{"embeddable":true,"href":"https:\/\/www.vinquotidien.com\/fr\/wp-json\/wp\/v2\/comments?post=3783"}],"wp:featuredmedia":[{"embeddable":true,"href":"https:\/\/www.vinquotidien.com\/fr\/wp-json\/wp\/v2\/media\/5091"}],"wp:attachment":[{"href":"https:\/\/www.vinquotidien.com\/fr\/wp-json\/wp\/v2\/media?parent=3783"}],"wp:term":[{"taxonomy":"product_brand","embeddable":true,"href":"https:\/\/www.vinquotidien.com\/fr\/wp-json\/wp\/v2\/product_brand?post=3783"},{"taxonomy":"product_cat","embeddable":true,"href":"https:\/\/www.vinquotidien.com\/fr\/wp-json\/wp\/v2\/product_cat?post=3783"},{"taxonomy":"product_tag","embeddable":true,"href":"https:\/\/www.vinquotidien.com\/fr\/wp-json\/wp\/v2\/product_tag?post=3783"}],"curies":[{"name":"wp","href":"https:\/\/api.w.org\/{rel}","templated":true}]}}