{"id":3795,"date":"2021-06-24T20:46:40","date_gmt":"2021-06-24T18:46:40","guid":{"rendered":"https:\/\/www.vinquotidien.com\/?post_type=product&#038;p=3795"},"modified":"2025-03-24T16:14:27","modified_gmt":"2025-03-24T15:14:27","slug":"lepanouie-domaine-des-coutures-saumur-champigny","status":"publish","type":"product","link":"https:\/\/www.vinquotidien.com\/fr\/produit\/lepanouie-domaine-des-coutures-saumur-champigny\/","title":{"rendered":"L&rsquo;Epanouie 2022 &#8211; Saumur-Champigny &#8211; Domaine des Coutures"},"content":{"rendered":"<p><strong>Vigneron :<\/strong><br \/>\nDomaine des Coutures<\/p>\n<p><strong>Appellation :<\/strong><br \/>\nSaumur-Champigny<\/p>\n<p><strong>R\u00e9gion :<\/strong><br \/>\nLoire<\/p>\n<p><strong>Et le vin\u2026<\/strong><br \/>\nC\u00e9page : 100 % Cabernet Franc<br \/>\nSol de craie et tuffeau<br \/>\nVendanges m\u00e9caniques<br \/>\nEgrappage total, fermentation en cuve inox thermor\u00e9gul\u00e9e, fermentation malolactique<br \/>\nElevage en cuve inox, filtration l\u00e9g\u00e8re avant mise en bouteille<\/p>\n<p><strong>Et dans le verre\u2026<\/strong><br \/>\nRobe couleur grenat, soutenue<br \/>\nNez aromatique de petits fruits noirs et de violette<br \/>\nBouche g\u00e9n\u00e9reuse, souple, aux tanins \u00e9l\u00e9gants et soyeux<br \/>\nFin de bouche velout\u00e9 d\u2019une bonne persistance<\/p>\n<p><strong>Accords Mets &amp; Vins :<\/strong><br \/>\nCharcuteries, Entrec\u00f4te grill\u00e9e, Blanquette de veau<\/p>\n","protected":false},"excerpt":{"rendered":"<p><strong>Vigneron :<\/strong><br \/>\nDomaine des Coutures<\/p>\n<p><strong>Appellation :<\/strong><br \/>\nSaumur-Champigny<\/p>\n<p><strong>R\u00e9gion :<\/strong><br \/>\nLoire<\/p>\n<p>&nbsp;<\/p>\n","protected":false},"featured_media":5093,"comment_status":"open","ping_status":"closed","template":"","meta":[],"product_brand":[],"product_cat":[25],"product_tag":[],"class_list":{"0":"post-3795","1":"product","2":"type-product","3":"status-publish","4":"has-post-thumbnail","6":"product_cat-vin-rouge","8":"first","9":"instock","10":"taxable","11":"shipping-taxable","12":"purchasable","13":"product-type-simple"},"group_of_quantity":6,"min_quantity":0,"max_quantity":"","exclude_order_quantity_value_rules":"no","exclude_category_quantity_rules":"no","combine_variations":"no","_links":{"self":[{"href":"https:\/\/www.vinquotidien.com\/fr\/wp-json\/wp\/v2\/product\/3795","targetHints":{"allow":["GET"]}}],"collection":[{"href":"https:\/\/www.vinquotidien.com\/fr\/wp-json\/wp\/v2\/product"}],"about":[{"href":"https:\/\/www.vinquotidien.com\/fr\/wp-json\/wp\/v2\/types\/product"}],"replies":[{"embeddable":true,"href":"https:\/\/www.vinquotidien.com\/fr\/wp-json\/wp\/v2\/comments?post=3795"}],"wp:featuredmedia":[{"embeddable":true,"href":"https:\/\/www.vinquotidien.com\/fr\/wp-json\/wp\/v2\/media\/5093"}],"wp:attachment":[{"href":"https:\/\/www.vinquotidien.com\/fr\/wp-json\/wp\/v2\/media?parent=3795"}],"wp:term":[{"taxonomy":"product_brand","embeddable":true,"href":"https:\/\/www.vinquotidien.com\/fr\/wp-json\/wp\/v2\/product_brand?post=3795"},{"taxonomy":"product_cat","embeddable":true,"href":"https:\/\/www.vinquotidien.com\/fr\/wp-json\/wp\/v2\/product_cat?post=3795"},{"taxonomy":"product_tag","embeddable":true,"href":"https:\/\/www.vinquotidien.com\/fr\/wp-json\/wp\/v2\/product_tag?post=3795"}],"curies":[{"name":"wp","href":"https:\/\/api.w.org\/{rel}","templated":true}]}}