{"id":4151,"date":"2021-10-04T15:22:18","date_gmt":"2021-10-04T13:22:18","guid":{"rendered":"https:\/\/www.vinquotidien.com\/?post_type=product&#038;p=4151"},"modified":"2026-05-08T11:18:09","modified_gmt":"2026-05-08T09:18:09","slug":"symphonie-dautomne-les-fils-de-charles-trosset-chignin-bergeron","status":"publish","type":"product","link":"https:\/\/www.vinquotidien.com\/fr\/produit\/symphonie-dautomne-les-fils-de-charles-trosset-chignin-bergeron\/","title":{"rendered":"Symphonie d&rsquo;Automne 2024 &#8211; Domaine Trosset &#8211; Chignin-Bergeron"},"content":{"rendered":"<p><strong>Vigneron : <\/strong><br \/>\nLes Fils de Charles Trosset \/ Louis Trosset<\/p>\n<p><strong>Appellation : <\/strong><br \/>\nChignin-Bergeron<\/p>\n<p><strong>R\u00e9gion : <\/strong><br \/>\nSavoie<\/p>\n<p><strong>Et le vin\u2026<\/strong><br \/>\nC\u00e9page : 100% Roussanne<br \/>\nLes vignes sont \u00e2g\u00e9es en moyenne de 25 ans<br \/>\nLes vendanges sont manuelles, en caisse, et non \u00e9grapp\u00e9es.<br \/>\nLes vinifications sont effectu\u00e9es par parcelle, les fermentations restent classiques et les \u00e9levages, en cuve, durent de 8 \u00e0 12 mois L&rsquo;\u00e9levage est ensuite fait en cuve inox, parcelle par parcelle<\/p>\n<p><strong>Et dans le verre\u2026<\/strong><br \/>\nRobe jaune paille<br \/>\nNez bien ouvert sur l&rsquo;abricot, l&rsquo;ananas et la violette<br \/>\nLa bouche propose une texture bien \u00e9quilibr\u00e9. La finale est longue et relativement fra\u00eeche sur les \u00e9pices, le floral et la r\u00e9glisse<\/p>\n<p><strong>Accords Mets &amp; Vins : <\/strong><br \/>\nAvec la tartiflette, une tomme d\u2019abondance ou une blanquette de veau \u00e0 l&rsquo;ancienne<\/p>\n","protected":false},"excerpt":{"rendered":"<p><strong>Vigneron : <\/strong><br \/>\nLes Fils de Charles Trosset \/ Louis Trosset<\/p>\n<p><strong>Appellation : <\/strong><br \/>\nChignin-Bergeron<\/p>\n<p><strong>R\u00e9gion : <\/strong><br \/>\nSavoie<\/p>\n","protected":false},"featured_media":5113,"comment_status":"open","ping_status":"closed","template":"","meta":[],"product_brand":[],"product_cat":[26],"product_tag":[],"class_list":{"0":"post-4151","1":"product","2":"type-product","3":"status-publish","4":"has-post-thumbnail","6":"product_cat-vin-blanc","8":"first","9":"instock","10":"taxable","11":"shipping-taxable","12":"purchasable","13":"product-type-simple"},"group_of_quantity":6,"min_quantity":0,"max_quantity":"","exclude_order_quantity_value_rules":"no","exclude_category_quantity_rules":"no","combine_variations":"no","_links":{"self":[{"href":"https:\/\/www.vinquotidien.com\/fr\/wp-json\/wp\/v2\/product\/4151","targetHints":{"allow":["GET"]}}],"collection":[{"href":"https:\/\/www.vinquotidien.com\/fr\/wp-json\/wp\/v2\/product"}],"about":[{"href":"https:\/\/www.vinquotidien.com\/fr\/wp-json\/wp\/v2\/types\/product"}],"replies":[{"embeddable":true,"href":"https:\/\/www.vinquotidien.com\/fr\/wp-json\/wp\/v2\/comments?post=4151"}],"wp:featuredmedia":[{"embeddable":true,"href":"https:\/\/www.vinquotidien.com\/fr\/wp-json\/wp\/v2\/media\/5113"}],"wp:attachment":[{"href":"https:\/\/www.vinquotidien.com\/fr\/wp-json\/wp\/v2\/media?parent=4151"}],"wp:term":[{"taxonomy":"product_brand","embeddable":true,"href":"https:\/\/www.vinquotidien.com\/fr\/wp-json\/wp\/v2\/product_brand?post=4151"},{"taxonomy":"product_cat","embeddable":true,"href":"https:\/\/www.vinquotidien.com\/fr\/wp-json\/wp\/v2\/product_cat?post=4151"},{"taxonomy":"product_tag","embeddable":true,"href":"https:\/\/www.vinquotidien.com\/fr\/wp-json\/wp\/v2\/product_tag?post=4151"}],"curies":[{"name":"wp","href":"https:\/\/api.w.org\/{rel}","templated":true}]}}