{"id":4562,"date":"2022-02-01T10:33:01","date_gmt":"2022-02-01T09:33:01","guid":{"rendered":"https:\/\/www.vinquotidien.com\/?post_type=product&#038;p=4562"},"modified":"2025-12-20T12:55:24","modified_gmt":"2025-12-20T11:55:24","slug":"clair-de-lune-domaine-du-chene","status":"publish","type":"product","link":"https:\/\/www.vinquotidien.com\/fr\/produit\/clair-de-lune-domaine-du-chene\/","title":{"rendered":"Clair de Lune 2024 &#8211; Domaine du Ch\u00eane"},"content":{"rendered":"<p><strong>Vigneron : <\/strong><br \/>\nDomaine du Ch\u00eane<\/p>\n<p><strong>Appellation : <\/strong><br \/>\nC\u00e9vennes<\/p>\n<p><strong>R\u00e9gion :<\/strong><br \/>\nLanguedoc-Roussillon<\/p>\n<p><strong>Et le vin\u2026<\/strong><br \/>\nC\u00e9pages: 100% Chardonnay<br \/>\nTerroir : Sols profonds, pauvres de type calcaire et faible en argile en coteaux<br \/>\nLes raisins sont ramass\u00e9s juste avant l&rsquo;aube pour une meilleure fra\u00eecheur des baies<br \/>\nIls sont ensuite \u00e9grapp\u00e9s. Les jus sont mis en cuves apr\u00e8s un passage \u00e0 froid<br \/>\nLa fermentation se fait dans une cuve temp\u00e9r\u00e9e<br \/>\nL&rsquo;agitation des mo\u00fbts se pratique tout le long de la fermentation sur une dur\u00e9e moyenne de<br \/>\n27 jours<\/p>\n<p><strong>Et dans le verre\u2026<\/strong><br \/>\nRobe jaune p\u00e2le, reflet or<br \/>\nNez fin et d\u00e9licat aux parfums d&rsquo;acacia et de miel<br \/>\nBouche ample, ses ar\u00f4mes de pain d&rsquo;\u00e9pices et de fleurs blanches s&rsquo;\u00e9panouissent en finale<br \/>\nBelle expression de fruits frais compl\u00e9t\u00e9e par une bonne persistance<\/p>\n<p><strong>Accords Mets &amp; Vins : <\/strong><br \/>\nAp\u00e9ritif, Cabillaud r\u00f4ti ou autres poissons au four<\/p>\n","protected":false},"excerpt":{"rendered":"<p><strong>Vigneron : <\/strong><br \/>\nDomaine du Ch\u00eane<\/p>\n<p><strong>Appellation : <\/strong><br \/>\nC\u00e9vennes<\/p>\n<p><strong>R\u00e9gion :<\/strong><br \/>\nLanguedoc-Roussillon<\/p>\n","protected":false},"featured_media":5127,"comment_status":"open","ping_status":"closed","template":"","meta":[],"product_brand":[],"product_cat":[26],"product_tag":[],"class_list":{"0":"post-4562","1":"product","2":"type-product","3":"status-publish","4":"has-post-thumbnail","6":"product_cat-vin-blanc","8":"first","9":"instock","10":"taxable","11":"shipping-taxable","12":"purchasable","13":"product-type-simple"},"group_of_quantity":6,"min_quantity":0,"max_quantity":"","exclude_order_quantity_value_rules":"no","exclude_category_quantity_rules":"no","combine_variations":"no","_links":{"self":[{"href":"https:\/\/www.vinquotidien.com\/fr\/wp-json\/wp\/v2\/product\/4562","targetHints":{"allow":["GET"]}}],"collection":[{"href":"https:\/\/www.vinquotidien.com\/fr\/wp-json\/wp\/v2\/product"}],"about":[{"href":"https:\/\/www.vinquotidien.com\/fr\/wp-json\/wp\/v2\/types\/product"}],"replies":[{"embeddable":true,"href":"https:\/\/www.vinquotidien.com\/fr\/wp-json\/wp\/v2\/comments?post=4562"}],"wp:featuredmedia":[{"embeddable":true,"href":"https:\/\/www.vinquotidien.com\/fr\/wp-json\/wp\/v2\/media\/5127"}],"wp:attachment":[{"href":"https:\/\/www.vinquotidien.com\/fr\/wp-json\/wp\/v2\/media?parent=4562"}],"wp:term":[{"taxonomy":"product_brand","embeddable":true,"href":"https:\/\/www.vinquotidien.com\/fr\/wp-json\/wp\/v2\/product_brand?post=4562"},{"taxonomy":"product_cat","embeddable":true,"href":"https:\/\/www.vinquotidien.com\/fr\/wp-json\/wp\/v2\/product_cat?post=4562"},{"taxonomy":"product_tag","embeddable":true,"href":"https:\/\/www.vinquotidien.com\/fr\/wp-json\/wp\/v2\/product_tag?post=4562"}],"curies":[{"name":"wp","href":"https:\/\/api.w.org\/{rel}","templated":true}]}}